{"id":128550,"date":"2024-02-06T00:00:00","date_gmt":"2024-02-06T05:00:00","guid":{"rendered":"https:\/\/gpl-love.com\/es\/producto\/translogic-logistics-y-shipment-transportation-theme\/"},"modified":"2026-04-10T11:29:02","modified_gmt":"2026-04-10T16:29:02","slug":"translogic-logistics-y-shipment-transportation-theme","status":"publish","type":"product","link":"https:\/\/gpl-love.com\/es\/producto\/translogic-logistics-y-shipment-transportation-theme\/","title":{"rendered":"Translogic Logistics y Shipment Transportation Theme 1.2.7"},"content":{"rendered":"<h3>Translogic Logistics y Shipment Transportation Theme Caracteristicas<\/h3>\n<p>El tema de la log\u00edstica transl\u00f3gica y el transporte de env\u00edo proporciona una soluci\u00f3n integral e integral para las empresas que operan en la industria de la log\u00edstica y el env\u00edo. Este tema cuenta con una interfaz muy f\u00e1cil de usar, facilitando la navegaci\u00f3n sin esfuerzo y la gesti\u00f3n perfecta de los pedidos de env\u00edo, as\u00ed como las operaciones de log\u00edstica. Al aprovechar el poder de este tema, las empresas pueden optimizar efectivamente sus procesos log\u00edsticos, eliminando as\u00ed las complejidades innecesarias y las operaciones aceleradas. Adem\u00e1s, el tema ofrece capacidades de automatizaci\u00f3n invaluables, que abarca tareas cruciales como el seguimiento y el monitoreo de env\u00edos, elevando los niveles de eficiencia a alturas sin precedentes. Adem\u00e1s, este tema va m\u00e1s all\u00e1 al facilitar las actualizaciones en tiempo real sobre los env\u00edos, capacitar a las empresas para brindar un servicio y satisfacci\u00f3n al cliente incomparables. Adem\u00e1s, las caracter\u00edsticas de personalizaci\u00f3n integradas dentro del tema permiten a las empresas adaptar sus operaciones de transporte y log\u00edstica de acuerdo con sus requisitos distintivos e individuales. En esencia, el tema de la log\u00edstica transl\u00f3gica y el transporte de env\u00edo surge como una opci\u00f3n ejemplar e inigualable para las empresas que buscan optimizar su log\u00edstica y las operaciones de env\u00edo, impuls\u00e1ndolas hacia el \u00e9xito y el crecimiento incomparables.<\/p>\n<ul>\n<li>Tema personalizado espec\u00edficamente para empresas en log\u00edstica y transporte<\/li>\n<li>Dise\u00f1o profesional y elegante con navegaci\u00f3n f\u00e1cil<\/li>\n<li>Totalmente receptivo para garantizar la compatibilidad y la funcionalidad en todos los dispositivos<\/li>\n<li>Integraci\u00f3n incorporada con servicios populares de env\u00edo y seguimiento<\/li>\n<li>Opciones de dise\u00f1o m\u00faltiples para mostrar la mejor informaci\u00f3n y servicios de la empresa<\/li>\n<li>Opciones avanzadas de b\u00fasqueda y filtro para una experiencia de usuario perfecta<\/li>\n<li>Integraci\u00f3n perfecta con varias pasarelas de pago para transacciones f\u00e1ciles en l\u00ednea<\/li>\n<li>Equipo de soporte dedicado y actualizaciones regulares para garantizar un rendimiento \u00f3ptimo<\/li>\n<li>Optimizado para la optimizaci\u00f3n de motores de b\u00fasqueda (SEO) para aumentar la visibilidad en l\u00ednea y atraer m\u00e1s clientes<\/li>\n<li>Soporte de varios idiomas para atender a una audiencia global.<\/li>\n<\/ul>\n","protected":false},"excerpt":{"rendered":"<p>Eleve la presencia en l\u00ednea de su sitio web de log\u00edstica y transporte de env\u00edo mediante la implementaci\u00f3n del tema transl\u00f3gico, un tema meticulosamente dise\u00f1ado y visualmente atractivo. Este tema de vanguardia no solo mejora el atractivo est\u00e9tico de su sitio web, sino que tambi\u00e9n cuenta con una gran cantidad de caracter\u00edsticas avanzadas, incluido un dise\u00f1o receptivo que garantiza una adaptabilidad perfecta en todos los dispositivos, opciones de personalizaci\u00f3n sin esfuerzo para adaptar su sitio web a sus necesidades espec\u00edficas e integraci\u00f3n perfecta. Capacidades con complementos populares, garantizando as\u00ed una experiencia de usuario sin problemas. En esencia, Translogic emerge como la respuesta inequ\u00edvoca para las empresas que anhelan dejar una impresi\u00f3n duradera en su estimada clientela y mejorar efectivamente su visibilidad en l\u00ednea.<\/p>\n","protected":false},"featured_media":167847,"comment_status":"open","ping_status":"open","template":"","meta":[],"product_brand":[2337],"product_cat":[1307,1237,1238],"product_tag":[1391],"class_list":{"0":"post-128550","1":"product","2":"type-product","3":"status-publish","4":"has-post-thumbnail","6":"product_brand-themeforest","7":"product_cat-negocio-wordpress-temas","8":"product_cat-temas","9":"product_cat-wordpress-temas","10":"product_tag-themeforest","11":"member-discount","12":"discount-restricted","14":"first","15":"instock","16":"sale","17":"downloadable","18":"virtual","19":"sold-individually","20":"purchasable","21":"product-type-simple"},"_links":{"self":[{"href":"https:\/\/gpl-love.com\/es\/wp-json\/wp\/v2\/product\/128550","targetHints":{"allow":["GET"]}}],"collection":[{"href":"https:\/\/gpl-love.com\/es\/wp-json\/wp\/v2\/product"}],"about":[{"href":"https:\/\/gpl-love.com\/es\/wp-json\/wp\/v2\/types\/product"}],"replies":[{"embeddable":true,"href":"https:\/\/gpl-love.com\/es\/wp-json\/wp\/v2\/comments?post=128550"}],"wp:featuredmedia":[{"embeddable":true,"href":"https:\/\/gpl-love.com\/es\/wp-json\/wp\/v2\/media\/167847"}],"wp:attachment":[{"href":"https:\/\/gpl-love.com\/es\/wp-json\/wp\/v2\/media?parent=128550"}],"wp:term":[{"taxonomy":"product_brand","embeddable":true,"href":"https:\/\/gpl-love.com\/es\/wp-json\/wp\/v2\/product_brand?post=128550"},{"taxonomy":"product_cat","embeddable":true,"href":"https:\/\/gpl-love.com\/es\/wp-json\/wp\/v2\/product_cat?post=128550"},{"taxonomy":"product_tag","embeddable":true,"href":"https:\/\/gpl-love.com\/es\/wp-json\/wp\/v2\/product_tag?post=128550"}],"curies":[{"name":"wp","href":"https:\/\/api.w.org\/{rel}","templated":true}]}}