{"id":128457,"date":"2022-06-30T00:00:00","date_gmt":"2022-06-30T05:00:00","guid":{"rendered":"https:\/\/gpl-love.com\/es\/producto\/wpzoom-prime-news\/"},"modified":"2026-03-13T17:33:34","modified_gmt":"2026-03-13T22:33:34","slug":"wpzoom-prime-news","status":"publish","type":"product","link":"https:\/\/gpl-love.com\/es\/producto\/wpzoom-prime-news\/","title":{"rendered":"WPZoom Prime News 1.0.10"},"content":{"rendered":"<h3>WPZoom Prime News Caracteristicas<\/h3>\n<p>WPZoom Prime News es un tema de WordPress altamente sofisticado que se ha desarrollado espec\u00edficamente para satisfacer las intrincadas demandas de sitios web de noticias y medios profesionales. Con un dise\u00f1o pr\u00edstino y contempor\u00e1neo, este tema proporciona a los usuarios una interfaz intuitiva que garantiza una navegaci\u00f3n perfecta para los lectores \u00e1vidos. Adem\u00e1s de su est\u00e9tica excepcional, WPZoom Prime News cuenta con una gran cantidad de dise\u00f1os de p\u00e1gina de inicio, widgets personalizables y una amplia gama de opciones de dise\u00f1o que le permiten crear un sitio sin esfuerzo en t\u00e9rminos de su aspecto y ambiente. Adem\u00e1s, WPZoom Prime News cuenta con un dise\u00f1o receptivo que se adapta perfectamente a varios tama\u00f1os de pantalla, asegurando as\u00ed que su contenido cautivador se muestre sin problemas en todos los dispositivos. Con sus capacidades y caracter\u00edsticas inigualables, WPZoom Prime News emerge sin duda como la soluci\u00f3n por excelencia para todos los requisitos de sus noticias y medios de comunicaci\u00f3n.<\/p>\n<ul>\n<li>Tema del sitio web de noticias elegante y moderna<\/li>\n<li>El dise\u00f1o totalmente receptivo garantiza una visualizaci\u00f3n perfecta en varios dispositivos<\/li>\n<li>Secci\u00f3n de publicaciones destacadas Destacados Noticias importantes<\/li>\n<li>P\u00e1gina de inicio personalizable con varias \u00e1reas de widgets<\/li>\n<li>M\u00faltiples dise\u00f1os postales disponibles para diferentes tipos de contenido<\/li>\n<li>Panel de opciones de temas f\u00e1ciles de usar para la personalizaci\u00f3n<\/li>\n<li>SEO listo para una mejor visibilidad del motor de b\u00fasqueda<\/li>\n<li>Botones integrados de intercambio de redes sociales para un mayor compromiso<\/li>\n<li>Traducci\u00f3n lista para audiencias globales<\/li>\n<li>Excelente atenci\u00f3n al cliente del equipo de WPZoom.<\/li>\n<\/ul>\n","protected":false},"excerpt":{"rendered":"<p>WPZoom Prime News es una herramienta de vanguardia y revolucionaria que proporciona a su sitio web contenido de noticias de primer nivel. Con un dise\u00f1o sofisticado y contempor\u00e1neo, este complemento le permite exhibir art\u00edculos de noticias, publicaciones y multimedia en un formato de experto elaborado y cautivador. La inclusi\u00f3n de sus caracter\u00edsticas robustas de personalizaci\u00f3n le permite ajustar meticulosamente cada elemento de su contenido de noticias, desde el dise\u00f1o general hasta la tipograf\u00eda, asegurando as\u00ed que su sitio web siempre exude una apariencia refinada y actual. Independientemente de si usted es un estimado editor de noticias, un blogger prol\u00edfico o un vendedor de contenido inteligente, WPZoom Prime News indudablemente es un activo indispensable en su arsenal para entregar sin problemas contenido de noticias de la calidad m\u00e1s importante a sus estimados visitantes.<\/p>\n","protected":false},"featured_media":168558,"comment_status":"open","ping_status":"open","template":"","meta":[],"product_brand":[2649],"product_cat":[1245,1237,1238],"product_tag":[2222],"class_list":{"0":"post-128457","1":"product","2":"type-product","3":"status-publish","4":"has-post-thumbnail","6":"product_brand-wp-zoom","7":"product_cat-blog-revista","8":"product_cat-temas","9":"product_cat-wordpress-temas","10":"product_tag-wp-zoom","11":"member-discount","12":"discount-restricted","14":"first","15":"instock","16":"sale","17":"downloadable","18":"virtual","19":"sold-individually","20":"purchasable","21":"product-type-simple"},"_links":{"self":[{"href":"https:\/\/gpl-love.com\/es\/wp-json\/wp\/v2\/product\/128457","targetHints":{"allow":["GET"]}}],"collection":[{"href":"https:\/\/gpl-love.com\/es\/wp-json\/wp\/v2\/product"}],"about":[{"href":"https:\/\/gpl-love.com\/es\/wp-json\/wp\/v2\/types\/product"}],"replies":[{"embeddable":true,"href":"https:\/\/gpl-love.com\/es\/wp-json\/wp\/v2\/comments?post=128457"}],"wp:featuredmedia":[{"embeddable":true,"href":"https:\/\/gpl-love.com\/es\/wp-json\/wp\/v2\/media\/168558"}],"wp:attachment":[{"href":"https:\/\/gpl-love.com\/es\/wp-json\/wp\/v2\/media?parent=128457"}],"wp:term":[{"taxonomy":"product_brand","embeddable":true,"href":"https:\/\/gpl-love.com\/es\/wp-json\/wp\/v2\/product_brand?post=128457"},{"taxonomy":"product_cat","embeddable":true,"href":"https:\/\/gpl-love.com\/es\/wp-json\/wp\/v2\/product_cat?post=128457"},{"taxonomy":"product_tag","embeddable":true,"href":"https:\/\/gpl-love.com\/es\/wp-json\/wp\/v2\/product_tag?post=128457"}],"curies":[{"name":"wp","href":"https:\/\/api.w.org\/{rel}","templated":true}]}}