{"id":128455,"date":"2022-06-30T00:00:00","date_gmt":"2022-06-30T05:00:00","guid":{"rendered":"https:\/\/gpl-love.com\/es\/producto\/wpzoom-reel\/"},"modified":"2026-03-13T17:33:35","modified_gmt":"2026-03-13T22:33:35","slug":"wpzoom-reel","status":"publish","type":"product","link":"https:\/\/gpl-love.com\/es\/producto\/wpzoom-reel\/","title":{"rendered":"WPZoom Reel 3.0.8"},"content":{"rendered":"<h3>WPZoom Reel Caracteristicas<\/h3>\n<p>WPZOOM Reel es un tema de WordPress extremadamente robusto y altamente adaptable, dise\u00f1ado exclusivamente para satisfacer las necesidades de los bloggers y cineastas. Con un dise\u00f1o elegante y contempor\u00e1neo, WPZoom reel sin esfuerzo le permite exhibir sus videos con un aire de refinamiento y profesionalismo. Este tema excepcional abarca una gran cantidad de caracter\u00edsticas personalizables, como una variedad de dise\u00f1os de la p\u00e1gina de inicio, configuraciones de reproductores de video personalizados y un deslizador de video impresionante, brind\u00e1ndole la oportunidad de resaltar sus videos m\u00e1s recientes de manera cautivadora. Adem\u00e1s, WPZoom Reel est\u00e1 equipado con soporte inherente para contenido de video derivado de plataformas de renombre como YouTube y Vimeo, adem\u00e1s de una integraci\u00f3n perfecta con estimados servicios de suscripci\u00f3n de video como Wistia y Vimeo Pro. Independientemente de si usted es un camar\u00f3grafo experimentado o un blogger casual, WPZoom Reel se erige indudablemente como la opci\u00f3n de pin\u00e1culo para dise\u00f1ar un sitio de video extraordinario que seguramente se distingue en medio de la competencia.<\/p>\n<ul>\n<li>WPZoom Reel es un complemento de WordPress dise\u00f1ado para crear galer\u00edas de video hermosas y receptivas en su sitio web.<\/li>\n<li>Con WPZoom Reel, puede agregar f\u00e1cilmente videos de varias fuentes, incluidos YouTube, Vimeo y videos autohostados.<\/li>\n<li>El complemento ofrece varias opciones de visualizaci\u00f3n, incluidas la cuadr\u00edcula, la lista y los dise\u00f1os de mamposter\u00eda, lo que le permite mostrar sus videos de una manera que se adapte al dise\u00f1o de su sitio web.<\/li>\n<li>WPZoom Reel incluye un poderoso editor de arrastrar y soltar que le permite personalizar el dise\u00f1o de su galer\u00eda de video sin esfuerzo. Puede cambiar los colores, las fuentes y los estilos para que coincidan con sus preferencias de marca y dise\u00f1o.<\/li>\n<li>El complemento es totalmente receptivo, lo que significa que su galer\u00eda de video se ver\u00e1 muy bien en cualquier dispositivo, desde escritorios hasta tel\u00e9fonos m\u00f3viles.<\/li>\n<li>WPZoom Reel est\u00e1 optimizado para el rendimiento y la velocidad, lo que garantiza tiempos de carga r\u00e1pidas para sus videos y galer\u00edas.<\/li>\n<li>El complemento tambi\u00e9n es amigable con SEO, lo que le permite optimizar su contenido de video para los motores de b\u00fasqueda y conducir m\u00e1s tr\u00e1fico a su sitio web.<\/li>\n<li>Con WPZoom Reel, puede agregar m\u00faltiples galer\u00edas de video a su sitio web, cada una con su configuraci\u00f3n, estilos y videos.<\/li>\n<li>El complemento es compatible con la \u00faltima versi\u00f3n de WordPress y admite todos los principales navegadores web, asegurando una experiencia perfecta para los visitantes de su sitio web.<\/li>\n<\/ul>\n","protected":false},"excerpt":{"rendered":"<p>El carrete WPZoom, un complemento incre\u00edblemente vers\u00e1til y de vanguardia adaptado espec\u00edficamente para WordPress, le otorga la capacidad de exhibir su contenido de medios de una manera visualmente impresionante y cautivadora. Independientemente de si tiene como objetivo exhibir su impresionante cartera de fotograf\u00eda, difundir sus atractivos videos o acentuar sus publicaciones de blog m\u00e1s recientes, el carrete de WPZoom est\u00e1 equipado con una variedad de caracter\u00edsticas est\u00e9ticamente agradables y personalizables que le permiten presentar su contenido sin flawlesly. Al ofrecer una gran cantidad de posibilidades en t\u00e9rminos de dise\u00f1o, dise\u00f1o y capacidades de intercambio social, este complemento facilita sin esfuerzo la creaci\u00f3n de una existencia en l\u00ednea din\u00e1mica e interactiva que seguramente atrapar\u00e1 la atenci\u00f3n de su p\u00fablico objetivo. Independientemente de si se identifica como un profesional consumado dentro del \u00e1mbito de la fotograf\u00eda, un blogger estimado o un emprendedor creativo visionario, el carrete de wpzoom indudablemente es una herramienta esencial que simplemente no puede pasar por alto por cualquier persona que aspira a mejorar su presencia en l\u00ednea.<\/p>\n","protected":false},"featured_media":168559,"comment_status":"open","ping_status":"open","template":"","meta":[],"product_brand":[2649],"product_cat":[1267,1237,1238],"product_tag":[2222],"class_list":{"0":"post-128455","1":"product","2":"type-product","3":"status-publish","4":"has-post-thumbnail","6":"product_brand-wp-zoom","7":"product_cat-creativo","8":"product_cat-temas","9":"product_cat-wordpress-temas","10":"product_tag-wp-zoom","11":"member-discount","12":"discount-restricted","14":"first","15":"instock","16":"sale","17":"downloadable","18":"virtual","19":"sold-individually","20":"purchasable","21":"product-type-simple"},"_links":{"self":[{"href":"https:\/\/gpl-love.com\/es\/wp-json\/wp\/v2\/product\/128455","targetHints":{"allow":["GET"]}}],"collection":[{"href":"https:\/\/gpl-love.com\/es\/wp-json\/wp\/v2\/product"}],"about":[{"href":"https:\/\/gpl-love.com\/es\/wp-json\/wp\/v2\/types\/product"}],"replies":[{"embeddable":true,"href":"https:\/\/gpl-love.com\/es\/wp-json\/wp\/v2\/comments?post=128455"}],"wp:featuredmedia":[{"embeddable":true,"href":"https:\/\/gpl-love.com\/es\/wp-json\/wp\/v2\/media\/168559"}],"wp:attachment":[{"href":"https:\/\/gpl-love.com\/es\/wp-json\/wp\/v2\/media?parent=128455"}],"wp:term":[{"taxonomy":"product_brand","embeddable":true,"href":"https:\/\/gpl-love.com\/es\/wp-json\/wp\/v2\/product_brand?post=128455"},{"taxonomy":"product_cat","embeddable":true,"href":"https:\/\/gpl-love.com\/es\/wp-json\/wp\/v2\/product_cat?post=128455"},{"taxonomy":"product_tag","embeddable":true,"href":"https:\/\/gpl-love.com\/es\/wp-json\/wp\/v2\/product_tag?post=128455"}],"curies":[{"name":"wp","href":"https:\/\/api.w.org\/{rel}","templated":true}]}}