{"id":128453,"date":"2022-08-25T00:00:00","date_gmt":"2022-08-25T05:00:00","guid":{"rendered":"https:\/\/gpl-love.com\/es\/producto\/wpzoom-indigo\/"},"modified":"2026-03-13T17:33:30","modified_gmt":"2026-03-13T22:33:30","slug":"wpzoom-indigo","status":"publish","type":"product","link":"https:\/\/gpl-love.com\/es\/producto\/wpzoom-indigo\/","title":{"rendered":"WPZoom Indigo 1.0.17"},"content":{"rendered":"<h3>WPZoom Indigo Caracteristicas<\/h3>\n<p>WPZoom Indigo es un tema de WordPress altamente sofisticado y contempor\u00e1neo exclusivamente seleccionado para satisfacer las necesidades de bloggers y profesionales creativos por igual. Con su est\u00e9tica elegante y refinada, este tema permite sin esfuerzo su valioso contenido capturar el centro de atenci\u00f3n, asegurando un sitio web visualmente cautivador y f\u00e1cilmente navegable. La amplia gama de opciones personalizables ofrecidas por este tema incluye una multitud de alternativas de dise\u00f1o, diversos formatos de publicaci\u00f3n y una variedad de esquemas de color cautivadores. Adem\u00e1s, su notable dise\u00f1o receptivo garantiza un atractivo visual impecable en cualquier dispositivo, adapt\u00e1ndose perfectamente a diferentes tama\u00f1os de pantalla. Adem\u00e1s, la optimizaci\u00f3n de SEO incorporada mejora a\u00fan m\u00e1s la visibilidad de su sitio web, mejorando significativamente la clasificaci\u00f3n de sus motores de b\u00fasqueda. Adem\u00e1s, Wpzoom Indigo cuenta con una gran cantidad de widgets y complementos invaluables, lo que lo convierte en una opci\u00f3n incre\u00edblemente vers\u00e1til y f\u00e1cil de usar para las personas que buscan establecer una presencia en l\u00ednea notable y atractiva.<\/p>\n<ul>\n<li>Tema de WordPress de alta calidad dise\u00f1ado con un aspecto moderno y elegante<\/li>\n<li>Opciones personalizables para dise\u00f1o, colores y fuentes para adaptarse a su marca<\/li>\n<li>Dise\u00f1o receptivo para una visualizaci\u00f3n \u00f3ptima en cualquier dispositivo, como escritorio, tableta y m\u00f3vil<\/li>\n<li>Builder de p\u00e1gina de arrastrar y soltar f\u00e1ciles de usar para crear dise\u00f1os \u00fanicos sin codificar<\/li>\n<li>Integraci\u00f3n con complementos populares como WooCommerce y WPForms para una funcionalidad adicional<\/li>\n<li>C\u00f3digo limpio y optimizado para tiempos de carga de p\u00e1ginas m\u00e1s r\u00e1pidos y clasificaciones de SEO mejoradas<\/li>\n<li>Equipo de soporte dedicado disponible para cualquier pregunta o asistencia t\u00e9cnica<\/li>\n<li>Actualizaciones y mejoras regulares para garantizar la compatibilidad con el \u00faltimo software y tendencias de WordPress<\/li>\n<\/ul>\n","protected":false},"excerpt":{"rendered":"<p>WPZoom Indigo es un tema ejemplar de WordPress que exuda un aura contempor\u00e1nea y pulida, lo que lo convierte en una opci\u00f3n ideal para las personas que buscan establecer un blog o cartera notable. El dise\u00f1o simplista pero sofisticado del tema, junto con su gran cantidad de caracter\u00edsticas personalizables, facilita sin esfuerzo la creaci\u00f3n de un sitio web \u00fanico y personalizado que seguramente cautivar\u00e1. Adem\u00e1s, su dise\u00f1o receptivo y su panel de administraci\u00f3n f\u00e1cil de usar contribuyen a una experiencia sin problemas tanto para el usuario como para el propietario por igual. Con un compromiso inquebrantable para optimizar la experiencia del usuario, Wpzoom Indigo califica sin lugar a dudas como un activo indispensable para cualquier propietario del sitio web que se esfuerce por elevar su presencia en l\u00ednea a nuevas alturas.<\/p>\n","protected":false},"featured_media":168554,"comment_status":"open","ping_status":"open","template":"","meta":[],"product_brand":[2649],"product_cat":[1245,1237,1238],"product_tag":[2222],"class_list":{"0":"post-128453","1":"product","2":"type-product","3":"status-publish","4":"has-post-thumbnail","6":"product_brand-wp-zoom","7":"product_cat-blog-revista","8":"product_cat-temas","9":"product_cat-wordpress-temas","10":"product_tag-wp-zoom","11":"member-discount","12":"discount-restricted","14":"first","15":"instock","16":"sale","17":"downloadable","18":"virtual","19":"sold-individually","20":"purchasable","21":"product-type-simple"},"_links":{"self":[{"href":"https:\/\/gpl-love.com\/es\/wp-json\/wp\/v2\/product\/128453","targetHints":{"allow":["GET"]}}],"collection":[{"href":"https:\/\/gpl-love.com\/es\/wp-json\/wp\/v2\/product"}],"about":[{"href":"https:\/\/gpl-love.com\/es\/wp-json\/wp\/v2\/types\/product"}],"replies":[{"embeddable":true,"href":"https:\/\/gpl-love.com\/es\/wp-json\/wp\/v2\/comments?post=128453"}],"wp:featuredmedia":[{"embeddable":true,"href":"https:\/\/gpl-love.com\/es\/wp-json\/wp\/v2\/media\/168554"}],"wp:attachment":[{"href":"https:\/\/gpl-love.com\/es\/wp-json\/wp\/v2\/media?parent=128453"}],"wp:term":[{"taxonomy":"product_brand","embeddable":true,"href":"https:\/\/gpl-love.com\/es\/wp-json\/wp\/v2\/product_brand?post=128453"},{"taxonomy":"product_cat","embeddable":true,"href":"https:\/\/gpl-love.com\/es\/wp-json\/wp\/v2\/product_cat?post=128453"},{"taxonomy":"product_tag","embeddable":true,"href":"https:\/\/gpl-love.com\/es\/wp-json\/wp\/v2\/product_tag?post=128453"}],"curies":[{"name":"wp","href":"https:\/\/api.w.org\/{rel}","templated":true}]}}