{"id":128451,"date":"2025-03-07T00:00:00","date_gmt":"2025-03-07T05:00:00","guid":{"rendered":"https:\/\/gpl-love.com\/es\/producto\/wpzoom-inspiro\/"},"modified":"2026-03-13T17:33:31","modified_gmt":"2026-03-13T22:33:31","slug":"wpzoom-inspiro","status":"publish","type":"product","link":"https:\/\/gpl-love.com\/es\/producto\/wpzoom-inspiro\/","title":{"rendered":"WPZoom Inspiro 7.2.7"},"content":{"rendered":"<h3>WPZoom Inspiro Caracteristicas<\/h3>\n<p>WPZOOM Inspiro es un tema de WordPress premium ejemplar que ha sido meticulosamente elaborado para ofrecer una interfaz impecable e integrada perfectamente para su estimado sitio web. Con un dise\u00f1o de vanguardia y sofisticado, junto con una variedad de caracter\u00edsticas robustas e influyentes, este tema es excepcionalmente adecuado para la creaci\u00f3n de carteras impresionantes, blogs cautivadores o incluso sitios web corporativos din\u00e1micos. Adem\u00e1s, la naturaleza totalmente receptiva de este tema garantiza que su sitio web exude la magnificencia y permanezca visualmente atractiva en todos los dispositivos concebibles. Adem\u00e1s, la inclusi\u00f3n de widgets personalizables y una multitud de opciones de dise\u00f1o lo capacitan para dise\u00f1ar un sitio web que sea verdaderamente \u00fanico y exuda un aire de individualidad en medio de un mar de plataformas en l\u00ednea mundanas. Adem\u00e1s, la integraci\u00f3n de las capacidades de las redes sociales, junto con la optimizaci\u00f3n perfecta de la clasificaci\u00f3n de los motores de b\u00fasqueda, hace que WPZoom inspire la elecci\u00f3n por excelencia para discernir a las personas que buscan forjar una presencia profesional y cautivadora en l\u00ednea.<\/p>\n<ul>\n<li>Tema premium de WordPress dise\u00f1ado con fot\u00f3grafos y creativos en mente<\/li>\n<li>Presenta un dise\u00f1o totalmente receptivo, optimizado para ver los dispositivos m\u00f3viles<\/li>\n<li>Incluye una gama de p\u00e1ginas y plantillas preconstruidas, perfecta para exhibir su fotograf\u00eda o obra de arte<\/li>\n<li>La galer\u00eda incorporada, el control deslizante y el soporte de video le permiten compartir f\u00e1cilmente sus im\u00e1genes con su audiencia<\/li>\n<li>Esquemas de color y fuentes personalizables, para que pueda adaptar el tema para que coincida con la est\u00e9tica de su marca<\/li>\n<li>Viene con integraci\u00f3n de redes sociales incorporadas, lo que permite un intercambio f\u00e1cil de su contenido en varias plataformas<\/li>\n<li>La integraci\u00f3n de WooCommerce le permite vender f\u00e1cilmente sus productos o servicios en l\u00ednea<\/li>\n<li>SEO optimizado, ayudando a aumentar la visibilidad y la clasificaci\u00f3n de su sitio web en los motores de b\u00fasqueda<\/li>\n<li>Incluye una gama de caracter\u00edsticas avanzadas, como tipos de publicaciones personalizadas, men\u00fas de navegaci\u00f3n m\u00faltiples y widgets personalizables<\/li>\n<li>Actualizado y mantenido regularmente para garantizar la compatibilidad con las \u00faltimas versiones y complementos de WordPress.<\/li>\n<\/ul>\n","protected":false},"excerpt":{"rendered":"<p>WPZoom Inspiro es un tema de WordPress exquisitamente dise\u00f1ado y contempor\u00e1neo, que es absolutamente ideal para mostrar su cartera, blog o sitio web corporativo imaginativos. Poseer un dise\u00f1o impecable y receptivo, Wpzoom Inspiro acent\u00faa su contenido, lo que lo hace sin esfuerzo navegable y cautivador para los visitantes. Para mejorar a\u00fan m\u00e1s su experiencia, tiene la capacidad de adaptar el tema para que coincida con sus preferencias de marca y dise\u00f1o, ya que ofrece una gran cantidad de opciones, incluidos varios esquemas de color, fuentes y opciones de dise\u00f1o. Adem\u00e1s, el tema abarca una variedad de caracter\u00edsticas incorporadas, como una p\u00e1gina de inicio personalizable, p\u00e1gina de cartera, p\u00e1gina de blogs y otras, asegurando que la creaci\u00f3n de un sitio web competente y operativo exige un esfuerzo m\u00ednimo.<\/p>\n","protected":false},"featured_media":168555,"comment_status":"open","ping_status":"open","template":"","meta":[],"product_brand":[2649],"product_cat":[1267,1237,1238],"product_tag":[2222],"class_list":{"0":"post-128451","1":"product","2":"type-product","3":"status-publish","4":"has-post-thumbnail","6":"product_brand-wp-zoom","7":"product_cat-creativo","8":"product_cat-temas","9":"product_cat-wordpress-temas","10":"product_tag-wp-zoom","11":"member-discount","12":"discount-restricted","14":"first","15":"instock","16":"sale","17":"downloadable","18":"virtual","19":"sold-individually","20":"purchasable","21":"product-type-simple"},"_links":{"self":[{"href":"https:\/\/gpl-love.com\/es\/wp-json\/wp\/v2\/product\/128451","targetHints":{"allow":["GET"]}}],"collection":[{"href":"https:\/\/gpl-love.com\/es\/wp-json\/wp\/v2\/product"}],"about":[{"href":"https:\/\/gpl-love.com\/es\/wp-json\/wp\/v2\/types\/product"}],"replies":[{"embeddable":true,"href":"https:\/\/gpl-love.com\/es\/wp-json\/wp\/v2\/comments?post=128451"}],"wp:featuredmedia":[{"embeddable":true,"href":"https:\/\/gpl-love.com\/es\/wp-json\/wp\/v2\/media\/168555"}],"wp:attachment":[{"href":"https:\/\/gpl-love.com\/es\/wp-json\/wp\/v2\/media?parent=128451"}],"wp:term":[{"taxonomy":"product_brand","embeddable":true,"href":"https:\/\/gpl-love.com\/es\/wp-json\/wp\/v2\/product_brand?post=128451"},{"taxonomy":"product_cat","embeddable":true,"href":"https:\/\/gpl-love.com\/es\/wp-json\/wp\/v2\/product_cat?post=128451"},{"taxonomy":"product_tag","embeddable":true,"href":"https:\/\/gpl-love.com\/es\/wp-json\/wp\/v2\/product_tag?post=128451"}],"curies":[{"name":"wp","href":"https:\/\/api.w.org\/{rel}","templated":true}]}}