{"id":128449,"date":"2022-08-16T00:00:00","date_gmt":"2022-08-16T05:00:00","guid":{"rendered":"https:\/\/gpl-love.com\/es\/producto\/wpzoom-foodica\/"},"modified":"2026-03-13T17:33:29","modified_gmt":"2026-03-13T22:33:29","slug":"wpzoom-foodica","status":"publish","type":"product","link":"https:\/\/gpl-love.com\/es\/producto\/wpzoom-foodica\/","title":{"rendered":"WPZoom Foodica 4.0.0"},"content":{"rendered":"<h3>WPZoom Foodica Caracteristicas<\/h3>\n<p>WPZoom Foodica es un tema de WordPress sofisticado y sofisticado que ha sido dise\u00f1ado espec\u00edficamente para personas en la industria de blogs de alimentos, restaurantes y otros negocios centrados en la comida. Con su dise\u00f1o visualmente impresionante y contempor\u00e1neo, Foodica es una plataforma impecable para presentar efectivamente su deliciosa fotograf\u00eda de alimentos y recetas tentadoras de una manera organizada y est\u00e9ticamente agradable. Este tema excepcional est\u00e1 equipado con una herramienta de constructor de recetas incre\u00edblemente robusta, que le ofrece la mayor comodidad de construir y mostrar sin esfuerzo sus recetas \u00fanicas, completa con todos los detalles necesarios, como ingredientes, pasos de preparaci\u00f3n y duraci\u00f3n de la cocina. Adem\u00e1s, Foodica tambi\u00e9n proporciona una variedad de opciones de dise\u00f1o, configuraciones de personalizaci\u00f3n y \u00e1reas de widgets, lo que le permite personalizar su sitio web para reflejar su estilo individual y crear una presencia en l\u00ednea verdaderamente distintiva. Adem\u00e1s, es importante tener en cuenta que este tema es totalmente receptivo, asegurando que su sitio web se adapte a la perfecci\u00f3n y funcione de manera \u00f3ptima en todos los dispositivos, al tiempo que se optimiza diligentemente para que SEO garantice una mayor visibilidad y una mejor clasificaci\u00f3n de los motores de b\u00fasqueda. En resumen, WPZoom Foodica es una opci\u00f3n excepcional para cualquier persona que busque establecer un sitio web profesional y cautivador centrado en los alimentos.<\/p>\n<ul>\n<li>WPZoom Foodica es un tema de WordPress altamente personalizable dise\u00f1ado espec\u00edficamente para bloggers de alimentos y sitios web de recetas.<\/li>\n<li>El tema presenta un dise\u00f1o limpio y minimalista que coloca su contenido al frente y al centro.<\/li>\n<li>Con opciones para m\u00faltiples dise\u00f1os y widgets personalizados, puede mostrar sus recetas y fotograf\u00eda de alimentos de una manera que se adapte a su marca y estilo.<\/li>\n<li>WPZoom Foodica tambi\u00e9n incluye caracter\u00edsticas incorporadas para la indexaci\u00f3n de recetas, las calificaciones y las revisiones, lo que puede ayudarlo a establecer su autoridad e interactuar con sus lectores.<\/li>\n<li>El tema es totalmente receptivo y optimizado para tiempos de carga r\u00e1pidas, lo que lo convierte en una opci\u00f3n ideal para usuarios m\u00f3viles o para aquellos que navegan en conexiones m\u00e1s lentas.<\/li>\n<li>Con una f\u00e1cil integraci\u00f3n con las plataformas de redes sociales, WPZoom Foodica puede ayudarlo a construir una fuerte presencia en las redes sociales y hacer crecer su audiencia.<\/li>\n<li>Ya sea que reci\u00e9n est\u00e9 comenzando o buscando llevar su blog de alimentos al siguiente nivel, WPZoom Foodica ofrece una soluci\u00f3n f\u00e1cil de usar y funcional para sus necesidades.<\/li>\n<\/ul>\n","protected":false},"excerpt":{"rendered":"<p>Presentando el notable WPZoom Foodica, un tema de WordPress incomparable meticulosamente elaborado para los blogueros de comida exigentes y expertos culinarios exitosos por igual. Esta plantilla impresionante est\u00e1 completamente equipada con una extensa variedad de herramientas indispensables y caracter\u00edsticas de vanguardia que son indispensables para construir un blog o sitio web de alimentos visualmente cautivador, funcionalmente eficiente y profundamente cautivador. A trav\u00e9s de su notable constructor de p\u00e1ginas de arrastrar y soltar, f\u00e1cil de usar, widgets altamente personalizables y un dise\u00f1o notablemente receptivo, Wpzoom Foodica le facilita a la perfecci\u00f3n una experiencia de usuario distintivamente original y perfecta que seguramente cautivar\u00e1 y cautivar\u00e1 a su audiencia estimada. Adem\u00e1s, su est\u00e9tica de dise\u00f1o aerodin\u00e1mica y contempor\u00e1nea mostrar\u00e1 sin esfuerzo sus recetas tentadoras, rese\u00f1as de restaurantes loables y una gu\u00eda culinaria invaluable de una manera exquisitamente visualmente impresionante y encantadora. No pierda tiempo y se embarque en su viaje transformador hoy, mientras forja una presencia en l\u00ednea indeleble por excelencia, \u00a1todo gracias a la excepcional WPZoom Foodica!<\/p>\n","protected":false},"featured_media":168552,"comment_status":"open","ping_status":"open","template":"","meta":[],"product_brand":[2649],"product_cat":[1646,1237,1238],"product_tag":[2222],"class_list":{"0":"post-128449","1":"product","2":"type-product","3":"status-publish","4":"has-post-thumbnail","6":"product_brand-wp-zoom","7":"product_cat-alimentacion-y-restaurante","8":"product_cat-temas","9":"product_cat-wordpress-temas","10":"product_tag-wp-zoom","11":"member-discount","12":"discount-restricted","14":"first","15":"instock","16":"sale","17":"downloadable","18":"virtual","19":"sold-individually","20":"purchasable","21":"product-type-simple"},"_links":{"self":[{"href":"https:\/\/gpl-love.com\/es\/wp-json\/wp\/v2\/product\/128449","targetHints":{"allow":["GET"]}}],"collection":[{"href":"https:\/\/gpl-love.com\/es\/wp-json\/wp\/v2\/product"}],"about":[{"href":"https:\/\/gpl-love.com\/es\/wp-json\/wp\/v2\/types\/product"}],"replies":[{"embeddable":true,"href":"https:\/\/gpl-love.com\/es\/wp-json\/wp\/v2\/comments?post=128449"}],"wp:featuredmedia":[{"embeddable":true,"href":"https:\/\/gpl-love.com\/es\/wp-json\/wp\/v2\/media\/168552"}],"wp:attachment":[{"href":"https:\/\/gpl-love.com\/es\/wp-json\/wp\/v2\/media?parent=128449"}],"wp:term":[{"taxonomy":"product_brand","embeddable":true,"href":"https:\/\/gpl-love.com\/es\/wp-json\/wp\/v2\/product_brand?post=128449"},{"taxonomy":"product_cat","embeddable":true,"href":"https:\/\/gpl-love.com\/es\/wp-json\/wp\/v2\/product_cat?post=128449"},{"taxonomy":"product_tag","embeddable":true,"href":"https:\/\/gpl-love.com\/es\/wp-json\/wp\/v2\/product_tag?post=128449"}],"curies":[{"name":"wp","href":"https:\/\/api.w.org\/{rel}","templated":true}]}}