{"id":128447,"date":"2022-08-15T00:00:00","date_gmt":"2022-08-15T05:00:00","guid":{"rendered":"https:\/\/gpl-love.com\/es\/producto\/wpzoom-compass\/"},"modified":"2026-03-13T17:33:26","modified_gmt":"2026-03-13T22:33:26","slug":"wpzoom-compass","status":"publish","type":"product","link":"https:\/\/gpl-love.com\/es\/producto\/wpzoom-compass\/","title":{"rendered":"WPZoom Compass 1.2.3"},"content":{"rendered":"<h3>WPZoom Compass Caracteristicas<\/h3>\n<p>Wpzoom Compass es un tema de WordPress con una gran cantidad de caracter\u00edsticas poderosas, lo que lo convierte en una opci\u00f3n ideal para blogueros, fot\u00f3grafos y profesionales creativos que desean mostrar su trabajo de una manera elegante y visualmente llamativa. Este tema cuenta con un dise\u00f1o limpio y contempor\u00e1neo, que proporciona a los usuarios dise\u00f1os flexibles y opciones de personalizaci\u00f3n f\u00e1cil de usar que facilitan la creaci\u00f3n de un sitio web distinto y memorable. Wpzoom Compass atiende a una variedad de prop\u00f3sitos, ya sea construyendo una cartera, un blog o una tienda en l\u00ednea, ya que abarca todos los elementos necesarios para comenzar. Desde su intuitivo constructor de p\u00e1ginas de arrastrar y soltar hasta su panel integral de opciones de temas, WPZoom Compass ofrece a los usuarios el m\u00e1ximo control sobre la apariencia y el ambiente general de su sitio. En esencia, si busca un tema de WordPress de primer nivel que combine perfectamente el estilo, la funcionalidad y la facilidad de uso, Wpzoom Compass ciertamente merece su consideraci\u00f3n.<\/p>\n<ul>\n<li>Tema de WordPress de alta calidad dise\u00f1ado para blogueros y propietarios de peque\u00f1as empresas<\/li>\n<li>El dise\u00f1o totalmente receptivo se adapta a cualquier tama\u00f1o de pantalla o dispositivo<\/li>\n<li>Opciones extensas de color y tipograf\u00eda para personalizar la apariencia<\/li>\n<li>Post Slider y varias \u00e1reas de widgets para exhibir contenido<\/li>\n<li>Integraci\u00f3n de redes sociales y formularios de contacto incorporados para una f\u00e1cil comunicaci\u00f3n con los visitantes<\/li>\n<li>Incluye f\u00e1cil proceso de instalaci\u00f3n e interfaz f\u00e1cil de usar para administrar contenido<\/li>\n<li>SEO amigable y optimizado para tiempos de carga de p\u00e1gina r\u00e1pidos<\/li>\n<li>Actualizaciones regulares y soporte dedicado del equipo de WPZoom.<\/li>\n<\/ul>\n","protected":false},"excerpt":{"rendered":"<p>WPZoom Compass es un tema de WordPress extremadamente potente y f\u00e1cil de usar espec\u00edficamente elaborado para ayudar a los bloggers y propietarios de sitios web a establecer una presencia en l\u00ednea absolutamente impresionante. Con un dise\u00f1o incre\u00edblemente elegante y contempor\u00e1neo, un dise\u00f1o intuitivo, as\u00ed como una variedad de opciones de personalizaci\u00f3n vers\u00e1tiles, Wpzoom Compass tiene absolutamente todo lo que uno podr\u00eda necesitar para mostrar efectivamente su contenido e involucrar activamente a sus estimados visitantes. Independientemente de si uno opera un blog de estilo de vida, una revista en l\u00ednea o incluso un sitio web comercial, WPZoom Compass est\u00e1 equipado con una amplia gama de herramientas extremadamente efectivas y caracter\u00edsticas invaluables que est\u00e1n garantizadas para ayudarlos masas. Adem\u00e1s, WPZoom Compass solidifica a\u00fan m\u00e1s su posici\u00f3n como la opci\u00f3n ideal para cualquier persona en busca de un tema de WordPress excepcionalmente profesional y completamente confiable debido a su dise\u00f1o altamente receptivo, calidad de codificaci\u00f3n incomparable y un nivel incomparable de soporte al cliente.<\/p>\n","protected":false},"featured_media":168549,"comment_status":"open","ping_status":"open","template":"","meta":[],"product_brand":[2649],"product_cat":[1245,1237,1238],"product_tag":[2222],"class_list":{"0":"post-128447","1":"product","2":"type-product","3":"status-publish","4":"has-post-thumbnail","6":"product_brand-wp-zoom","7":"product_cat-blog-revista","8":"product_cat-temas","9":"product_cat-wordpress-temas","10":"product_tag-wp-zoom","11":"member-discount","12":"discount-restricted","14":"first","15":"instock","16":"sale","17":"downloadable","18":"virtual","19":"sold-individually","20":"purchasable","21":"product-type-simple"},"_links":{"self":[{"href":"https:\/\/gpl-love.com\/es\/wp-json\/wp\/v2\/product\/128447","targetHints":{"allow":["GET"]}}],"collection":[{"href":"https:\/\/gpl-love.com\/es\/wp-json\/wp\/v2\/product"}],"about":[{"href":"https:\/\/gpl-love.com\/es\/wp-json\/wp\/v2\/types\/product"}],"replies":[{"embeddable":true,"href":"https:\/\/gpl-love.com\/es\/wp-json\/wp\/v2\/comments?post=128447"}],"wp:featuredmedia":[{"embeddable":true,"href":"https:\/\/gpl-love.com\/es\/wp-json\/wp\/v2\/media\/168549"}],"wp:attachment":[{"href":"https:\/\/gpl-love.com\/es\/wp-json\/wp\/v2\/media?parent=128447"}],"wp:term":[{"taxonomy":"product_brand","embeddable":true,"href":"https:\/\/gpl-love.com\/es\/wp-json\/wp\/v2\/product_brand?post=128447"},{"taxonomy":"product_cat","embeddable":true,"href":"https:\/\/gpl-love.com\/es\/wp-json\/wp\/v2\/product_cat?post=128447"},{"taxonomy":"product_tag","embeddable":true,"href":"https:\/\/gpl-love.com\/es\/wp-json\/wp\/v2\/product_tag?post=128447"}],"curies":[{"name":"wp","href":"https:\/\/api.w.org\/{rel}","templated":true}]}}