{"id":128445,"date":"2022-06-30T00:00:00","date_gmt":"2022-06-30T05:00:00","guid":{"rendered":"https:\/\/gpl-love.com\/es\/producto\/wpzoom-rezzo\/"},"modified":"2026-03-13T17:33:36","modified_gmt":"2026-03-13T22:33:36","slug":"wpzoom-rezzo","status":"publish","type":"product","link":"https:\/\/gpl-love.com\/es\/producto\/wpzoom-rezzo\/","title":{"rendered":"WPZoom Rezzo 1.0.3"},"content":{"rendered":"<h3>WPZoom Rezzo Caracteristicas<\/h3>\n<p>WPZOOM Rezo es un tema de WordPress extremadamente vers\u00e1til que proporciona a los usuarios una gran cantidad de opciones cuando se trata de dise\u00f1ar su sitio web. Con un dise\u00f1o moderno y elegante, este tema permite a las personas crear f\u00e1cilmente una presencia en l\u00ednea que no solo es visualmente atractiva, sino que tambi\u00e9n se alinea perfectamente con su identidad de marca. Gracias a su interfaz intuitiva y caracter\u00edsticas personalizables, navegar y modificar este tema es una brisa absoluta. Ya sea que sea propietario de un negocio, blogger o profesional creativo, WPZoom Rezzo lo ha cubierto con su amplia gama de plantillas previas a la construcci\u00f3n y posibilidades de personalizaci\u00f3n ilimitadas. Lo que distingue a este tema del resto es su compromiso con el rendimiento y la optimizaci\u00f3n de SEO. Con WPZoom Rezo, puede estar seguro de que su sitio web cargar\u00e1 un rayo y obtendr\u00e1 una alta clasificaci\u00f3n en los resultados del motor de b\u00fasqueda. En conclusi\u00f3n, Wpzoom Rezzo se destaca como una elecci\u00f3n excepcional para las personas que buscan un tema de WordPress de primer nivel que combina sin esfuerzo la profesionalidad con la facilidad de uso.<\/p>\n<ul>\n<li>Tema premium de WordPress dise\u00f1ado para bloggers profesionales y sitios web de revistas en l\u00ednea<\/li>\n<li>Dise\u00f1o flexible y personalizable con m\u00faltiples opciones de dise\u00f1o<\/li>\n<li>Perfecto para exhibir contenido visual con im\u00e1genes y galer\u00edas destacadas de pantalla completa<\/li>\n<li>Optimizado para la velocidad y el rendimiento con c\u00f3digo limpio y eficiente<\/li>\n<li>Incluye caracter\u00edsticas de SEO incorporadas para una f\u00e1cil optimizaci\u00f3n y una mayor clasificaci\u00f3n de motores de b\u00fasqueda<\/li>\n<li>Integrado con plataformas de redes sociales populares para compartir f\u00e1cilmente y compromiso<\/li>\n<li>Admite m\u00faltiples formatos de publicaci\u00f3n que incluyen video, audio y citas<\/li>\n<li>Incluye widgets y c\u00f3digos cortos personalizados para una funcionalidad adicional y opciones de dise\u00f1o.<\/li>\n<li>Interfaz f\u00e1cil de usar y f\u00e1cil de usar para una personalizaci\u00f3n y administraci\u00f3n perfecta<\/li>\n<li>La documentaci\u00f3n y el apoyo integral provisto para una experiencia sin problemas.<\/li>\n<\/ul>\n","protected":false},"excerpt":{"rendered":"<p>WPZOOM Rezo es un tema de WordPress incre\u00edblemente vers\u00e1til e inmensamente poderoso que ha sido meticulosamente dise\u00f1ado para atender a una amplia gama de sitios web, independientemente de su naturaleza. Con un dise\u00f1o de vanguardia y elegantemente elegante, este tema exuda un ambiente contempor\u00e1neo que es irresistible para la vista. No solo ofrece dise\u00f1os personalizables que se pueden adaptar para cumplir con sus preferencias y requisitos \u00fanicos, sino que tambi\u00e9n tiene un golpe cuando se trata de su notable funcionalidad. Con Wpzoom Rezo a su disposici\u00f3n, dise\u00f1ar sin esfuerzo un sitio web altamente profesional que cautiva a sus visitantes y promueva efectivamente su marca se convierte en una brisa absoluta. Independientemente de si se clasifica como un blogger dedicado, un ambicioso propietario de un negocio o un profesional creativo profundamente innovador, tenga la seguridad de que Wpzoom Rezzo lo equipar\u00e1 con todo lo que pueda necesitar para asegurarse de que su sitio web brille de manera brillante y destacada prominentemente en el Gran extensi\u00f3n del reino en l\u00ednea.<\/p>\n","protected":false},"featured_media":168560,"comment_status":"open","ping_status":"open","template":"","meta":[],"product_brand":[2649],"product_cat":[1267,1237,1238],"product_tag":[2222],"class_list":{"0":"post-128445","1":"product","2":"type-product","3":"status-publish","4":"has-post-thumbnail","6":"product_brand-wp-zoom","7":"product_cat-creativo","8":"product_cat-temas","9":"product_cat-wordpress-temas","10":"product_tag-wp-zoom","11":"member-discount","12":"discount-restricted","14":"first","15":"instock","16":"sale","17":"downloadable","18":"virtual","19":"sold-individually","20":"purchasable","21":"product-type-simple"},"_links":{"self":[{"href":"https:\/\/gpl-love.com\/es\/wp-json\/wp\/v2\/product\/128445","targetHints":{"allow":["GET"]}}],"collection":[{"href":"https:\/\/gpl-love.com\/es\/wp-json\/wp\/v2\/product"}],"about":[{"href":"https:\/\/gpl-love.com\/es\/wp-json\/wp\/v2\/types\/product"}],"replies":[{"embeddable":true,"href":"https:\/\/gpl-love.com\/es\/wp-json\/wp\/v2\/comments?post=128445"}],"wp:featuredmedia":[{"embeddable":true,"href":"https:\/\/gpl-love.com\/es\/wp-json\/wp\/v2\/media\/168560"}],"wp:attachment":[{"href":"https:\/\/gpl-love.com\/es\/wp-json\/wp\/v2\/media?parent=128445"}],"wp:term":[{"taxonomy":"product_brand","embeddable":true,"href":"https:\/\/gpl-love.com\/es\/wp-json\/wp\/v2\/product_brand?post=128445"},{"taxonomy":"product_cat","embeddable":true,"href":"https:\/\/gpl-love.com\/es\/wp-json\/wp\/v2\/product_cat?post=128445"},{"taxonomy":"product_tag","embeddable":true,"href":"https:\/\/gpl-love.com\/es\/wp-json\/wp\/v2\/product_tag?post=128445"}],"curies":[{"name":"wp","href":"https:\/\/api.w.org\/{rel}","templated":true}]}}