{"id":128443,"date":"2023-01-25T00:00:00","date_gmt":"2023-01-25T05:00:00","guid":{"rendered":"https:\/\/gpl-love.com\/es\/producto\/wpzoom-inspiro-pro\/"},"modified":"2026-03-13T17:33:32","modified_gmt":"2026-03-13T22:33:32","slug":"wpzoom-inspiro-pro","status":"publish","type":"product","link":"https:\/\/gpl-love.com\/es\/producto\/wpzoom-inspiro-pro\/","title":{"rendered":"WPZoom Inspiro Pro 1.9.0"},"content":{"rendered":"<h3>WPZoom Inspiro Pro Caracteristicas<\/h3>\n<p>WPZoom Inspiro Pro es un tema excepcional de WordPress que ha sido meticulosamente elaborado para exhibir su cartera, blog o negocio de una manera altamente profesional y sofisticada. Su dise\u00f1o es totalmente receptivo, asegurando que su sitio web exude un atractivo est\u00e9tico notable en todos y cada uno de los dispositivos, ya sea una computadora de escritorio, tableta o tel\u00e9fono inteligente. Este tema ofrece una gran cantidad de opciones de personalizaci\u00f3n, que abarca m\u00faltiples dise\u00f1os de p\u00e1gina de inicio, formatos de publicaci\u00f3n y widgets personalizados, otorg\u00e1ndole la capacidad de dise\u00f1ar una presencia en l\u00ednea verdaderamente distintiva y personalizada. La inclusi\u00f3n de una caracter\u00edstica deslizante incorporada es particularmente ventajosa, ya que facilita la exhibici\u00f3n de sus mejores obras o el foco de sus \u00faltimos art\u00edculos. Adem\u00e1s, el tema cuenta con compatibilidad con WooCommerce, permitiendo as\u00ed una integraci\u00f3n sin esfuerzo con las tiendas en l\u00ednea. En conclusi\u00f3n, WPZoom Inspiro Pro es un tema incre\u00edblemente vers\u00e1til y f\u00e1cil de usar que se garantiza que mejorar\u00e1 considerablemente la presencia en l\u00ednea de cualquier persona.<\/p>\n<ul>\n<li>Tema de WordPress elegante y moderno dise\u00f1ado para profesionales creativos<\/li>\n<li>Compatible con dispositivos de escritorio y m\u00f3viles, asegurando una experiencia de usuario perfecta para todos los visitantes<\/li>\n<li>Viene con una variedad de plantillas personalizables y dise\u00f1os de p\u00e1gina, lo que le permite construir su sitio web exactamente mientras lo imagina<\/li>\n<li>La funci\u00f3n de presentaci\u00f3n de diapositivas de h\u00e9roe incorporada le permite mostrar su mejor trabajo o resaltar informaci\u00f3n clave del frente y el centro<\/li>\n<li>Las \u00e1reas de widget flexibles le brindan la capacidad de agregar contenido y caracter\u00edsticas personalizadas a su sitio, por lo que es verdaderamente \u00fanico<\/li>\n<li>Construido utilizando los \u00faltimos est\u00e1ndares de codificaci\u00f3n y optimizado para la velocidad y el rendimiento para garantizar que su sitio se mantenga r\u00e1pido y receptivo, incluso a medida que crece<\/li>\n<li>Una amplia gama de opciones de personalizaci\u00f3n, incluidos esquemas de color, opciones de fuente y m\u00e1s, facilita la creaci\u00f3n de un sitio web que refleje perfectamente su marca y estilo<\/li>\n<li>Las caracter\u00edsticas amigables para el desarrollador, como ganchos y filtros personalizados, le brindan a\u00fan m\u00e1s control sobre la funcionalidad y el dise\u00f1o de su sitio.<\/li>\n<li>Actualizado regularmente con nuevas funciones y correcciones de errores para garantizar que su sitio permanezca actualizado con las \u00faltimas tendencias y mejores pr\u00e1cticas de WordPress.<\/li>\n<\/ul>\n","protected":false},"excerpt":{"rendered":"<p>WPZoom Inspiro Pro es un tema de WordPress exquisitamente elaborado, con un dise\u00f1o perfecto que se adapta impecablemente con el prop\u00f3sito de mostrar su cartera o esfuerzo creativo. Con su dise\u00f1o elegante y contempor\u00e1neo, Inspiro Pro asegura sin esfuerzo que su contenido no solo se destaque entre la multitud sino que tambi\u00e9n capta la atenci\u00f3n indivisa de su estimada audiencia. Independientemente de si usted es un aspirante a fot\u00f3grafo, un dise\u00f1ador visionario o un artista ingenioso, este tema notable sirve como la herramienta por excelencia para mostrar de manera efectiva su trabajo de una manera excepcionalmente profesional y visualmente cautivadora. Adem\u00e1s, este tema notable est\u00e1 equipado con una gran cantidad de caracter\u00edsticas potentes, incluidos los fondos de video incorporados, un ingenioso m\u00f3dulo de cartera y una compatibilidad perfecta con WooCommerce, lo que le permite establecer y administrar con \u00e9xito sitios web de comercio electr\u00f3nico. Aproveche la oportunidad de elevar el dise\u00f1o de su sitio web a alturas sin precedentes obteniendo el impresionante wpzoom inspiro Pro hoy.<\/p>\n","protected":false},"featured_media":168556,"comment_status":"open","ping_status":"open","template":"","meta":[],"product_brand":[2649],"product_cat":[1267,1237,1238],"product_tag":[2222],"class_list":{"0":"post-128443","1":"product","2":"type-product","3":"status-publish","4":"has-post-thumbnail","6":"product_brand-wp-zoom","7":"product_cat-creativo","8":"product_cat-temas","9":"product_cat-wordpress-temas","10":"product_tag-wp-zoom","11":"member-discount","12":"discount-restricted","14":"first","15":"instock","16":"sale","17":"downloadable","18":"virtual","19":"sold-individually","20":"purchasable","21":"product-type-simple"},"_links":{"self":[{"href":"https:\/\/gpl-love.com\/es\/wp-json\/wp\/v2\/product\/128443","targetHints":{"allow":["GET"]}}],"collection":[{"href":"https:\/\/gpl-love.com\/es\/wp-json\/wp\/v2\/product"}],"about":[{"href":"https:\/\/gpl-love.com\/es\/wp-json\/wp\/v2\/types\/product"}],"replies":[{"embeddable":true,"href":"https:\/\/gpl-love.com\/es\/wp-json\/wp\/v2\/comments?post=128443"}],"wp:featuredmedia":[{"embeddable":true,"href":"https:\/\/gpl-love.com\/es\/wp-json\/wp\/v2\/media\/168556"}],"wp:attachment":[{"href":"https:\/\/gpl-love.com\/es\/wp-json\/wp\/v2\/media?parent=128443"}],"wp:term":[{"taxonomy":"product_brand","embeddable":true,"href":"https:\/\/gpl-love.com\/es\/wp-json\/wp\/v2\/product_brand?post=128443"},{"taxonomy":"product_cat","embeddable":true,"href":"https:\/\/gpl-love.com\/es\/wp-json\/wp\/v2\/product_cat?post=128443"},{"taxonomy":"product_tag","embeddable":true,"href":"https:\/\/gpl-love.com\/es\/wp-json\/wp\/v2\/product_tag?post=128443"}],"curies":[{"name":"wp","href":"https:\/\/api.w.org\/{rel}","templated":true}]}}