{"id":128441,"date":"2022-10-25T00:00:00","date_gmt":"2022-10-25T05:00:00","guid":{"rendered":"https:\/\/gpl-love.com\/es\/producto\/wpzoom-cookely\/"},"modified":"2026-03-13T17:33:27","modified_gmt":"2026-03-13T22:33:27","slug":"wpzoom-cookely","status":"publish","type":"product","link":"https:\/\/gpl-love.com\/es\/producto\/wpzoom-cookely\/","title":{"rendered":"WPZoom Cookely 1.1.4"},"content":{"rendered":"<h3>WPZoom Cookely Caracteristicas<\/h3>\n<p>WPZoom Cookely es un tema de WordPress rico en funciones excepcionalmente, dise\u00f1ado meticulosamente para satisfacer las necesidades de los bloggers y chefs de alimentos, lo que les permite presentar sin esfuerzo sus deliciosas recetas de una manera altamente profesional y est\u00e9ticamente agradable. Este tema extraordinario cuenta con una extensa variedad de opciones de personalizaci\u00f3n, que abarca m\u00faltiples dise\u00f1os de la p\u00e1gina de inicio, una variedad de plantillas de \u00edndice de recetas y una amplia selecci\u00f3n de esquemas de color cautivadores. Cookely permite a los usuarios incorporar a la perfecci\u00f3n tarjetas de recetas, tutoriales en video y listas de ingredientes en sus publicaciones, facilitando as\u00ed una experiencia comprensible sin esfuerzo para sus \u00e1vidos lectores. Adem\u00e1s, este tema notable est\u00e1 ingeniosamente dise\u00f1ado para ser completamente receptivo, enga\u00f1a sin esfuerzo un atractivo visual impresionante en un extenso espectro de dispositivos. En esencia, WPZOOM se mantiene como una amalgamaci\u00f3n inigualable de potencia y facilidad de uso, proporcionando todas las herramientas indispensables que un blogger de alimentos exigente requiere, lo que les permite fabricar un sitio web que es innegablemente impresionante y profundamente atractivo para su querida audiencia.<\/p>\n<ul>\n<li>WPZoom Cookely es un complemento de recetas de WordPress dise\u00f1ado para ayudar a los bloggers y propietarios de sitios web a crear tarjetas de recetas atractivas y mostrar sus recetas de manera organizada.<\/li>\n<li>Agregue f\u00e1cilmente recetas e ingredientes a su sitio web a trav\u00e9s de la interfaz f\u00e1cil de usar.<\/li>\n<li>Elija entre m\u00faltiples estilos de tarjeta de recetas para que coincida con la est\u00e9tica de su sitio web.<\/li>\n<li>Use la funcionalidad de arrastrar y soltar para reorganizar el orden de los pasos de la receta y agregar im\u00e1genes.<\/li>\n<li>Cree categor\u00edas de recetas personalizadas para organizar sus recetas y facilitar que su audiencia encuentre lo que est\u00e1 buscando.<\/li>\n<li>La planificaci\u00f3n de comidas se facilita con la opci\u00f3n de agregar recetas a un calendario y crear una lista de compras.<\/li>\n<li>El complemento est\u00e1 optimizado para SEO, asegurando que sus recetas se puedan encontrar f\u00e1cilmente en los resultados de b\u00fasqueda.<\/li>\n<li>Agregue informaci\u00f3n de nutrici\u00f3n a sus recetas para que sean m\u00e1s informativas y \u00fatiles.<\/li>\n<li>WPZoom Cookely es completamente receptivo, lo que significa que se ve muy bien en cualquier dispositivo.<\/li>\n<li>El complemento es compatible con la mayor\u00eda de los temas y complementos de WordPress, lo que facilita la integraci\u00f3n en su sitio web existente.<\/li>\n<\/ul>\n","protected":false},"excerpt":{"rendered":"<p>WPZoom Cookely es un tema de WordPress extremadamente robusto que ha sido meticulosamente elaborado con el objetivo de satisfacer las necesidades y preferencias \u00fanicas de los estimados bloggers de alimentos y entusiastas de la cocina fervientes. Al presumir de un dise\u00f1o inmaculado y contempor\u00e1neo, Cookly Sin esfuerzo le facilita sin esfuerzo exhibir y mostrar sus deliciosas recetas y obras maestras culinarias de una manera est\u00e9ticamente agradable, todo al tiempo que garantiza una navegaci\u00f3n perfecta para sus valiosos visitantes. Este notable tema est\u00e1 repleto de una extensa variedad de caracter\u00edsticas exquisitamente personalizadas, que han sido cuidadosamente seleccionadas para cumplir con los requisitos espec\u00edficos de la estimada comunidad de blogs de alimentos. Sum\u00e9rgete en la pura elegancia de las tarjetas de recetas, un \u00edndice de recetas meticulosamente seleccionado y galer\u00edas de im\u00e1genes cautivadoramente hermosas que cautivan sin esfuerzo la imaginaci\u00f3n. Ya sea que sea un chef profesional experimentado o un cocinero casero ardiente con una pasi\u00f3n insaciable por todas las cosas culinarias, la magnificencia inigualable de WPZOOM cookeriamente ser\u00e1 sin duda su compa\u00f1ero m\u00e1s invaluable a medida que se embarca en su noble viaje de compartir su amor inigualable y su experiencia para el arte de cocinar con todo el mundo.<\/p>\n","protected":false},"featured_media":168550,"comment_status":"open","ping_status":"open","template":"","meta":[],"product_brand":[2649],"product_cat":[1646,1237,1238],"product_tag":[2222],"class_list":{"0":"post-128441","1":"product","2":"type-product","3":"status-publish","4":"has-post-thumbnail","6":"product_brand-wp-zoom","7":"product_cat-alimentacion-y-restaurante","8":"product_cat-temas","9":"product_cat-wordpress-temas","10":"product_tag-wp-zoom","11":"member-discount","12":"discount-restricted","14":"first","15":"instock","16":"sale","17":"downloadable","18":"virtual","19":"sold-individually","20":"purchasable","21":"product-type-simple"},"_links":{"self":[{"href":"https:\/\/gpl-love.com\/es\/wp-json\/wp\/v2\/product\/128441","targetHints":{"allow":["GET"]}}],"collection":[{"href":"https:\/\/gpl-love.com\/es\/wp-json\/wp\/v2\/product"}],"about":[{"href":"https:\/\/gpl-love.com\/es\/wp-json\/wp\/v2\/types\/product"}],"replies":[{"embeddable":true,"href":"https:\/\/gpl-love.com\/es\/wp-json\/wp\/v2\/comments?post=128441"}],"wp:featuredmedia":[{"embeddable":true,"href":"https:\/\/gpl-love.com\/es\/wp-json\/wp\/v2\/media\/168550"}],"wp:attachment":[{"href":"https:\/\/gpl-love.com\/es\/wp-json\/wp\/v2\/media?parent=128441"}],"wp:term":[{"taxonomy":"product_brand","embeddable":true,"href":"https:\/\/gpl-love.com\/es\/wp-json\/wp\/v2\/product_brand?post=128441"},{"taxonomy":"product_cat","embeddable":true,"href":"https:\/\/gpl-love.com\/es\/wp-json\/wp\/v2\/product_cat?post=128441"},{"taxonomy":"product_tag","embeddable":true,"href":"https:\/\/gpl-love.com\/es\/wp-json\/wp\/v2\/product_tag?post=128441"}],"curies":[{"name":"wp","href":"https:\/\/api.w.org\/{rel}","templated":true}]}}