{"id":128439,"date":"2022-06-30T00:00:00","date_gmt":"2022-06-30T05:00:00","guid":{"rendered":"https:\/\/gpl-love.com\/es\/producto\/wpzoom-gourmand\/"},"modified":"2026-03-13T17:33:30","modified_gmt":"2026-03-13T22:33:30","slug":"wpzoom-gourmand","status":"publish","type":"product","link":"https:\/\/gpl-love.com\/es\/producto\/wpzoom-gourmand\/","title":{"rendered":"WPZoom Gourmand 1.0.11"},"content":{"rendered":"<h3>WPZoom Gourmand Caracteristicas<\/h3>\n<p>WPZOOM Gourmand, un tema de WordPress notablemente vers\u00e1til e inmensamente poderoso, ha sido elaborado por expertos y dise\u00f1ado espec\u00edficamente para satisfacer las necesidades y deseos de blogueros e individuos de comida que poseen una profunda pasi\u00f3n por las artes culinarias. Su dise\u00f1o elegante y moderno, caracterizado por su elegancia inherente, sirve como una plataforma incomparable en la que puede exhibir sin problemas y presentar su exquisito repertorio de recetas deliciosas, cautivador de fotograf\u00eda de alimentos y consejos de cocina invaluables de una manera que es cautivadora e inherentemente profesional. Este notable tema cuenta con una variedad impresionante de plantillas de p\u00e1gina exquisitamente dise\u00f1adas, lo que garantiza que tenga amplias opciones para seleccionar al crear su obra maestra culinaria. Adem\u00e1s, le presenta una variedad de widgets personalizables y caracter\u00edsticas invaluables, incluidas tarjetas de recetas y un \u00edndice de recetas incorporado, que mejoran sin esfuerzo la funcionalidad general y la navegabilidad de su sitio web. Adem\u00e1s, Wpzoom Gourmand se enorgullece de ser completamente receptivo, garantizando que su valioso contenido se muestre sin problemas e impecablemente se muestra en una amplia gama de dispositivos. Sin lugar a dudas, ya sea un maestro culinario consumado o un cocinero apasionado en casa, una cosa permanece abundantemente clara: WPZOOM Gourmand es, inequ\u00edvocamente, la elecci\u00f3n por excelencia para las personas que buscan crear una comida impresionante, est\u00e9ticamente agradable e inmensamente pr\u00e1ctica e inmensamente pr\u00e1ctica Blog que captura con \u00e9xito los corazones y los paladares de su audiencia exigente.<\/p>\n<ul>\n<li>Tema Premium WordPress dise\u00f1ado espec\u00edficamente para bloggers de alimentos o sitios web relacionados con la comida<\/li>\n<li>Dise\u00f1o simple y limpio con un enfoque en la fotograf\u00eda de alimentos de alta calidad<\/li>\n<li>Viene con una gama de plantillas predise\u00f1adas para p\u00e1ginas de recetas, galer\u00edas de alimentos y publicaciones de blog<\/li>\n<li>Builder de p\u00e1gina de arrastrar y soltar f\u00e1ciles de usar para personalizar el dise\u00f1o y el contenido de su sitio web<\/li>\n<li>Totalmente receptivo y optimizado para todos los dispositivos, incluidos los tel\u00e9fonos inteligentes y las tabletas.<\/li>\n<li>Soporte de tarjeta de recetas incorporado con listas de ingredientes, tiempos de cocci\u00f3n e informaci\u00f3n nutricional<\/li>\n<li>C\u00f3digo amigable para SEO y funciones de optimizaci\u00f3n incorporadas para mejorar las clasificaciones de motores de b\u00fasqueda de su sitio web<\/li>\n<li>Compatible con complementos populares como Yoast SEO, JetPack y WooCommerce para una funcionalidad adicional<\/li>\n<li>Atenci\u00f3n al cliente dedicada y actualizaciones frecuentes para garantizar la mejor experiencia posible para los usuarios.<\/li>\n<\/ul>\n","protected":false},"excerpt":{"rendered":"<p>WPZoom Gourmand es un tema excepcional de WordPress meticulosamente elaborado para satisfacer las necesidades de los bloggers, chefs y entusiastas culinarios que les apasiona mostrar sus deliciosas creaciones. Este tema premium cuenta con un dise\u00f1o elegante y contempor\u00e1neo que resalta perfectamente la fotograf\u00eda y las recetas de alimentos, lo que les permite presentarse de la manera m\u00e1s atractiva visualmente posible. Lo que distingue a Wpzoom Gourmand de sus competidores es su amplia gama de opciones de personalizaci\u00f3n, asegurando que los usuarios puedan adaptar el tema para adaptarse a sus preferencias \u00fanicas sin esfuerzo. Desde una variedad de esquemas de color cautivadores hasta una gran cantidad de opciones de fuentes y \u00e1reas de widgets, este tema otorga a los usuarios la libertad de personalizar su plataforma al deseo de su coraz\u00f3n. Adem\u00e1s, WPZoom Gourmand ofrece soporte incorporado para tarjetas de recetas, que simplifica el proceso de visualizaci\u00f3n de recetas con todos los detalles esenciales. Con este notable tema, su blog de alimentos exudar\u00e1 una sensaci\u00f3n de profesionalismo y calidez que seguramente cautivar\u00e1 y atraer\u00e1 a sus lectores, lo que lo convierte en un activo indispensable para sus esfuerzos culinarios en l\u00ednea.<\/p>\n","protected":false},"featured_media":168553,"comment_status":"open","ping_status":"open","template":"","meta":[],"product_brand":[2649],"product_cat":[1646,1237,1238],"product_tag":[2222],"class_list":{"0":"post-128439","1":"product","2":"type-product","3":"status-publish","4":"has-post-thumbnail","6":"product_brand-wp-zoom","7":"product_cat-alimentacion-y-restaurante","8":"product_cat-temas","9":"product_cat-wordpress-temas","10":"product_tag-wp-zoom","11":"member-discount","12":"discount-restricted","14":"first","15":"instock","16":"sale","17":"downloadable","18":"virtual","19":"sold-individually","20":"purchasable","21":"product-type-simple"},"_links":{"self":[{"href":"https:\/\/gpl-love.com\/es\/wp-json\/wp\/v2\/product\/128439","targetHints":{"allow":["GET"]}}],"collection":[{"href":"https:\/\/gpl-love.com\/es\/wp-json\/wp\/v2\/product"}],"about":[{"href":"https:\/\/gpl-love.com\/es\/wp-json\/wp\/v2\/types\/product"}],"replies":[{"embeddable":true,"href":"https:\/\/gpl-love.com\/es\/wp-json\/wp\/v2\/comments?post=128439"}],"wp:featuredmedia":[{"embeddable":true,"href":"https:\/\/gpl-love.com\/es\/wp-json\/wp\/v2\/media\/168553"}],"wp:attachment":[{"href":"https:\/\/gpl-love.com\/es\/wp-json\/wp\/v2\/media?parent=128439"}],"wp:term":[{"taxonomy":"product_brand","embeddable":true,"href":"https:\/\/gpl-love.com\/es\/wp-json\/wp\/v2\/product_brand?post=128439"},{"taxonomy":"product_cat","embeddable":true,"href":"https:\/\/gpl-love.com\/es\/wp-json\/wp\/v2\/product_cat?post=128439"},{"taxonomy":"product_tag","embeddable":true,"href":"https:\/\/gpl-love.com\/es\/wp-json\/wp\/v2\/product_tag?post=128439"}],"curies":[{"name":"wp","href":"https:\/\/api.w.org\/{rel}","templated":true}]}}