{"id":128404,"date":"2023-04-06T00:00:00","date_gmt":"2023-04-06T05:00:00","guid":{"rendered":"https:\/\/gpl-love.com\/es\/producto\/groppe-nonprofit-wordpress-theme\/"},"modified":"2026-03-13T17:21:55","modified_gmt":"2026-03-13T22:21:55","slug":"groppe-nonprofit-wordpress-theme","status":"publish","type":"product","link":"https:\/\/gpl-love.com\/es\/producto\/groppe-nonprofit-wordpress-theme\/","title":{"rendered":"Groppe Nonprofit WordPress Theme 2.9"},"content":{"rendered":"<h3>Groppe Nonprofit WordPress Theme Caracteristicas<\/h3>\n<p>El tema de WordPress sin fines de lucro de Groppe, un tema de WordPress altamente vers\u00e1til y ampliamente rico en funciones, ha sido meticulosamente dise\u00f1ado para atender exclusivamente a los requisitos \u00fanicos de las organizaciones sin fines de lucro. Este notable tema abarca una abundancia de caracter\u00edsticas y funcionalidades personalizables, lo que permite a los usuarios crear y administrar sin esfuerzo sus sitios web. En particular, el tema se ha optimizado meticulosamente para garantizar una velocidad y rendimiento incomparables, lo que garantiza que su sitio web se cargar\u00e1 r\u00e1pido y sin problemas. Adem\u00e1s, el tema de WordPress sin fines de lucro de Groppe est\u00e1 equipado con una multitud de plantillas de p\u00e1gina, widgets y c\u00f3digos cortos, lo que le permite generar sin esfuerzo una variedad diversa de p\u00e1ginas, incluidas, entre otras, p\u00e1ginas de donaci\u00f3n, p\u00e1ginas de eventos y p\u00e1ginas de voluntarios. Este tema excepcional facilita el resaltado sin problemas de la misi\u00f3n y el impacto de su organizaci\u00f3n, la destacada exhibici\u00f3n de su equipo y voluntarios, as\u00ed como la promoci\u00f3n efectiva de sus eventos y campa\u00f1as. Sin lugar a dudas, el tema de WordPress sin fines de lucro de Groppe es una herramienta inmensamente potente y extremadamente adaptable que lo ayudar\u00e1 a crear una presencia en l\u00ednea excepcionalmente profesional y cautivadora para su estimada organizaci\u00f3n sin fines de lucro.<\/p>\n<ul>\n<li>Tema de WordPress dise\u00f1ado a medida espec\u00edficamente para organizaciones sin fines de lucro<\/li>\n<li>Dise\u00f1o receptivo que se ve muy bien en todos los dispositivos, incluido el m\u00f3vil<\/li>\n<li>Incluye toda la funcionalidad y caracter\u00edsticas necesarias para organizaciones sin fines de lucro, como p\u00e1ginas de donaci\u00f3n, calendarios de eventos y registros de voluntarios<\/li>\n<li>Opciones de personalizaci\u00f3n f\u00e1cil de usar para colores, fuentes y dise\u00f1os<\/li>\n<li>Admite WooCommerce para la recaudaci\u00f3n de fondos en l\u00ednea y el comercio electr\u00f3nico<\/li>\n<li>Integraci\u00f3n con plataformas de redes sociales populares para una mayor visibilidad en l\u00ednea<\/li>\n<li>Optimizaci\u00f3n de SEO incorporada para una mejor clasificaci\u00f3n de motores de b\u00fasqueda<\/li>\n<li>Actualizado regularmente con nuevas funciones y actualizaciones de compatibilidad<\/li>\n<li>Compatible con la \u00faltima versi\u00f3n de WordPress<\/li>\n<li>Equipo de soporte dedicado disponible para cualquier soluci\u00f3n de problemas o asistencia necesaria<\/li>\n<\/ul>\n","protected":false},"excerpt":{"rendered":"<p>El tema de WordPress sin fines de lucro de Groppe, reconocido por su versatilidad y capacidad de respuesta, es una plantilla exquisitamente dise\u00f1ada que atiende expl\u00edcitamente a las organizaciones sin fines de lucro. Con un dise\u00f1o elegante y contempor\u00e1neo, este tema cuenta con una variedad de m\u00f3dulos personalizables dedicados a facilitar donaciones y esfuerzos de recaudaci\u00f3n de fondos, as\u00ed como con botones de llamado a acci\u00f3n y herramientas de gesti\u00f3n de eventos navegables sin esfuerzo. Adem\u00e1s, va m\u00e1s all\u00e1 al proporcionar p\u00e1ginas preconstruidas que muestran elegantemente la misi\u00f3n, el equipo y el impacto indeleble de su organizaci\u00f3n. Independientemente de si se est\u00e1 embarcando en el emocionante viaje del lanzamiento de una nueva empresa sin fines de lucro o que busca vigorizar un sitio web existente, el tema de Groppe se erige como un ep\u00edtome inigualable de profesionalismo y facilidad de uso.<\/p>\n","protected":false},"featured_media":166394,"comment_status":"open","ping_status":"open","template":"","meta":[],"product_brand":[2337],"product_cat":[1267,1237,1238],"product_tag":[1391],"class_list":{"0":"post-128404","1":"product","2":"type-product","3":"status-publish","4":"has-post-thumbnail","6":"product_brand-themeforest","7":"product_cat-creativo","8":"product_cat-temas","9":"product_cat-wordpress-temas","10":"product_tag-themeforest","11":"member-discount","12":"discount-restricted","14":"first","15":"instock","16":"sale","17":"downloadable","18":"virtual","19":"sold-individually","20":"purchasable","21":"product-type-simple"},"_links":{"self":[{"href":"https:\/\/gpl-love.com\/es\/wp-json\/wp\/v2\/product\/128404","targetHints":{"allow":["GET"]}}],"collection":[{"href":"https:\/\/gpl-love.com\/es\/wp-json\/wp\/v2\/product"}],"about":[{"href":"https:\/\/gpl-love.com\/es\/wp-json\/wp\/v2\/types\/product"}],"replies":[{"embeddable":true,"href":"https:\/\/gpl-love.com\/es\/wp-json\/wp\/v2\/comments?post=128404"}],"wp:featuredmedia":[{"embeddable":true,"href":"https:\/\/gpl-love.com\/es\/wp-json\/wp\/v2\/media\/166394"}],"wp:attachment":[{"href":"https:\/\/gpl-love.com\/es\/wp-json\/wp\/v2\/media?parent=128404"}],"wp:term":[{"taxonomy":"product_brand","embeddable":true,"href":"https:\/\/gpl-love.com\/es\/wp-json\/wp\/v2\/product_brand?post=128404"},{"taxonomy":"product_cat","embeddable":true,"href":"https:\/\/gpl-love.com\/es\/wp-json\/wp\/v2\/product_cat?post=128404"},{"taxonomy":"product_tag","embeddable":true,"href":"https:\/\/gpl-love.com\/es\/wp-json\/wp\/v2\/product_tag?post=128404"}],"curies":[{"name":"wp","href":"https:\/\/api.w.org\/{rel}","templated":true}]}}