{"id":128372,"date":"2024-02-05T00:00:00","date_gmt":"2024-02-05T05:00:00","guid":{"rendered":"https:\/\/gpl-love.com\/es\/producto\/carbon-clean-minimal-multipurpose-wordpress-theme\/"},"modified":"2026-03-13T17:17:27","modified_gmt":"2026-03-13T22:17:27","slug":"carbon-clean-minimal-multipurpose-wordpress-theme","status":"publish","type":"product","link":"https:\/\/gpl-love.com\/es\/producto\/carbon-clean-minimal-multipurpose-wordpress-theme\/","title":{"rendered":"Carbon Clean Minimal Multipurpose WordPress Theme 3.1.2"},"content":{"rendered":"<h3>Carbon Clean Minimal Multipurpose WordPress Theme Caracteristicas<\/h3>\n<p>El tema de WordPress multiprop\u00f3sito m\u00ednimo de carbono limpio es un tema incre\u00edblemente vers\u00e1til y f\u00e1cil de usar que sirve a una multitud de prop\u00f3sitos para los sitios web. Con un dise\u00f1o pr\u00edstino y contempor\u00e1neo, este tema otorga sin esfuerzo una apariencia profesional y pulida en su sitio web. Su capacidad de respuesta completa le permite adaptarse perfectamente a varios tama\u00f1os de pantalla, lo que lo hace absolutamente perfecto para dispositivos m\u00f3viles. Adem\u00e1s, Carbon Clean se presenta una mir\u00edada de plantillas predise\u00f1adas, opciones de dise\u00f1o y esquemas de color, todos los cuales pueden adaptarse sin esfuerzo a su gusto a trav\u00e9s de la utilizaci\u00f3n del intuitivo constructor de p\u00e1ginas de arrastrar y soltar. Adem\u00e1s, este tema abarca una multitud de caracter\u00edsticas, incluidos widgets personalizados, integraci\u00f3n de redes sociales y optimizaci\u00f3n de optimizaci\u00f3n de motores de b\u00fasqueda (SEO), que contribuyen colectivamente al aumento de la funcionalidad y visibilidad de su sitio web. A fin de cuentas, Carbon Clean es una soluci\u00f3n que lo abarca todo, que facilita la construcci\u00f3n sin esfuerzo de un sitio web elegante y funcional con el m\u00ednimo de esfuerzo.<\/p>\n<ul>\n<li>Dise\u00f1o moderno y elegante perfecto para cualquier tipo de sitio web<\/li>\n<li>El dise\u00f1o totalmente receptivo y amigable con los dispositivos m\u00f3viles garantiza una experiencia de usuario perfecta<\/li>\n<li>Incluye varias opciones de dise\u00f1o predise\u00f1adas para una f\u00e1cil personalizaci\u00f3n<\/li>\n<li>Construido con c\u00f3digo limpio y m\u00ednimo para garantizar tiempos de carga r\u00e1pidos<\/li>\n<li>Se integra con complementos populares de WordPress como WooCommerce y el Formulario de contacto 7<\/li>\n<li>Optimizado para la clasificaci\u00f3n de motores de b\u00fasqueda con caracter\u00edsticas de SEO incorporadas<\/li>\n<li>Viene con m\u00faltiples opciones de encabezado y pie de p\u00e1gina para mayor personalizaci\u00f3n<\/li>\n<li>Incluye un panel de opciones de temas f\u00e1ciles de usar para la personalizaci\u00f3n perfecta<\/li>\n<li>6 meses de apoyo incluidos con la compra para cualquier soluci\u00f3n de problemas o preguntas.<\/li>\n<\/ul>\n","protected":false},"excerpt":{"rendered":"<p>Introducci\u00f3n de carbono Clean, un tema m\u00ednimo de WordPress multiprop\u00f3sito que ofrece una variedad de caracter\u00edsticas din\u00e1micas. Este tema de WordPress ha sido dise\u00f1ado con una est\u00e9tica elegante y limpia que ofrece una experiencia sin desorden. Carbon Clean es altamente personalizable, lo que permite a los clientes personalizar su sitio web para satisfacer su estilo y necesidades individuales. Una caracter\u00edstica clave es su compatibilidad con todos los dispositivos, que ofrece un dise\u00f1o receptivo que mejora la experiencia del usuario. Perfecto para empresas, creativos y bloggers por igual, este tema ofrece una variedad de opciones de dise\u00f1o para la m\u00e1xima flexibilidad. El SEO es amigable y f\u00e1cil de instalar, Carbon Clean es una opci\u00f3n confiable para aquellos que buscan una soluci\u00f3n de sitio web m\u00ednima pero poderosa. Entonces, \u00bfpor qu\u00e9 esperar? Elija Carbon Clean hoy para elevar su presencia en l\u00ednea.<\/p>\n","protected":false},"featured_media":165594,"comment_status":"open","ping_status":"open","template":"","meta":[],"product_brand":[2337],"product_cat":[1267,1237,1238],"product_tag":[1391],"class_list":{"0":"post-128372","1":"product","2":"type-product","3":"status-publish","4":"has-post-thumbnail","6":"product_brand-themeforest","7":"product_cat-creativo","8":"product_cat-temas","9":"product_cat-wordpress-temas","10":"product_tag-themeforest","11":"member-discount","12":"discount-restricted","14":"first","15":"instock","16":"sale","17":"downloadable","18":"virtual","19":"sold-individually","20":"purchasable","21":"product-type-simple"},"_links":{"self":[{"href":"https:\/\/gpl-love.com\/es\/wp-json\/wp\/v2\/product\/128372","targetHints":{"allow":["GET"]}}],"collection":[{"href":"https:\/\/gpl-love.com\/es\/wp-json\/wp\/v2\/product"}],"about":[{"href":"https:\/\/gpl-love.com\/es\/wp-json\/wp\/v2\/types\/product"}],"replies":[{"embeddable":true,"href":"https:\/\/gpl-love.com\/es\/wp-json\/wp\/v2\/comments?post=128372"}],"wp:featuredmedia":[{"embeddable":true,"href":"https:\/\/gpl-love.com\/es\/wp-json\/wp\/v2\/media\/165594"}],"wp:attachment":[{"href":"https:\/\/gpl-love.com\/es\/wp-json\/wp\/v2\/media?parent=128372"}],"wp:term":[{"taxonomy":"product_brand","embeddable":true,"href":"https:\/\/gpl-love.com\/es\/wp-json\/wp\/v2\/product_brand?post=128372"},{"taxonomy":"product_cat","embeddable":true,"href":"https:\/\/gpl-love.com\/es\/wp-json\/wp\/v2\/product_cat?post=128372"},{"taxonomy":"product_tag","embeddable":true,"href":"https:\/\/gpl-love.com\/es\/wp-json\/wp\/v2\/product_tag?post=128372"}],"curies":[{"name":"wp","href":"https:\/\/api.w.org\/{rel}","templated":true}]}}