{"id":128370,"date":"2026-04-10T00:00:00","date_gmt":"2026-04-10T05:00:00","guid":{"rendered":"https:\/\/gpl-love.com\/es\/producto\/minimogwp-the-high-converting-ecommerce-theme\/"},"modified":"2026-04-10T11:16:42","modified_gmt":"2026-04-10T16:16:42","slug":"minimogwp-the-high-converting-ecommerce-theme","status":"publish","type":"product","link":"https:\/\/gpl-love.com\/es\/producto\/minimogwp-the-high-converting-ecommerce-theme\/","title":{"rendered":"MinimogWP High Converting eCommerce Theme 4.0.2"},"content":{"rendered":"<h3>MinimogWP High Converting eCommerce Theme Caracteristicas<\/h3>\n<p>El tema de comercio electr\u00f3nico MinimOGWP High Convertir es una herramienta extremadamente formidable que puede ser utilizada por personas que buscan establecer una tienda en l\u00ednea pr\u00f3spera. Con un dise\u00f1o contempor\u00e1neo y una interfaz instintiva, este tema en particular posee la capacidad de ayudarlo a construir una plataforma de comercio electr\u00f3nico est\u00e9ticamente agradable y totalmente operativa de manera expedita. Adem\u00e1s, ofrece una amplia gama de caracter\u00edsticas y opciones de personalizaci\u00f3n, lo que le brinda la oportunidad de adaptar su sitio para satisfacer sus distintas necesidades y preferencias. Desde la gesti\u00f3n sin esfuerzo de los productos hasta la integraci\u00f3n perfecta con pasarelas de pago conocidas, este tema abarca todos los componentes necesarios para comenzar con \u00e9xito la venta de su mercanc\u00eda en Internet. Sin lugar a dudas, con su dise\u00f1o que impulsa efectivamente las conversiones y una interfaz que es navegable sin esfuerzo para los usuarios, el tema de comercio electr\u00f3nico MinimOGWP se destaca como la selecci\u00f3n por excelencia para aquellos que buscan elevar su tienda en l\u00ednea a alturas sin precedentes.<\/p>\n<ul>\n<li>Un tema de comercio electr\u00f3nico altamente personalizable para sitios web de WordPress<\/li>\n<li>Construido con un dise\u00f1o impresionante y un c\u00f3digo limpio para un rendimiento \u00f3ptimo<\/li>\n<li>F\u00e1cil de usar y personalizar, incluso para principiantes<\/li>\n<li>Totalmente receptivo y optimizado para dispositivos m\u00f3viles<\/li>\n<li>Incluye varias caracter\u00edsticas incorporadas, como filtrado de productos, carrusel de productos y opciones de vista r\u00e1pida.<\/li>\n<li>Ofrece una integraci\u00f3n perfecta con plataformas de comercio electr\u00f3nico populares como WooCommerce y descargas digitales f\u00e1ciles<\/li>\n<li>Viene con soporte incorporado para complementos populares como el formulario de contacto 7 y MailChimp<\/li>\n<li>Ofrece opciones de dise\u00f1o flexibles que incluyen m\u00faltiples p\u00e1ginas de inicio y estilos de encabezado<\/li>\n<li>Ofrece opciones de color ilimitadas y fuentes personalizadas para la consistencia de la marca<\/li>\n<li>Atenci\u00f3n al cliente 24\/7 disponible para cualquier pregunta o problema.<\/li>\n<\/ul>\n","protected":false},"excerpt":{"rendered":"<p>El tema de comercio electr\u00f3nico MinimOGWP High Convertir se presenta como la soluci\u00f3n definitiva para las personas que se esfuerzan por elevar su tienda en l\u00ednea a alturas sin precedentes. Este tema meticulosamente elaborado pone un gran \u00e9nfasis en las tasas de conversi\u00f3n, que abarca una variedad de caracter\u00edsticas esenciales con todo incluido adaptadas para optimizar su sitio y impulsar las ventas a nuevas alturas. Con un dise\u00f1o elegante y contempor\u00e1neo, as\u00ed como una variedad de opciones de personalizaci\u00f3n sin esfuerzo, este tema se integra perfectamente con las plataformas de comercio electr\u00f3nico l\u00edderes, lo que permite la creaci\u00f3n de un sitio web profesionalmente pulido que cautiva y obliga a los clientes potenciales a convertir. Adem\u00e1s, el tema MinimOgWP se enorgullece de su naturaleza receptiva y de carga r\u00e1pida, que garantiza una experiencia de usuario ininterrumpida en todos los dispositivos, independientemente del tama\u00f1o o la plataforma de la pantalla. Otorgue a su tienda en l\u00ednea la mejora muy necesaria que merece con el tema incomparable de comercio electr\u00f3nico MinimOgwp High Convertir.<\/p>\n","protected":false},"featured_media":166786,"comment_status":"open","ping_status":"open","template":"","meta":[],"product_brand":[2337],"product_cat":[1263,1264,1237],"product_tag":[1391],"class_list":{"0":"post-128370","1":"product","2":"type-product","3":"status-publish","4":"has-post-thumbnail","6":"product_brand-themeforest","7":"product_cat-comercio-electronico-temas","8":"product_cat-negocio","9":"product_cat-temas","10":"product_tag-themeforest","11":"member-discount","12":"discount-restricted","14":"first","15":"instock","16":"sale","17":"downloadable","18":"virtual","19":"sold-individually","20":"purchasable","21":"product-type-simple"},"_links":{"self":[{"href":"https:\/\/gpl-love.com\/es\/wp-json\/wp\/v2\/product\/128370","targetHints":{"allow":["GET"]}}],"collection":[{"href":"https:\/\/gpl-love.com\/es\/wp-json\/wp\/v2\/product"}],"about":[{"href":"https:\/\/gpl-love.com\/es\/wp-json\/wp\/v2\/types\/product"}],"replies":[{"embeddable":true,"href":"https:\/\/gpl-love.com\/es\/wp-json\/wp\/v2\/comments?post=128370"}],"wp:featuredmedia":[{"embeddable":true,"href":"https:\/\/gpl-love.com\/es\/wp-json\/wp\/v2\/media\/166786"}],"wp:attachment":[{"href":"https:\/\/gpl-love.com\/es\/wp-json\/wp\/v2\/media?parent=128370"}],"wp:term":[{"taxonomy":"product_brand","embeddable":true,"href":"https:\/\/gpl-love.com\/es\/wp-json\/wp\/v2\/product_brand?post=128370"},{"taxonomy":"product_cat","embeddable":true,"href":"https:\/\/gpl-love.com\/es\/wp-json\/wp\/v2\/product_cat?post=128370"},{"taxonomy":"product_tag","embeddable":true,"href":"https:\/\/gpl-love.com\/es\/wp-json\/wp\/v2\/product_tag?post=128370"}],"curies":[{"name":"wp","href":"https:\/\/api.w.org\/{rel}","templated":true}]}}