{"id":128368,"date":"2026-04-10T00:00:00","date_gmt":"2026-04-10T05:00:00","guid":{"rendered":"https:\/\/gpl-love.com\/es\/producto\/masterstudy-lms-pro\/"},"modified":"2026-04-10T11:16:00","modified_gmt":"2026-04-10T16:16:00","slug":"masterstudy-lms-pro","status":"publish","type":"product","link":"https:\/\/gpl-love.com\/es\/producto\/masterstudy-lms-pro\/","title":{"rendered":"MasterStudy LMS Pro 4.8.15"},"content":{"rendered":"<h3>MasterStudy LMS Pro Caracteristicas<\/h3>\n<p>MasterStudy LMS Pro, un sistema de gesti\u00f3n de aprendizaje incre\u00edblemente robusto y altamente adaptable, ha sido ingeniosamente elaborado para proporcionar a los estudiantes una experiencia educativa incre\u00edblemente suave y perfecta. Esta plataforma excepcional ha sido dise\u00f1ada espec\u00edficamente para capacitar a los educadores en su b\u00fasqueda para crear y supervisar cursos en l\u00ednea, monitorear efectivamente el progreso de los estudiantes y ofrecer evaluaciones y certificaciones integrales. Con sus funcionalidades notablemente avanzadas, Master -Study LMS Pro equipa a los educadores con la capacidad de personalizar y adaptar el contenido del curso, administrar efectivamente las inscripciones de los estudiantes y comunicarse sin esfuerzo con los alumnos. Adem\u00e1s, este notable sistema cuenta con una variedad de pasarelas de pago y respalda robustas m\u00faltiples idiomas, lo que atiende al grupo demogr\u00e1fico de estudiantes diversos y multiculturales. En general, los educadores en busca de una herramienta excepcional para crear cursos en l\u00ednea din\u00e1micos y cautivadores no necesitan buscar m\u00e1s all\u00e1 de la excelencia incomparable de Master -Study LMS Pro.<\/p>\n<ul>\n<li>Un sistema de gesti\u00f3n de aprendizaje poderoso e integral<\/li>\n<li>Personalizable para satisfacer las necesidades de cualquier instituci\u00f3n u organizaci\u00f3n educativa<\/li>\n<li>Ofrece una amplia gama de caracter\u00edsticas, que incluyen creaci\u00f3n y gesti\u00f3n de cursos, gesti\u00f3n de estudiantes, cuestionarios y evaluaciones, discusiones de cursos y m\u00e1s<\/li>\n<li>Proporciona una interfaz f\u00e1cil de usar que facilita la navegaci\u00f3n y el uso<\/li>\n<li>Cumple con todos los principales est\u00e1ndares de aprendizaje electr\u00f3nico, incluidos SCORM y TIN CAN API<\/li>\n<li>Proporciona informes detallados y an\u00e1lisis para rastrear el rendimiento de los estudiantes y el progreso del curso<\/li>\n<li>Se integra a la perfecci\u00f3n con las populares plataformas de comercio electr\u00f3nico como WooCommerce y PayPal para un f\u00e1cil procesamiento de pagos<\/li>\n<li>Proporciona soporte multiling\u00fce para el alcance global<\/li>\n<li>Ofrece una variedad de complementos y extensiones para mejorar la funcionalidad y las opciones de personalizaci\u00f3n<\/li>\n<li>Proporciona una excelente atenci\u00f3n al cliente y actualizaciones y mejoras regulares.<\/li>\n<\/ul>\n","protected":false},"excerpt":{"rendered":"<p>MasterStudy LMS Pro, un sistema de gesti\u00f3n de aprendizaje incre\u00edblemente robusto y altamente efectivo dise\u00f1ado espec\u00edficamente tanto para educadores como para empresas, ha sido meticulosamente elaborado para facilitar la entrega de experiencias de aprendizaje electr\u00f3nico que abarca todo. Con una gran cantidad de funcionalidades de vanguardia, incluida, entre otros, la creaci\u00f3n de cursos, la gesti\u00f3n de las inscripciones, el monitoreo del progreso, la provisi\u00f3n de asistencia multimedia, as\u00ed como la implementaci\u00f3n de evaluaciones interactivas, MasterStudy LMS Pro emerge como la Soluci\u00f3n final para aquellos que buscan dispensar cursos en l\u00ednea cautivadores. Su naturaleza f\u00e1cil de usar, junto con una amplia gama de dise\u00f1os y plantillas personalizables, lo convierte en la opci\u00f3n por excelencia para entrenadores, entrenadores e individuos que aspiran a ofrecer cursos profesionales en l\u00ednea profesionales de nivel superior.<\/p>\n","protected":false},"featured_media":166705,"comment_status":"open","ping_status":"open","template":"","meta":[],"product_brand":[2493],"product_cat":[1214,1206,1211],"product_tag":[2266],"class_list":{"0":"post-128368","1":"product","2":"type-product","3":"status-publish","4":"has-post-thumbnail","6":"product_brand-stylemixthemes","7":"product_cat-personalizacion","8":"product_cat-plugins","9":"product_cat-wordpress-plugins","10":"product_tag-stylemixthemes","11":"member-discount","12":"discount-restricted","14":"first","15":"instock","16":"sale","17":"downloadable","18":"virtual","19":"sold-individually","20":"purchasable","21":"product-type-simple"},"_links":{"self":[{"href":"https:\/\/gpl-love.com\/es\/wp-json\/wp\/v2\/product\/128368","targetHints":{"allow":["GET"]}}],"collection":[{"href":"https:\/\/gpl-love.com\/es\/wp-json\/wp\/v2\/product"}],"about":[{"href":"https:\/\/gpl-love.com\/es\/wp-json\/wp\/v2\/types\/product"}],"replies":[{"embeddable":true,"href":"https:\/\/gpl-love.com\/es\/wp-json\/wp\/v2\/comments?post=128368"}],"wp:featuredmedia":[{"embeddable":true,"href":"https:\/\/gpl-love.com\/es\/wp-json\/wp\/v2\/media\/166705"}],"wp:attachment":[{"href":"https:\/\/gpl-love.com\/es\/wp-json\/wp\/v2\/media?parent=128368"}],"wp:term":[{"taxonomy":"product_brand","embeddable":true,"href":"https:\/\/gpl-love.com\/es\/wp-json\/wp\/v2\/product_brand?post=128368"},{"taxonomy":"product_cat","embeddable":true,"href":"https:\/\/gpl-love.com\/es\/wp-json\/wp\/v2\/product_cat?post=128368"},{"taxonomy":"product_tag","embeddable":true,"href":"https:\/\/gpl-love.com\/es\/wp-json\/wp\/v2\/product_tag?post=128368"}],"curies":[{"name":"wp","href":"https:\/\/api.w.org\/{rel}","templated":true}]}}