{"id":128281,"date":"2026-01-10T00:00:00","date_gmt":"2026-01-10T05:00:00","guid":{"rendered":"https:\/\/gpl-love.com\/es\/producto\/wp-sheet-editor-comments-pro\/"},"modified":"2026-03-09T08:29:45","modified_gmt":"2026-03-09T13:29:45","slug":"wp-sheet-editor-comments-pro","status":"publish","type":"product","link":"https:\/\/gpl-love.com\/es\/producto\/wp-sheet-editor-comments-pro\/","title":{"rendered":"WP Sheet Editor Comments Pro 1.1.39"},"content":{"rendered":"<h3>WP Sheet Editor Comments Pro Caracteristicas<\/h3>\n<p>WP Sheet Editor Comments Pro es un complemento de WordPress extraordinariamente potente e intuitivo que ofrece amplias capacidades para ayudar a los usuarios a administrar y organizar de manera efectiva los datos de comentarios. Su funcionalidad permite a los usuarios ver, modificar y supervisar los comentarios tanto del front-end como de sus sitios web. Este complemento excepcional no solo facilita la actualizaci\u00f3n de los estados de comentarios y la moderaci\u00f3n de comentarios, sino que tambi\u00e9n simplifica la tarea tediosa de los datos de comentarios de edici\u00f3n masiva. Adem\u00e1s, el editor de la hoja de WP comenta Pro presenta a los usuarios una notable variedad de opciones de personalizaci\u00f3n, otorg\u00e1ndoles la capacidad de personalizar columnas, filtros y visibilidad de campo. Al emplear las caracter\u00edsticas notables de los comentarios del editor de la hoja de WP Pro, los usuarios de WordPress pueden mantenerse de manera efectiva por delante del juego cuando se trata de la gesti\u00f3n de datos de comentarios, asegurando que el contenido en sus sitios web mantenga su m\u00e1xima calidad y permanece sin contaminar por spam.<\/p>\n<ul>\n<li>Permite comentarios y colaboraci\u00f3n f\u00e1ciles dentro de las hojas de c\u00e1lculo de WordPress<\/li>\n<li>Ahorra tiempo eliminando la necesidad de herramientas de comentarios externas o hojas de c\u00e1lculo<\/li>\n<li>Proporciona una ubicaci\u00f3n centralizada para que los miembros del equipo discutan ediciones y actualizaciones a hojas de c\u00e1lculo<\/li>\n<li>Incluye caracter\u00edsticas como notificaciones, hilos de respuesta y menciones de usuario para una comunicaci\u00f3n eficiente<\/li>\n<li>Permite la configuraci\u00f3n de campos de comentarios y permisos personalizables para un mayor control sobre la colaboraci\u00f3n<\/li>\n<li>Mejora la productividad y la organizaci\u00f3n al racionalizar la retroalimentaci\u00f3n y las discusiones sobre los cambios en la hoja de c\u00e1lculo<\/li>\n<li>Compatible con varios complementos y temas de WordPress para la integraci\u00f3n perfecta en los flujos de trabajo existentes<\/li>\n<li>Proporciona una interfaz f\u00e1cil de usar para una f\u00e1cil navegaci\u00f3n y uso con una capacitaci\u00f3n m\u00ednima requerida<\/li>\n<li>Mejora la comunicaci\u00f3n y la colaboraci\u00f3n del equipo para una gesti\u00f3n de proyectos m\u00e1s eficiente y efectiva.<\/li>\n<\/ul>\n","protected":false},"excerpt":{"rendered":"<p>WP Sheet Editor Comments Pro es un complemento de WordPress excepcionalmente robusto y altamente efectivo que tiene como objetivo optimizar y optimizar todo el proceso de gesti\u00f3n de comentarios en su estimado sitio web. Este notable complemento ofrece una variedad de funcionalidades notables, lo que permite a los usuarios examinar, modificar y eliminar los comentarios en masa, todo dentro de una interfaz de hoja de c\u00e1lculo unificada y altamente intuitiva. Adem\u00e1s, el complemento cuenta con una gran cantidad de opciones avanzadas de b\u00fasqueda y filtro, lo que permite a los usuarios localizar de manera r\u00e1pida y eficiente los comentarios precisos que buscan. Con su versatilidad y eficiencia incomparables, este complemento demuestra ser un activo indispensable para los propietarios y administradores del sitio web que buscan supervisar impecablemente y supervisando las secciones de comentarios de sus sitios de WordPress meticulosamente dise\u00f1ados.<\/p>\n","protected":false},"featured_media":168449,"comment_status":"open","ping_status":"open","template":"","meta":[],"product_brand":[2637],"product_cat":[1212,1206,1211],"product_tag":[1566],"class_list":{"0":"post-128281","1":"product","2":"type-product","3":"status-publish","4":"has-post-thumbnail","6":"product_brand-wp-sheet-editor","7":"product_cat-administracion-wordpress-plugins","8":"product_cat-plugins","9":"product_cat-wordpress-plugins","10":"product_tag-wp-sheet-editor","11":"member-discount","12":"discount-restricted","14":"first","15":"instock","16":"sale","17":"downloadable","18":"virtual","19":"sold-individually","20":"purchasable","21":"product-type-simple"},"_links":{"self":[{"href":"https:\/\/gpl-love.com\/es\/wp-json\/wp\/v2\/product\/128281","targetHints":{"allow":["GET"]}}],"collection":[{"href":"https:\/\/gpl-love.com\/es\/wp-json\/wp\/v2\/product"}],"about":[{"href":"https:\/\/gpl-love.com\/es\/wp-json\/wp\/v2\/types\/product"}],"replies":[{"embeddable":true,"href":"https:\/\/gpl-love.com\/es\/wp-json\/wp\/v2\/comments?post=128281"}],"wp:featuredmedia":[{"embeddable":true,"href":"https:\/\/gpl-love.com\/es\/wp-json\/wp\/v2\/media\/168449"}],"wp:attachment":[{"href":"https:\/\/gpl-love.com\/es\/wp-json\/wp\/v2\/media?parent=128281"}],"wp:term":[{"taxonomy":"product_brand","embeddable":true,"href":"https:\/\/gpl-love.com\/es\/wp-json\/wp\/v2\/product_brand?post=128281"},{"taxonomy":"product_cat","embeddable":true,"href":"https:\/\/gpl-love.com\/es\/wp-json\/wp\/v2\/product_cat?post=128281"},{"taxonomy":"product_tag","embeddable":true,"href":"https:\/\/gpl-love.com\/es\/wp-json\/wp\/v2\/product_tag?post=128281"}],"curies":[{"name":"wp","href":"https:\/\/api.w.org\/{rel}","templated":true}]}}