{"id":128280,"date":"2026-01-10T00:00:00","date_gmt":"2026-01-10T05:00:00","guid":{"rendered":"https:\/\/gpl-love.com\/es\/producto\/wp-sheet-editor-events-pro\/"},"modified":"2026-03-09T08:29:52","modified_gmt":"2026-03-09T13:29:52","slug":"wp-sheet-editor-events-pro","status":"publish","type":"product","link":"https:\/\/gpl-love.com\/es\/producto\/wp-sheet-editor-events-pro\/","title":{"rendered":"WP Sheet Editor Events Pro 1.1.38"},"content":{"rendered":"<h3>WP Sheet Editor Events Pro Caracteristicas<\/h3>\n<p>WP Sheet Editor Events Pro es una herramienta incre\u00edblemente robusta y eficiente que ofrece a sus usuarios la capacidad de administrar y editar eventos sin esfuerzo y expedito dentro de la plataforma WordPress. Al utilizar este complemento, las personas pueden generar hojas de eventos personalizadas, importar y exportar datos de eventos, y realizar ediciones masivas en eventos con un esfuerzo m\u00ednimo. Adem\u00e1s, este complemento est\u00e1 equipado con una variedad de caracter\u00edsticas avanzadas, incluido el formato autom\u00e1tico de la fecha, la capacidad de crear campos de eventos personalizados y la capacidad de crear eventos recurrentes. Independientemente de si uno est\u00e1 supervisando un calendario modesto o un programa de eventos extenso, WP Sheet Editor Events Pro es una herramienta indispensable e invaluable que optimiza todo el proceso y ahorra una cantidad significativa de tiempo precioso.<\/p>\n<ul>\n<li>Integre sin problemas los eventos de calendario en WordPress con facilidad<\/li>\n<li>Crear y administrar eventos directamente en su tablero de WordPress<\/li>\n<li>Campos de eventos personalizables para satisfacer sus necesidades espec\u00edficas<\/li>\n<li>Arrastre y suelte la interfaz para una f\u00e1cil programaci\u00f3n de eventos<\/li>\n<li>Opciones de filtrado avanzadas para clasificar los eventos por fecha, categor\u00eda y m\u00e1s<\/li>\n<li>Sincronizar con Google Calendar para mantener sus eventos actualizados en todas las plataformas<\/li>\n<li>Admite eventos recurrentes para una f\u00e1cil programaci\u00f3n de ocurrencias regulares<\/li>\n<li>Eventos de c\u00f3digo de color para distinguir f\u00e1cilmente entre diferentes tipos de eventos<\/li>\n<li>Genere autom\u00e1ticamente los horarios y calendarios de eventos en su sitio de WordPress<\/li>\n<li>Soporte incorporado para la venta de entradas e integraci\u00f3n de comercio electr\u00f3nico<\/li>\n<\/ul>\n","protected":false},"excerpt":{"rendered":"<p>WP Sheet Editor Events Pro es un software muy robusto y potente que permite a los usuarios la capacidad de manejar y modificar de manera eficiente los datos de eventos directamente dentro de una hoja de c\u00e1lculo. Esta herramienta excepcional posee una variedad de cualidades f\u00e1ciles de usar, como la flexibilidad para personalizar los campos de eventos y la conveniencia de las opciones de edici\u00f3n a granel, lo que hace que sea una tarea notablemente sin esfuerzo para mantener un seguimiento y actualizar r\u00e1pidamente los detalles del evento. Adem\u00e1s, este notable complemento se integra perfectamente con complementos de calendario prominentes como el calendario de Google, present\u00e1ndose as\u00ed como una soluci\u00f3n que lo abarca todo y para el prop\u00f3sito de la gesti\u00f3n de eventos. Independientemente de si est\u00e1 involucrado en la organizaci\u00f3n de una reuni\u00f3n modesta o una conferencia elaborada, la notable WP Pood Editor Events Pro Extension ofrece una v\u00eda extremadamente aerodin\u00e1mica y sin problemas para administrar efectivamente su amplia gama de eventos.<\/p>\n","protected":false},"featured_media":168453,"comment_status":"open","ping_status":"open","template":"","meta":[],"product_brand":[2637],"product_cat":[1212,1206,1211],"product_tag":[1566],"class_list":{"0":"post-128280","1":"product","2":"type-product","3":"status-publish","4":"has-post-thumbnail","6":"product_brand-wp-sheet-editor","7":"product_cat-administracion-wordpress-plugins","8":"product_cat-plugins","9":"product_cat-wordpress-plugins","10":"product_tag-wp-sheet-editor","11":"member-discount","12":"discount-restricted","14":"first","15":"instock","16":"sale","17":"downloadable","18":"virtual","19":"sold-individually","20":"purchasable","21":"product-type-simple"},"_links":{"self":[{"href":"https:\/\/gpl-love.com\/es\/wp-json\/wp\/v2\/product\/128280","targetHints":{"allow":["GET"]}}],"collection":[{"href":"https:\/\/gpl-love.com\/es\/wp-json\/wp\/v2\/product"}],"about":[{"href":"https:\/\/gpl-love.com\/es\/wp-json\/wp\/v2\/types\/product"}],"replies":[{"embeddable":true,"href":"https:\/\/gpl-love.com\/es\/wp-json\/wp\/v2\/comments?post=128280"}],"wp:featuredmedia":[{"embeddable":true,"href":"https:\/\/gpl-love.com\/es\/wp-json\/wp\/v2\/media\/168453"}],"wp:attachment":[{"href":"https:\/\/gpl-love.com\/es\/wp-json\/wp\/v2\/media?parent=128280"}],"wp:term":[{"taxonomy":"product_brand","embeddable":true,"href":"https:\/\/gpl-love.com\/es\/wp-json\/wp\/v2\/product_brand?post=128280"},{"taxonomy":"product_cat","embeddable":true,"href":"https:\/\/gpl-love.com\/es\/wp-json\/wp\/v2\/product_cat?post=128280"},{"taxonomy":"product_tag","embeddable":true,"href":"https:\/\/gpl-love.com\/es\/wp-json\/wp\/v2\/product_tag?post=128280"}],"curies":[{"name":"wp","href":"https:\/\/api.w.org\/{rel}","templated":true}]}}