{"id":128153,"date":"2025-12-23T00:00:00","date_gmt":"2025-12-23T05:00:00","guid":{"rendered":"https:\/\/gpl-love.com\/es\/producto\/woocommerce-multi-locations-inventory-management\/"},"modified":"2026-03-09T08:23:03","modified_gmt":"2026-03-09T13:23:03","slug":"woocommerce-multi-locations-inventory-management","status":"publish","type":"product","link":"https:\/\/gpl-love.com\/es\/producto\/woocommerce-multi-locations-inventory-management\/","title":{"rendered":"WooCommerce Multi Locations Inventory Management 4.2.13"},"content":{"rendered":"<h3>WooCommerce Multi Locations Inventory Management Caracteristicas<\/h3>\n<p>La herramienta de gesti\u00f3n de inventario de ubicaciones m\u00faltiples de WooCommerce es un activo incre\u00edblemente robusto e influyente para los propietarios de tiendas que buscan administrar de manera eficiente y efectiva su inventario en m\u00faltiples ubicaciones. Esta herramienta rica en caracter\u00edsticas lo capacita con la capacidad de monitorear y controlar sin esfuerzo los niveles de stock en cada ubicaci\u00f3n individual, estableciendo umbrales m\u00ednimos y m\u00e1ximos para cada producto en su inventario. Adem\u00e1s, incluso le otorga el poder de generar notificaciones autom\u00e1ticas cada vez que los niveles de inventario descienden por debajo de un punto designado, lo que garantiza que nunca sea v\u00edctima de existencias agotadas. Esta valiosa funcionalidad simplifica la ardua tarea de reformular los productos y garantiza que sus estimados clientes disfrutar\u00e1n perpetuamente de acceso sin obst\u00e1culos a los art\u00edculos esenciales que requieren. Adem\u00e1s, adem\u00e1s de estas caracter\u00edsticas notables, esta herramienta notable tambi\u00e9n le proporciona informes exhaustivos, que son fundamentales para facilitar el an\u00e1lisis meticuloso de sus niveles de inventario, lo que le permite tomar decisiones bien informadas sobre la mejor manera de optimizar su distribuci\u00f3n de acciones a lo largo de sus diversos. variedad de ubicaciones. Al adoptar la herramienta de gesti\u00f3n de inventario de ubicaciones m\u00faltiples de WooCommerce, puede optimizar sin esfuerzo sus procesos de gesti\u00f3n de inventario y, a su vez, elevar su eficiencia respectiva como propietario de la tienda exigente y diligente.<\/p>\n<ul>\n<li>Habilita la gesti\u00f3n de m\u00faltiples ubicaciones de inventario en WooCommerce<\/li>\n<li>Permite el seguimiento de los niveles de existencias y las actualizaciones de inventario autom\u00e1tico en todas las ubicaciones<\/li>\n<li>Opciones de configuraci\u00f3n personalizables para cada ubicaci\u00f3n, incluidos los umbrales de stock y las reglas de transferencia<\/li>\n<li>Ver y administrar f\u00e1cilmente los niveles de inventario para cada ubicaci\u00f3n en un solo tablero<\/li>\n<li>Admite la importaci\u00f3n masiva y la exportaci\u00f3n de datos de inventario<\/li>\n<li>Facilita el cumplimiento de pedidos sin problemas mediante el enrutamiento autom\u00e1tico de los pedidos a la ubicaci\u00f3n apropiada con existencias disponibles<\/li>\n<li>Proporciona actualizaciones de inventario en tiempo real a los clientes para mejores experiencias de compra<\/li>\n<li>Ofrece informes y an\u00e1lisis integrales para la toma de decisiones informadas<\/li>\n<\/ul>\n","protected":false},"excerpt":{"rendered":"<p>WooCommerce Multi Ubations Inventory Management es una herramienta altamente encomiable y excepcionalmente beneficiosa que demuestra tener un valor inmenso para las empresas que operan en m\u00faltiples ubicaciones. Esta notable herramienta le permite supervisar y regular su inventario en todas sus ubicaciones, todo desde un solo tablero centralizado. En esencia, este complemento le otorga la capacidad sin precedentes para establecer niveles de stock y monitorear meticulosamente los niveles de inventario para cada ubicaci\u00f3n individual en la que opera su empresa. Adem\u00e1s de estas incre\u00edbles caracter\u00edsticas, esta herramienta tambi\u00e9n cuenta con una interfaz notablemente amigable para el usuario que facilita los problemas- Gesti\u00f3n de acciones gratuitas, cumplimiento y opciones de env\u00edo. Al aprovechar las innumerables ventajas que ofrece esta herramienta, puede mejorar sin esfuerzo y sustancialmente sus capacidades de gesti\u00f3n de inventario, optimizar sus procesos operativos y dirigir sin esfuerzo su negocio hacia el crecimiento y el \u00e9xito.<\/p>\n","protected":false},"featured_media":168165,"comment_status":"open","ping_status":"open","template":"","meta":[],"product_brand":[2339],"product_cat":[1208,1207,1206],"product_tag":[1256],"class_list":{"0":"post-128153","1":"product","2":"type-product","3":"status-publish","4":"has-post-thumbnail","6":"product_brand-codecanyon","7":"product_cat-administracion","8":"product_cat-comercio-electronico-plugins","9":"product_cat-plugins","10":"product_tag-codecanyon","11":"member-discount","12":"discount-restricted","14":"first","15":"instock","16":"sale","17":"downloadable","18":"virtual","19":"sold-individually","20":"purchasable","21":"product-type-simple"},"_links":{"self":[{"href":"https:\/\/gpl-love.com\/es\/wp-json\/wp\/v2\/product\/128153","targetHints":{"allow":["GET"]}}],"collection":[{"href":"https:\/\/gpl-love.com\/es\/wp-json\/wp\/v2\/product"}],"about":[{"href":"https:\/\/gpl-love.com\/es\/wp-json\/wp\/v2\/types\/product"}],"replies":[{"embeddable":true,"href":"https:\/\/gpl-love.com\/es\/wp-json\/wp\/v2\/comments?post=128153"}],"wp:featuredmedia":[{"embeddable":true,"href":"https:\/\/gpl-love.com\/es\/wp-json\/wp\/v2\/media\/168165"}],"wp:attachment":[{"href":"https:\/\/gpl-love.com\/es\/wp-json\/wp\/v2\/media?parent=128153"}],"wp:term":[{"taxonomy":"product_brand","embeddable":true,"href":"https:\/\/gpl-love.com\/es\/wp-json\/wp\/v2\/product_brand?post=128153"},{"taxonomy":"product_cat","embeddable":true,"href":"https:\/\/gpl-love.com\/es\/wp-json\/wp\/v2\/product_cat?post=128153"},{"taxonomy":"product_tag","embeddable":true,"href":"https:\/\/gpl-love.com\/es\/wp-json\/wp\/v2\/product_tag?post=128153"}],"curies":[{"name":"wp","href":"https:\/\/api.w.org\/{rel}","templated":true}]}}