{"id":128013,"date":"2025-02-04T00:00:00","date_gmt":"2025-02-04T05:00:00","guid":{"rendered":"https:\/\/gpl-love.com\/es\/producto\/writers-blogily\/"},"modified":"2026-03-13T17:33:36","modified_gmt":"2026-03-13T22:33:36","slug":"writers-blogily","status":"publish","type":"product","link":"https:\/\/gpl-love.com\/es\/producto\/writers-blogily\/","title":{"rendered":"Writers Blogily 123.7"},"content":{"rendered":"<h3>Writers Blogily Caracteristicas<\/h3>\n<p>Los escritores blogs, una plataforma muy estimada, presenta una gran cantidad de herramientas y recursos invaluables dise\u00f1ados meticulosamente para facilitar la mejora de las habilidades art\u00edsticas de los escritores y atraer atenci\u00f3n para sus obras maestras literarias. Esta plataforma cuenta con una interfaz incre\u00edblemente f\u00e1cil de usar, acompa\u00f1ada de una extensa gama de caracter\u00edsticas, como indicaciones de escritura que provocan reflexiones, consejos invaluables relacionados con la publicaci\u00f3n y estrategias de marketing astutas. En consecuencia, los escritores se destacan blogs como el ep\u00edtome de la perfecci\u00f3n tanto para escritores en ciernes y bien establecidos. Ya sea que est\u00e9 anhelando embarcarse en un nuevo esfuerzo de escritura fascinante, construir una presencia en l\u00ednea formidable o establecer conexiones profundas con otros trabajadores de palabras, los escritores blogs son el cenit inigualable, que le otorga todas las herramientas indispensables necesarias para actualizar sus ambiciones. Desde la difusi\u00f3n de contenido superlativo e incomparable hasta la provisi\u00f3n de un abogado sagaz de profesionales experimentados, esta plataforma demuestra que es la m\u00e1xima panacea, que atiende a las necesidades exigentes de cualquier individuo que se esfuerza por trascender los l\u00edmites literarios y catapultar sus alturas de escritura sin precedentes.<\/p>\n<ul>\n<li>Una plataforma dise\u00f1ada espec\u00edficamente para que los escritores se conecten entre s\u00ed y compartan su trabajo<\/li>\n<li>Incluye caracter\u00edsticas como p\u00e1ginas de perfil personalizables, documentos de escritura y una red de blogs<\/li>\n<li>Permite a los usuarios recibir comentarios sobre su escritura de una comunidad de apoyo de compa\u00f1eros escritores<\/li>\n<li>Brinda oportunidades para la creaci\u00f3n de redes y la colaboraci\u00f3n, as\u00ed como la exposici\u00f3n para su escritura a trav\u00e9s de la red de blogs<\/li>\n<li>Ofrece una interfaz f\u00e1cil de usar y una navegaci\u00f3n f\u00e1cil para una experiencia de usuario perfecta<\/li>\n<li>Diversa comunidad de escritores de diversos or\u00edgenes y g\u00e9neros<\/li>\n<li>Espacio seguro y acogedor para que los escritores se expresen y muestren sus talentos<\/li>\n<li>Actualizado regularmente con nuevas funciones y contenido para mejorar la experiencia del usuario.<\/li>\n<\/ul>\n","protected":false},"excerpt":{"rendered":"<p>Los escritores blogs, una plataforma excepcional, se ha convertido en una fuerza prominente para ayudar a los escritores a fabricar contenido de blog cautivador y persuasivo. A trav\u00e9s de su interfaz f\u00e1cil de usar y su formidable arsenal de herramientas de escritura, los escritores empoderan sin esfuerzo en varios niveles de habilidad para construir publicaciones de calibre superior, hipnotizando efectivamente sus lectores. Independientemente de si usted es un tipo de palabras experimentado que busca trascender los l\u00edmites y elevar el estado de su blog o un novato en su viaje de escritura, los escritores se destacan en el recurso por excelencia para facilitar sus triunfos. Por lo tanto, \u00bfpor qu\u00e9 retrasar m\u00e1s? \u00a1Aprovecha la oportunidad y reg\u00edstrese hoy, embarcando en tu aventura de blogs con una confianza inquebrantable!<\/p>\n","protected":false},"featured_media":168561,"comment_status":"open","ping_status":"open","template":"","meta":[],"product_brand":[2378],"product_cat":[1245,1237,1238],"product_tag":[2262],"class_list":{"0":"post-128013","1":"product","2":"type-product","3":"status-publish","4":"has-post-thumbnail","6":"product_brand-superb-themes","7":"product_cat-blog-revista","8":"product_cat-temas","9":"product_cat-wordpress-temas","10":"product_tag-superb-themes","11":"member-discount","12":"discount-restricted","14":"first","15":"instock","16":"sale","17":"downloadable","18":"virtual","19":"sold-individually","20":"purchasable","21":"product-type-simple"},"_links":{"self":[{"href":"https:\/\/gpl-love.com\/es\/wp-json\/wp\/v2\/product\/128013","targetHints":{"allow":["GET"]}}],"collection":[{"href":"https:\/\/gpl-love.com\/es\/wp-json\/wp\/v2\/product"}],"about":[{"href":"https:\/\/gpl-love.com\/es\/wp-json\/wp\/v2\/types\/product"}],"replies":[{"embeddable":true,"href":"https:\/\/gpl-love.com\/es\/wp-json\/wp\/v2\/comments?post=128013"}],"wp:featuredmedia":[{"embeddable":true,"href":"https:\/\/gpl-love.com\/es\/wp-json\/wp\/v2\/media\/168561"}],"wp:attachment":[{"href":"https:\/\/gpl-love.com\/es\/wp-json\/wp\/v2\/media?parent=128013"}],"wp:term":[{"taxonomy":"product_brand","embeddable":true,"href":"https:\/\/gpl-love.com\/es\/wp-json\/wp\/v2\/product_brand?post=128013"},{"taxonomy":"product_cat","embeddable":true,"href":"https:\/\/gpl-love.com\/es\/wp-json\/wp\/v2\/product_cat?post=128013"},{"taxonomy":"product_tag","embeddable":true,"href":"https:\/\/gpl-love.com\/es\/wp-json\/wp\/v2\/product_tag?post=128013"}],"curies":[{"name":"wp","href":"https:\/\/api.w.org\/{rel}","templated":true}]}}