{"id":128011,"date":"2025-02-04T00:00:00","date_gmt":"2025-02-04T05:00:00","guid":{"rendered":"https:\/\/gpl-love.com\/es\/producto\/wordly\/"},"modified":"2026-03-13T17:33:14","modified_gmt":"2026-03-13T22:33:14","slug":"wordly","status":"publish","type":"product","link":"https:\/\/gpl-love.com\/es\/producto\/wordly\/","title":{"rendered":"Wordly 108.0"},"content":{"rendered":"<h3>Wordly Caracteristicas<\/h3>\n<p>Wordly, una soluci\u00f3n de software altamente efectiva y eficiente, sirve al prop\u00f3sito de racionalizar y optimizar el an\u00e1lisis y el procesamiento del texto. Dise\u00f1ado espec\u00edficamente para atender a empresas y organizaciones de todos los tama\u00f1os, Wordly presenta una extensa gama de herramientas y caracter\u00edsticas que facilitan en gran medida el an\u00e1lisis y comprensi\u00f3n de grandes cantidades de datos textuales. Wordly permite a los usuarios la capacidad de clasificar y etiquetar con precisi\u00f3n el texto, discernir temas y tendencias cruciales, y generar ideas e informes significativos que se pueden actuar. Independientemente de si su objetivo es mejorar la satisfacci\u00f3n del cliente, monitorear el sentimiento de las redes sociales o obtener una comprensi\u00f3n profunda de la reputaci\u00f3n de su marca, Wordly es la soluci\u00f3n definitiva para usted. Por lo tanto, si est\u00e1 en busca de una soluci\u00f3n de an\u00e1lisis de texto robusta y f\u00e1cil de usar, su b\u00fasqueda termina con el notable software conocido como Wordly.<\/p>\n<ul>\n<li>Una herramienta de aprendizaje de idiomas digitales dise\u00f1ada para ayudar a los usuarios a expandir su vocabulario y mejorar sus habilidades ling\u00fc\u00edsticas.<\/li>\n<li>Incluye varios modos de compromiso, como juegos, tarjetas y ejercicios.<\/li>\n<li>Ofrece aprendizaje personalizado a trav\u00e9s de tecnolog\u00eda adaptativa que se ajusta al nivel y al progreso del usuario.<\/li>\n<li>Cubre una amplia gama de temas de lenguaje, incluidos sin\u00f3nimos, ant\u00f3nimos, modismos y m\u00e1s.<\/li>\n<li>Incluye grabaciones de audio y pronunciaciones de altavoces nativos para mejores habilidades de pronunciaci\u00f3n.<\/li>\n<li>Se puede usar en escritorios, computadoras port\u00e1tiles, tabletas y tel\u00e9fonos, lo que lo hace accesible para los usuarios en cualquier momento y lugar.<\/li>\n<li>Ofrece seguimiento y an\u00e1lisis de progreso del rendimiento del usuario, proporcionando informaci\u00f3n y recomendaciones para mejorar.<\/li>\n<li>Proporciona una experiencia de aprendizaje agradable y atractiva a trav\u00e9s de su interfaz f\u00e1cil de usar y dise\u00f1o atractivo.<\/li>\n<li>Apoya m\u00faltiples idiomas para proporcionar oportunidades de aprendizaje para personas de diferentes or\u00edgenes ling\u00fc\u00edsticos.<\/li>\n<\/ul>\n","protected":false},"excerpt":{"rendered":"<p>Wordly, un software innovador y avanzado de aprendizaje de idiomas, se destaca al ofrecer a los usuarios una gran cantidad de lecciones intuitivas y cautivadoras, lo que resulta en la capacidad de conquistar sin esfuerzo idiomas extranjeros en un marco de tiempo significativamente condensado. Este software excepcional est\u00e1 incluido con un repertorio de caracter\u00edsticas distintas, que incluyen planes de aprendizaje personalizados, ejercicios interactivos y simulaciones de escenarios realistas que sumergen efectivamente a los usuarios en las complejidades de su lenguaje elegido y sus complejidades culturales. Gracias al ingenioso dise\u00f1o de Wordly, los alumnos de idiomas pueden alcanzar sin problemas su nivel de fluidez deseado, todo mientras disfrutan de una experiencia de aprendizaje agradable y altamente eficiente.<\/p>\n","protected":false},"featured_media":168338,"comment_status":"open","ping_status":"open","template":"","meta":[],"product_brand":[2378],"product_cat":[1245,1237,1238],"product_tag":[2262],"class_list":{"0":"post-128011","1":"product","2":"type-product","3":"status-publish","4":"has-post-thumbnail","6":"product_brand-superb-themes","7":"product_cat-blog-revista","8":"product_cat-temas","9":"product_cat-wordpress-temas","10":"product_tag-superb-themes","11":"member-discount","12":"discount-restricted","14":"first","15":"instock","16":"sale","17":"downloadable","18":"virtual","19":"sold-individually","20":"purchasable","21":"product-type-simple"},"_links":{"self":[{"href":"https:\/\/gpl-love.com\/es\/wp-json\/wp\/v2\/product\/128011","targetHints":{"allow":["GET"]}}],"collection":[{"href":"https:\/\/gpl-love.com\/es\/wp-json\/wp\/v2\/product"}],"about":[{"href":"https:\/\/gpl-love.com\/es\/wp-json\/wp\/v2\/types\/product"}],"replies":[{"embeddable":true,"href":"https:\/\/gpl-love.com\/es\/wp-json\/wp\/v2\/comments?post=128011"}],"wp:featuredmedia":[{"embeddable":true,"href":"https:\/\/gpl-love.com\/es\/wp-json\/wp\/v2\/media\/168338"}],"wp:attachment":[{"href":"https:\/\/gpl-love.com\/es\/wp-json\/wp\/v2\/media?parent=128011"}],"wp:term":[{"taxonomy":"product_brand","embeddable":true,"href":"https:\/\/gpl-love.com\/es\/wp-json\/wp\/v2\/product_brand?post=128011"},{"taxonomy":"product_cat","embeddable":true,"href":"https:\/\/gpl-love.com\/es\/wp-json\/wp\/v2\/product_cat?post=128011"},{"taxonomy":"product_tag","embeddable":true,"href":"https:\/\/gpl-love.com\/es\/wp-json\/wp\/v2\/product_tag?post=128011"}],"curies":[{"name":"wp","href":"https:\/\/api.w.org\/{rel}","templated":true}]}}