{"id":127410,"date":"2022-05-11T00:00:00","date_gmt":"2022-05-11T05:00:00","guid":{"rendered":"https:\/\/gpl-love.com\/es\/producto\/zigzagpress-away\/"},"modified":"2026-03-13T17:35:34","modified_gmt":"2026-03-13T22:35:34","slug":"zigzagpress-away","status":"publish","type":"product","link":"https:\/\/gpl-love.com\/es\/producto\/zigzagpress-away\/","title":{"rendered":"ZigZagPress Away 1.0.0"},"content":{"rendered":"<h3>ZigZagPress Away Caracteristicas<\/h3>\n<p>ZigzagPress Away, un complemento de WordPress de alta calidad, ha sido complejo para mejorar el rendimiento del sitio web a trav\u00e9s de la optimizaci\u00f3n de im\u00e1genes, CSS y archivos JavaScript. Esta herramienta formidable ayuda efectivamente a los propietarios de sitios web en tiempos de carga decrecientes, elevando as\u00ed la satisfacci\u00f3n del usuario y, a su vez, aumentando las tasas de conversi\u00f3n. Adem\u00e1s, ZigzaGpress Away cuenta con una interfaz f\u00e1cil de usar, negando la necesidad de cualquier experiencia en codificaci\u00f3n y lo que la hace accesible tanto para los novatos como para los expertos experimentados. Adem\u00e1s, su compatibilidad con temas prevalentes de WordPress permite una integraci\u00f3n perfecta con otros complementos. En consecuencia, con ZigzagPress a su disposici\u00f3n, los propietarios de sitios web pueden expedir efectivamente el rendimiento de su sitio web, reforzar sus esfuerzos de SEO y seguir pasos por delante de sus competidores.<\/p>\n<ul>\n<li>Un complemento de WordPress poderoso e intuitivo dise\u00f1ado para optimizar el rendimiento y la seguridad de su sitio web<\/li>\n<li>Proporciona copias de seguridad del sitio sin esfuerzo, restauraciones r\u00e1pidas del sitio y migraciones f\u00e1ciles del sitio para garantizar que su sitio siempre est\u00e9 funcionando sin problemas<\/li>\n<li>Ofrece un conjunto integral de caracter\u00edsticas de seguridad y monitoreo, que incluyen detecci\u00f3n autom\u00e1tica de malware, protecci\u00f3n de firewall y escaneos de seguridad regulares<\/li>\n<li>Ayuda a mejorar la velocidad y los tiempos de carga de su sitio con las herramientas de almacenamiento en cach\u00e9 y de optimizaci\u00f3n incorporadas, lo que resulta en una mejor experiencia de usuario y una mayor clasificaci\u00f3n del motor de b\u00fasqueda<\/li>\n<li>Ofrece control completo sobre el dise\u00f1o y la funcionalidad de su sitio con temas y widgets personalizables, lo que le permite crear un sitio web \u00fanico y profesional con facilidad<\/li>\n<li>Viene con apoyo y actualizaciones de expertos para la m\u00e1xima tranquilidad y optimizaci\u00f3n continua del sitio.<\/li>\n<\/ul>\n","protected":false},"excerpt":{"rendered":"<p>ZigzagPress Away es una aplicaci\u00f3n de software incre\u00edblemente robusta y f\u00e1cil de usar que sirve para facilitar la administraci\u00f3n y la automatizaci\u00f3n del sitio web de WordPress. Al emplear su interfaz altamente intuitiva y aprovechar su riqueza de funcionalidades avanzadas, uno puede optimizar sin problemas la supervisi\u00f3n de su sitio web, optimizar su rendimiento y mejorar considerablemente su visibilidad en l\u00ednea. Ya sea que uno caiga en la categor\u00eda de un empresario empresarial a peque\u00f1a escala, un blogger prol\u00edfico o un desarrollador capaz, ZigzagPress fuera con la perfecci\u00f3n todos los requisitos esenciales, lo que permite a las personas maximizar completamente su presencia en l\u00ednea y alcanzar efectivamente sus objetivos. \u00a1No dude en explorar esta notable soluci\u00f3n hoy y presenciar personalmente los efectos transformadores que imparte!<\/p>\n","protected":false},"featured_media":168714,"comment_status":"open","ping_status":"open","template":"","meta":[],"product_brand":[2655],"product_cat":[1267,1237,1238],"product_tag":[2265],"class_list":{"0":"post-127410","1":"product","2":"type-product","3":"status-publish","4":"has-post-thumbnail","6":"product_brand-zig-zag-press","7":"product_cat-creativo","8":"product_cat-temas","9":"product_cat-wordpress-temas","10":"product_tag-zig-zag-press","11":"member-discount","12":"discount-restricted","14":"first","15":"instock","16":"sale","17":"downloadable","18":"virtual","19":"sold-individually","20":"purchasable","21":"product-type-simple"},"_links":{"self":[{"href":"https:\/\/gpl-love.com\/es\/wp-json\/wp\/v2\/product\/127410","targetHints":{"allow":["GET"]}}],"collection":[{"href":"https:\/\/gpl-love.com\/es\/wp-json\/wp\/v2\/product"}],"about":[{"href":"https:\/\/gpl-love.com\/es\/wp-json\/wp\/v2\/types\/product"}],"replies":[{"embeddable":true,"href":"https:\/\/gpl-love.com\/es\/wp-json\/wp\/v2\/comments?post=127410"}],"wp:featuredmedia":[{"embeddable":true,"href":"https:\/\/gpl-love.com\/es\/wp-json\/wp\/v2\/media\/168714"}],"wp:attachment":[{"href":"https:\/\/gpl-love.com\/es\/wp-json\/wp\/v2\/media?parent=127410"}],"wp:term":[{"taxonomy":"product_brand","embeddable":true,"href":"https:\/\/gpl-love.com\/es\/wp-json\/wp\/v2\/product_brand?post=127410"},{"taxonomy":"product_cat","embeddable":true,"href":"https:\/\/gpl-love.com\/es\/wp-json\/wp\/v2\/product_cat?post=127410"},{"taxonomy":"product_tag","embeddable":true,"href":"https:\/\/gpl-love.com\/es\/wp-json\/wp\/v2\/product_tag?post=127410"}],"curies":[{"name":"wp","href":"https:\/\/api.w.org\/{rel}","templated":true}]}}