{"id":127408,"date":"2022-05-11T00:00:00","date_gmt":"2022-05-11T05:00:00","guid":{"rendered":"https:\/\/gpl-love.com\/es\/producto\/zigzagpress-awaken\/"},"modified":"2026-03-13T17:35:33","modified_gmt":"2026-03-13T22:35:33","slug":"zigzagpress-awaken","status":"publish","type":"product","link":"https:\/\/gpl-love.com\/es\/producto\/zigzagpress-awaken\/","title":{"rendered":"ZigZagPress Awaken 1.2.6"},"content":{"rendered":"<h3>ZigZagPress Awaken Caracteristicas<\/h3>\n<p>Zigzagpress Awaken, un tema de WordPress excepcional y de primer nivel, proporciona a las personas y las empresas un dise\u00f1o exquisito y contempor\u00e1neo, lo que lo convierte en la opci\u00f3n ideal para aquellos que desean establecer una identidad en l\u00ednea distinguida y sofisticada. Este tema cuenta con una p\u00e1gina de inicio que se puede personalizar para adaptarse a sus preferencias, ofreciendo una gran cantidad de posibilidades de dise\u00f1o. Adem\u00e1s, ofrece una variedad de formatos de publicaci\u00f3n y widgets personalizados que sin duda mejorar\u00e1n la visibilidad y el impacto de su contenido. Adem\u00e1s, ZigzagPress Awaken ha sido meticulosamente optimizado para dispositivos m\u00f3viles, lo que garantiza que su sitio web exhibir\u00e1 una apariencia impecable en pantallas de todos los tama\u00f1os. Con sus opciones de personalizaci\u00f3n f\u00e1cil de usar y su atenci\u00f3n al cliente incomparable, ZigzagPress Awaken, sin duda, demuestra ser una excelente selecci\u00f3n para cualquier persona que tenga como objetivo elevar el dise\u00f1o y la funcionalidad de su sitio web a nuevas alturas.<\/p>\n<ul>\n<li>Tema de WordPress \u00fanico y moderno para empresarios, bloggers y startups<\/li>\n<li>Dise\u00f1o receptivo con un dise\u00f1o limpio y minimalista<\/li>\n<li>Opciones de dise\u00f1o de inicio flexible y dise\u00f1o de blog para satisfacer las necesidades individuales<\/li>\n<li>Opciones de personalizaci\u00f3n y marca incorporadas para garantizar una apariencia \u00fanica<\/li>\n<li>SEO optimizado para mejorar la clasificaci\u00f3n del motor de b\u00fasqueda<\/li>\n<li>Compatible con complementos populares de WordPress como WooCommerce y MailChimp<\/li>\n<li>Actualizaciones y soporte regulares para la funcionalidad continua<\/li>\n<li>Interfaz de usuario intuitiva y caracter\u00edsticas f\u00e1ciles de administrar para la gesti\u00f3n de sitios web sin problemas<\/li>\n<li>Dise\u00f1ado con la experiencia del usuario en mente para mejorar las tasas de compromiso y conversi\u00f3n<\/li>\n<li>Construido con c\u00f3digo limpio y eficiente para mejorar la velocidad y el rendimiento del sitio web.<\/li>\n<\/ul>\n","protected":false},"excerpt":{"rendered":"<p>Zigzagpress Awaken es un tema de WordPress exquisitamente elaborado que personifica la sofisticaci\u00f3n y la est\u00e9tica contempor\u00e1nea, lo que lo convierte en una opci\u00f3n ideal para las personas que buscan curar una plataforma en l\u00ednea pulida y refinada. Este tema premium cuenta con una variedad de opciones y caracter\u00edsticas personalizables, incluida una p\u00e1gina de inicio totalmente personalizable, m\u00faltiples \u00e1reas de widgets estrat\u00e9gicamente ubicadas e integraci\u00f3n sin problemas con complementos muy aclamados que mejoran la funcionalidad del sitio web. Adem\u00e1s, la notable capacidad de respuesta del tema garantiza una experiencia de navegaci\u00f3n incomparable, independientemente del dispositivo empleado, lo que solidifica a\u00fan m\u00e1s su conveniencia. Con un compromiso inquebrantable para optimizar la experiencia del usuario y reforzar la funcionalidad general, ZigzagPress Awaken es muy recomendable para aspirantes a empresarios, blogueros influyentes y ambiciosos propietarios de peque\u00f1as empresas que anhelan forzar una presencia distintiva dentro del reino digital.<\/p>\n","protected":false},"featured_media":168713,"comment_status":"open","ping_status":"open","template":"","meta":[],"product_brand":[2655],"product_cat":[1267,1237,1238],"product_tag":[2265],"class_list":{"0":"post-127408","1":"product","2":"type-product","3":"status-publish","4":"has-post-thumbnail","6":"product_brand-zig-zag-press","7":"product_cat-creativo","8":"product_cat-temas","9":"product_cat-wordpress-temas","10":"product_tag-zig-zag-press","11":"member-discount","12":"discount-restricted","14":"first","15":"instock","16":"sale","17":"downloadable","18":"virtual","19":"sold-individually","20":"purchasable","21":"product-type-simple"},"_links":{"self":[{"href":"https:\/\/gpl-love.com\/es\/wp-json\/wp\/v2\/product\/127408","targetHints":{"allow":["GET"]}}],"collection":[{"href":"https:\/\/gpl-love.com\/es\/wp-json\/wp\/v2\/product"}],"about":[{"href":"https:\/\/gpl-love.com\/es\/wp-json\/wp\/v2\/types\/product"}],"replies":[{"embeddable":true,"href":"https:\/\/gpl-love.com\/es\/wp-json\/wp\/v2\/comments?post=127408"}],"wp:featuredmedia":[{"embeddable":true,"href":"https:\/\/gpl-love.com\/es\/wp-json\/wp\/v2\/media\/168713"}],"wp:attachment":[{"href":"https:\/\/gpl-love.com\/es\/wp-json\/wp\/v2\/media?parent=127408"}],"wp:term":[{"taxonomy":"product_brand","embeddable":true,"href":"https:\/\/gpl-love.com\/es\/wp-json\/wp\/v2\/product_brand?post=127408"},{"taxonomy":"product_cat","embeddable":true,"href":"https:\/\/gpl-love.com\/es\/wp-json\/wp\/v2\/product_cat?post=127408"},{"taxonomy":"product_tag","embeddable":true,"href":"https:\/\/gpl-love.com\/es\/wp-json\/wp\/v2\/product_tag?post=127408"}],"curies":[{"name":"wp","href":"https:\/\/api.w.org\/{rel}","templated":true}]}}