{"id":127406,"date":"2022-05-11T00:00:00","date_gmt":"2022-05-11T05:00:00","guid":{"rendered":"https:\/\/gpl-love.com\/es\/producto\/zigzagpress-brighter\/"},"modified":"2026-03-13T17:35:35","modified_gmt":"2026-03-13T22:35:35","slug":"zigzagpress-brighter","status":"publish","type":"product","link":"https:\/\/gpl-love.com\/es\/producto\/zigzagpress-brighter\/","title":{"rendered":"ZigZagPress Brighter 1.0.2"},"content":{"rendered":"<h3>ZigZagPress Brighter Caracteristicas<\/h3>\n<p>ZigzagPress Brighter es un tema de WordPress inmensamente poderoso y exquisitamente personalizable que es excepcionalmente adecuado para las personas que buscan elaborar un sitio web que exude la profesionalidad y la modernidad. Con un dise\u00f1o que es tanto pr\u00edstino como refinado, m\u00e1s brillante otorga a sus usuarios una est\u00e9tica pulida y sofisticada que se adapta a la aplicaci\u00f3n comercial y personal. Este tema est\u00e1 equipado con una amplia gama de caracter\u00edsticas y opciones, incluida una multitud de posibilidades de dise\u00f1o, la capacidad de personalizar los colores y las fuentes, y un formidable constructor de p\u00e1ginas que facilita la creaci\u00f3n sin esfuerzo de p\u00e1ginas y dise\u00f1os visualmente llamativos. Independientemente de si usted es un blogger m\u00e1s exigente, un freelancer creativo o un ambicioso propietario de peque\u00f1as empresas, Zigzagpress Brighter lo equipa con las herramientas necesarias para forjar una presencia en l\u00ednea indeleble que indudablemente lo impulsar\u00e1 hacia la realizaci\u00f3n de sus aspiraciones.<\/p>\n<ul>\n<li>Tema de WordPress de alta calidad dise\u00f1ado para bloggers y empresarios en l\u00ednea<\/li>\n<li>Dise\u00f1o moderno y visualmente atractivo con caracter\u00edsticas personalizables<\/li>\n<li>Con un dise\u00f1o receptivo que se adapta a diferentes dispositivos y tama\u00f1os de pantalla<\/li>\n<li>Optimizaci\u00f3n de SEO incorporada para mejorar la visibilidad del sitio web y la clasificaci\u00f3n del motor de b\u00fasqueda<\/li>\n<li>Velocidad de carga r\u00e1pida y c\u00f3digo optimizado para un mejor rendimiento del sitio web<\/li>\n<li>Compatible con complementos populares de WordPress como WooCommerce y Yoast SEO<\/li>\n<li>Incluye una gama de dise\u00f1os preconstruidos, widgets personalizados y plantillas de p\u00e1gina para facilitar la creaci\u00f3n del sitio web<\/li>\n<li>Acceso de por vida a actualizaciones de temas y atenci\u00f3n al cliente del equipo zigzagpress<\/li>\n<li>Perfecto para blogueros, trabajadores independientes, propietarios de peque\u00f1as empresas y cualquier persona que busque crear una presencia profesional y profesional en l\u00ednea.<\/li>\n<\/ul>\n","protected":false},"excerpt":{"rendered":"<p>Zigzagpress Brighter, un tema de WordPress excepcionalmente robusto creado con la intenci\u00f3n de mejorar el atractivo profesional y el encanto visual de su sitio web, est\u00e1 repleto de innumerables caracter\u00edsticas que lo convierten en una opci\u00f3n ideal para empresas, bloggers e individuos que buscan establecer una presencia en l\u00ednea \u00fanica. Con un dise\u00f1o elegante y contempor\u00e1neo, este tema garantiza una experiencia de usuario impecable en todos los dispositivos en virtud de su dise\u00f1o totalmente receptivo. Adem\u00e1s, ofrece una amplia gama de opciones de dise\u00f1o personalizables, lo que le permite dise\u00f1ar una est\u00e9tica distintiva sin esfuerzo que se alinea sin problemas con la identidad de su marca. Adem\u00e1s, el tema abarca una gran cantidad de funcionalidades adicionales, como un encabezado personalizado, \u00e1reas de widgets, una plantilla de ancho completo y mucho m\u00e1s. En consecuencia, ya sea un blog modesto o una plataforma multifac\u00e9tica de comercio electr\u00f3nico que aspira a establecer, ZigzagPress Brighter abarca todas las herramientas y recursos necesarios para que su sitio web irradie el brillantez.<\/p>\n","protected":false},"featured_media":168716,"comment_status":"open","ping_status":"open","template":"","meta":[],"product_brand":[2655],"product_cat":[1267,1237,1238],"product_tag":[2265],"class_list":{"0":"post-127406","1":"product","2":"type-product","3":"status-publish","4":"has-post-thumbnail","6":"product_brand-zig-zag-press","7":"product_cat-creativo","8":"product_cat-temas","9":"product_cat-wordpress-temas","10":"product_tag-zig-zag-press","11":"member-discount","12":"discount-restricted","14":"first","15":"instock","16":"sale","17":"downloadable","18":"virtual","19":"sold-individually","20":"purchasable","21":"product-type-simple"},"_links":{"self":[{"href":"https:\/\/gpl-love.com\/es\/wp-json\/wp\/v2\/product\/127406","targetHints":{"allow":["GET"]}}],"collection":[{"href":"https:\/\/gpl-love.com\/es\/wp-json\/wp\/v2\/product"}],"about":[{"href":"https:\/\/gpl-love.com\/es\/wp-json\/wp\/v2\/types\/product"}],"replies":[{"embeddable":true,"href":"https:\/\/gpl-love.com\/es\/wp-json\/wp\/v2\/comments?post=127406"}],"wp:featuredmedia":[{"embeddable":true,"href":"https:\/\/gpl-love.com\/es\/wp-json\/wp\/v2\/media\/168716"}],"wp:attachment":[{"href":"https:\/\/gpl-love.com\/es\/wp-json\/wp\/v2\/media?parent=127406"}],"wp:term":[{"taxonomy":"product_brand","embeddable":true,"href":"https:\/\/gpl-love.com\/es\/wp-json\/wp\/v2\/product_brand?post=127406"},{"taxonomy":"product_cat","embeddable":true,"href":"https:\/\/gpl-love.com\/es\/wp-json\/wp\/v2\/product_cat?post=127406"},{"taxonomy":"product_tag","embeddable":true,"href":"https:\/\/gpl-love.com\/es\/wp-json\/wp\/v2\/product_tag?post=127406"}],"curies":[{"name":"wp","href":"https:\/\/api.w.org\/{rel}","templated":true}]}}