{"id":127404,"date":"2022-05-11T00:00:00","date_gmt":"2022-05-11T05:00:00","guid":{"rendered":"https:\/\/gpl-love.com\/es\/producto\/zigzagpress-chic\/"},"modified":"2026-03-13T17:35:36","modified_gmt":"2026-03-13T22:35:36","slug":"zigzagpress-chic","status":"publish","type":"product","link":"https:\/\/gpl-love.com\/es\/producto\/zigzagpress-chic\/","title":{"rendered":"ZigZagPress Chic 1.3"},"content":{"rendered":"<h3>ZigZagPress Chic Caracteristicas<\/h3>\n<p>ZigzaGpress Chic, un exquisito tema de WordPress desarrollado espec\u00edficamente para blogueros de moda y sitios web de estilo de vida, es de calidad excepcional. Su dise\u00f1o no solo es limpio y moderno, sino que tambi\u00e9n posee un aire de elegancia y refinamiento, elevando la apariencia de cualquier sitio web que adorna. El tema es altamente adaptable y receptivo, asegurando que su contenido se presente de manera impecable en todo tipo de dispositivos. Adem\u00e1s, la facilidad con la que puede personalizar su sitio web se ve reforzada por el constructor de p\u00e1ginas de arrastrar y soltar incluido. Adem\u00e1s, CHIC proporciona una variedad de caracter\u00edsticas notables, como una integraci\u00f3n perfecta con plataformas de redes sociales, una amplia gama de widgets personalizables e incluso un formulario de contacto incorporado. Armado con el tema zigzagpress chic, puede crear sin esfuerzo un sitio web que exude belleza y profesionalismo en un per\u00edodo de tiempo notablemente corto.<\/p>\n<ul>\n<li>Dise\u00f1o elegante y moderno<\/li>\n<li>Totalmente receptivo y amigable para m\u00f3viles<\/li>\n<li>Compatible con el editor de Gutenberg<\/li>\n<li>Construido con marco de g\u00e9nesis<\/li>\n<li>Opciones de personalizaci\u00f3n f\u00e1ciles<\/li>\n<li>SEO optimizado<\/li>\n<li>Velocidad de carga r\u00e1pida<\/li>\n<li>Widgets personalizados y plantillas de p\u00e1gina incluidas<\/li>\n<li>Opci\u00f3n de importaci\u00f3n de demostraci\u00f3n de un solo clic para una f\u00e1cil configuraci\u00f3n<\/li>\n<li>Actualizaciones de temas regulares y soporte del equipo zigzagpress<\/li>\n<\/ul>\n","protected":false},"excerpt":{"rendered":"<p>Zigzagpress Chic es un tema de WordPress excepcionalmente robusto y visualmente atractivo que es ideal para crear sitios web impresionantes y contempor\u00e1neos sin esfuerzo. Este tema cuenta con una extensa gama de posibilidades de personalizaci\u00f3n, que comprende diversas alternativas de dise\u00f1o, una gran cantidad de esquemas de color y una tipograf\u00eda exquisitamente dise\u00f1ada. Adem\u00e1s, este tema muestra una capacidad de respuesta impecable, garantizando que su sitio web exude excelencia en cualquier dispositivo determinado, al tiempo que abarca todos los atributos esenciales requeridos para una funcionalidad \u00f3ptima, incluida la integraci\u00f3n de las redes sociales sin interrupciones, la optimizaci\u00f3n de SEO meticulosa y una variedad de caracter\u00edsticas complementarias. Ya sea que aspira a construir un blog personal \u00edntimo, un ilustre sitio de cartera o una pr\u00f3spera tienda en l\u00ednea, ZigzagPress Chic est\u00e1 inequ\u00edvocamente equipado con el conjunto de herramientas integral necesario para garantizar que su sitio web cautiva y se distingue del vasto paisaje digital.<\/p>\n","protected":false},"featured_media":168717,"comment_status":"open","ping_status":"open","template":"","meta":[],"product_brand":[2655],"product_cat":[1307,1237,1238],"product_tag":[2265],"class_list":{"0":"post-127404","1":"product","2":"type-product","3":"status-publish","4":"has-post-thumbnail","6":"product_brand-zig-zag-press","7":"product_cat-negocio-wordpress-temas","8":"product_cat-temas","9":"product_cat-wordpress-temas","10":"product_tag-zig-zag-press","11":"member-discount","12":"discount-restricted","14":"first","15":"instock","16":"sale","17":"downloadable","18":"virtual","19":"sold-individually","20":"purchasable","21":"product-type-simple"},"_links":{"self":[{"href":"https:\/\/gpl-love.com\/es\/wp-json\/wp\/v2\/product\/127404","targetHints":{"allow":["GET"]}}],"collection":[{"href":"https:\/\/gpl-love.com\/es\/wp-json\/wp\/v2\/product"}],"about":[{"href":"https:\/\/gpl-love.com\/es\/wp-json\/wp\/v2\/types\/product"}],"replies":[{"embeddable":true,"href":"https:\/\/gpl-love.com\/es\/wp-json\/wp\/v2\/comments?post=127404"}],"wp:featuredmedia":[{"embeddable":true,"href":"https:\/\/gpl-love.com\/es\/wp-json\/wp\/v2\/media\/168717"}],"wp:attachment":[{"href":"https:\/\/gpl-love.com\/es\/wp-json\/wp\/v2\/media?parent=127404"}],"wp:term":[{"taxonomy":"product_brand","embeddable":true,"href":"https:\/\/gpl-love.com\/es\/wp-json\/wp\/v2\/product_brand?post=127404"},{"taxonomy":"product_cat","embeddable":true,"href":"https:\/\/gpl-love.com\/es\/wp-json\/wp\/v2\/product_cat?post=127404"},{"taxonomy":"product_tag","embeddable":true,"href":"https:\/\/gpl-love.com\/es\/wp-json\/wp\/v2\/product_tag?post=127404"}],"curies":[{"name":"wp","href":"https:\/\/api.w.org\/{rel}","templated":true}]}}