{"id":127402,"date":"2022-05-11T00:00:00","date_gmt":"2022-05-11T05:00:00","guid":{"rendered":"https:\/\/gpl-love.com\/es\/producto\/zigzagpress-dulcis\/"},"modified":"2026-03-13T17:35:37","modified_gmt":"2026-03-13T22:35:37","slug":"zigzagpress-dulcis","status":"publish","type":"product","link":"https:\/\/gpl-love.com\/es\/producto\/zigzagpress-dulcis\/","title":{"rendered":"ZigZagPress Dulcis 1.1"},"content":{"rendered":"<h3>ZigZagPress Dulcis Caracteristicas<\/h3>\n<p>Zigzagpress Dulcis, un tema de WordPress altamente sofisticado y contempor\u00e1neo, ha sido meticulosamente elaborado tanto para empresas como para personas que buscan establecer una extraordinaria presencia en l\u00ednea. Con un dise\u00f1o elegante y refinado, Dulcis presenta una gran cantidad de opciones personalizables, que abarca varios dise\u00f1os, una paleta de colores vibrantes, diversas alternativas de tipograf\u00eda y una variedad de widgets. Este tema es excepcionalmente adaptativo, ajustando sin problemas a todos los dispositivos m\u00f3viles, asegurando as\u00ed que su sitio web exude excelencia, independientemente del tama\u00f1o de la pantalla. Ejemplificando los est\u00e1ndares web de vanguardia y un compromiso inquebrantable con la optimizaci\u00f3n de motores de b\u00fasqueda, Dulcis impulsa efectivamente su contenido para lograr clasificaciones m\u00e1s altas en los motores de b\u00fasqueda. Adem\u00e1s, el tema se integra armoniosamente con complementos ampliamente aclamados como WooCommerce, Jetpack y Contact Form 7, que facilita la incorporaci\u00f3n perfecta de funcionalidades de comercio electr\u00f3nico y otras caracter\u00edsticas invaluables en su sitio web. Ya sea que sus aspiraciones abarquen el establecimiento de un blog cautivador, una cartera impresionante o una tienda en l\u00ednea pr\u00f3spera, Zigzagpress Dulcis est\u00e1 repleta de todas las herramientas y recursos esenciales para impulsar sus ambiciones a la fruta.<\/p>\n<ul>\n<li>ZigzagPress Dulcis es un tema de WordPress altamente vers\u00e1til y personalizable.<\/li>\n<li>Su dise\u00f1o limpio y moderno ayuda a su sitio web a causar una fuerte primera impresi\u00f3n en los visitantes.<\/li>\n<li>El tema es sensible a los dispositivos m\u00f3viles, asegurando que su sitio se vea genial en cualquier dispositivo.<\/li>\n<li>Con m\u00faltiples opciones de dise\u00f1o y dise\u00f1o de blog, puede personalizar el aspecto de su sitio para que se ajuste a su marca.<\/li>\n<li>Dulcis est\u00e1 optimizado para la velocidad y el SEO, lo que ayuda a su sitio web a clasificar m\u00e1s alto en las p\u00e1ginas de resultados del motor de b\u00fasqueda.<\/li>\n<li>El tema tambi\u00e9n est\u00e1 listo para la traducci\u00f3n, lo que le permite crear f\u00e1cilmente un sitio que habla con su audiencia internacional.<\/li>\n<li>Puede usar el poderoso personalizador del tema para cambiar colores, fuentes y otros elementos de dise\u00f1o sin requerido ning\u00fan conocimiento de codificaci\u00f3n.<\/li>\n<li>El paquete de temas incluye una gama de caracter\u00edsticas pr\u00e1cticas, que incluyen integraci\u00f3n de redes sociales, seguimiento de Google Analytics y soporte de WooCommerce.<\/li>\n<li>Con documentaci\u00f3n integral y atenci\u00f3n al cliente amigable, tendr\u00e1 todos los recursos que necesita para crear un sitio web impresionante y efectivo con Dulcis.<\/li>\n<\/ul>\n","protected":false},"excerpt":{"rendered":"<p>Zigzagpress Dulcis es un tema exquisito de WordPress que ha sido meticulosamente elaborado para blogueros y creadores de contenido que buscan una est\u00e9tica sofisticada y contempor\u00e1nea. Con su dise\u00f1o impecablemente pulido y discreto, Dulcis no solo acent\u00faa su contenido, sino que tambi\u00e9n cautiva y mantiene el inter\u00e9s de los visitantes de su sitio web. Este tema cuenta con un dise\u00f1o altamente receptivo, asegurando una adaptabilidad perfecta en varios dispositivos. Adem\u00e1s, abarca una variedad de funciones de optimizaci\u00f3n de motores de b\u00fasqueda, asegurando la m\u00e1xima visibilidad para su sitio web. Adem\u00e1s, Dulcis ofrece una amplia selecci\u00f3n de widgets personalizados, lo que le permite personalizar y mejorar la funcionalidad de su sitio. Su panel de opciones f\u00e1cil de usar le permite personalizar sin esfuerzo todos los aspectos de su sitio web. Independientemente de si usted es un conocedor culinario, un \u00e1vido Globetrotter o un aficionado a la moda, Dulcis sirve como el tema por excelencia para mostrar su contenido cautivador de una manera elegante sin esfuerzo.<\/p>\n","protected":false},"featured_media":168718,"comment_status":"open","ping_status":"open","template":"","meta":[],"product_brand":[2655],"product_cat":[1267,1237,1238],"product_tag":[2265],"class_list":{"0":"post-127402","1":"product","2":"type-product","3":"status-publish","4":"has-post-thumbnail","6":"product_brand-zig-zag-press","7":"product_cat-creativo","8":"product_cat-temas","9":"product_cat-wordpress-temas","10":"product_tag-zig-zag-press","11":"member-discount","12":"discount-restricted","14":"first","15":"instock","16":"sale","17":"downloadable","18":"virtual","19":"sold-individually","20":"purchasable","21":"product-type-simple"},"_links":{"self":[{"href":"https:\/\/gpl-love.com\/es\/wp-json\/wp\/v2\/product\/127402","targetHints":{"allow":["GET"]}}],"collection":[{"href":"https:\/\/gpl-love.com\/es\/wp-json\/wp\/v2\/product"}],"about":[{"href":"https:\/\/gpl-love.com\/es\/wp-json\/wp\/v2\/types\/product"}],"replies":[{"embeddable":true,"href":"https:\/\/gpl-love.com\/es\/wp-json\/wp\/v2\/comments?post=127402"}],"wp:featuredmedia":[{"embeddable":true,"href":"https:\/\/gpl-love.com\/es\/wp-json\/wp\/v2\/media\/168718"}],"wp:attachment":[{"href":"https:\/\/gpl-love.com\/es\/wp-json\/wp\/v2\/media?parent=127402"}],"wp:term":[{"taxonomy":"product_brand","embeddable":true,"href":"https:\/\/gpl-love.com\/es\/wp-json\/wp\/v2\/product_brand?post=127402"},{"taxonomy":"product_cat","embeddable":true,"href":"https:\/\/gpl-love.com\/es\/wp-json\/wp\/v2\/product_cat?post=127402"},{"taxonomy":"product_tag","embeddable":true,"href":"https:\/\/gpl-love.com\/es\/wp-json\/wp\/v2\/product_tag?post=127402"}],"curies":[{"name":"wp","href":"https:\/\/api.w.org\/{rel}","templated":true}]}}