{"id":127400,"date":"2022-05-11T00:00:00","date_gmt":"2022-05-11T05:00:00","guid":{"rendered":"https:\/\/gpl-love.com\/es\/producto\/zigzagpress-interiorr\/"},"modified":"2026-03-13T17:35:38","modified_gmt":"2026-03-13T22:35:38","slug":"zigzagpress-interiorr","status":"publish","type":"product","link":"https:\/\/gpl-love.com\/es\/producto\/zigzagpress-interiorr\/","title":{"rendered":"ZigZagPress Interiorr 1.2"},"content":{"rendered":"<h3>ZigZagPress Interiorr Caracteristicas<\/h3>\n<p>El tema interior ZigzagPress es un tema excepcional de WordPress que ha sido especialmente dise\u00f1ado para sitios web de dise\u00f1o de interiores y decoraci\u00f3n del hogar. Se adapta perfectamente a las personas que est\u00e1n ansiosas por exhibir su impresionante cartera, servicios de primer nivel y productos excepcionales de una manera visualmente cautivadora y altamente profesional. Con su dise\u00f1o inmaculado y contempor\u00e1neo, dise\u00f1os flexibles y caracter\u00edsticas f\u00e1ciles de usar, ZigzagPress Interior sirve como una opci\u00f3n notable para que las personas que aspiran establecer un sitio web de primer nivel que realmente encarna la esencia de su empresa de dise\u00f1o interior. Este notable tema ofrece una amplia gama de opciones que le permiten mostrar su trabajo de varias maneras, incluidas galer\u00edas cautivadoras, deslizadores impresionantes y antecedentes de video cautivadores. Adem\u00e1s, presenta una gran cantidad de opciones de personalizaci\u00f3n para garantizar que su sitio web se destaque entre la multitud y represente aut\u00e9nticamente su marca \u00fanica. En conclusi\u00f3n, ZigzagPress Interior es una opci\u00f3n excepcional para cualquier persona que busque crear un sitio web visualmente impresionante y altamente efectivo para su dise\u00f1o de interiores de dise\u00f1o o decoraci\u00f3n del hogar.<\/p>\n<ul>\n<li>Tema de WordPress de alta calidad dise\u00f1ado para sitios web de dise\u00f1o de interiores<\/li>\n<li>Dise\u00f1o moderno y elegante, perfecto para exhibir carteras de dise\u00f1o de interiores<\/li>\n<li>Respondida a dispositivos m\u00f3viles y optimizado para una carga r\u00e1pida<\/li>\n<li>Construido con c\u00f3digo limpio y validado para un mejor rendimiento del sitio web<\/li>\n<li>Esquemas de color personalizables y opciones de tipograf\u00eda para que coincidan con la identidad de la marca<\/li>\n<li>M\u00faltiples \u00e1reas de widgets y plantillas de p\u00e1gina para una f\u00e1cil personalizaci\u00f3n y versatilidad<\/li>\n<li>Botones integrados de intercambio de redes sociales para una f\u00e1cil promoci\u00f3n del contenido<\/li>\n<li>Compatible con complementos populares de WordPress para una funcionalidad extendida<\/li>\n<li>Documentaci\u00f3n integral y atenci\u00f3n al cliente dedicada para una experiencia de usuario perfecta.<\/li>\n<\/ul>\n","protected":false},"excerpt":{"rendered":"<p>El tema interior ZigzagPress es un tema de WordPress extremadamente notable que atiende a los sitios web de dise\u00f1o de interiores. Su dise\u00f1o contempor\u00e1neo y elegante sirve como una plataforma ideal para exhibir una variedad de proyectos, fotos cautivadoras y servicios sobresalientes. El tema en s\u00ed es incre\u00edblemente flexible, otorg\u00e1ndole la libertad de personalizarlo ajustando una variedad de elementos como colores, fuentes, dise\u00f1os y mucho m\u00e1s, todo para que pueda alinearse perfectamente con su marca y preferencias personales. Adem\u00e1s, se ha optimizado meticulosamente para un rendimiento de SEO superior y una compatibilidad perfecta con los dispositivos m\u00f3viles, lo que en \u00faltima instancia, asegurando que su sitio web no solo parezca visualmente agradable en cualquier dispositivo, sino que tambi\u00e9n se ubica excepcionalmente bien en varios motores de b\u00fasqueda. Este tema inigualable es igualmente experto en satisfacer las necesidades de los negocios de dise\u00f1o de interiores y blogs por igual, lo que le permite producir un sitio web incre\u00edblemente profesional y cautivador que sin duda dejar\u00e1 una impresi\u00f3n duradera en sus apreciados visitantes, al tiempo que conduce simult\u00e1neamente conversiones como nunca antes nunca antes antes de nunca antes antes de nunca antes. .<\/p>\n","protected":false},"featured_media":168720,"comment_status":"open","ping_status":"open","template":"","meta":[],"product_brand":[2655],"product_cat":[1307,1237,1238],"product_tag":[2265],"class_list":{"0":"post-127400","1":"product","2":"type-product","3":"status-publish","4":"has-post-thumbnail","6":"product_brand-zig-zag-press","7":"product_cat-negocio-wordpress-temas","8":"product_cat-temas","9":"product_cat-wordpress-temas","10":"product_tag-zig-zag-press","11":"member-discount","12":"discount-restricted","14":"first","15":"instock","16":"sale","17":"downloadable","18":"virtual","19":"sold-individually","20":"purchasable","21":"product-type-simple"},"_links":{"self":[{"href":"https:\/\/gpl-love.com\/es\/wp-json\/wp\/v2\/product\/127400","targetHints":{"allow":["GET"]}}],"collection":[{"href":"https:\/\/gpl-love.com\/es\/wp-json\/wp\/v2\/product"}],"about":[{"href":"https:\/\/gpl-love.com\/es\/wp-json\/wp\/v2\/types\/product"}],"replies":[{"embeddable":true,"href":"https:\/\/gpl-love.com\/es\/wp-json\/wp\/v2\/comments?post=127400"}],"wp:featuredmedia":[{"embeddable":true,"href":"https:\/\/gpl-love.com\/es\/wp-json\/wp\/v2\/media\/168720"}],"wp:attachment":[{"href":"https:\/\/gpl-love.com\/es\/wp-json\/wp\/v2\/media?parent=127400"}],"wp:term":[{"taxonomy":"product_brand","embeddable":true,"href":"https:\/\/gpl-love.com\/es\/wp-json\/wp\/v2\/product_brand?post=127400"},{"taxonomy":"product_cat","embeddable":true,"href":"https:\/\/gpl-love.com\/es\/wp-json\/wp\/v2\/product_cat?post=127400"},{"taxonomy":"product_tag","embeddable":true,"href":"https:\/\/gpl-love.com\/es\/wp-json\/wp\/v2\/product_tag?post=127400"}],"curies":[{"name":"wp","href":"https:\/\/api.w.org\/{rel}","templated":true}]}}