{"id":127398,"date":"2022-05-11T00:00:00","date_gmt":"2022-05-11T05:00:00","guid":{"rendered":"https:\/\/gpl-love.com\/es\/producto\/zigzagpress-hyphen\/"},"modified":"2026-03-13T17:35:38","modified_gmt":"2026-03-13T22:35:38","slug":"zigzagpress-hyphen","status":"publish","type":"product","link":"https:\/\/gpl-love.com\/es\/producto\/zigzagpress-hyphen\/","title":{"rendered":"ZigZagPress Hyphen 1.0.2"},"content":{"rendered":"<h3>ZigZagPress Hyphen Caracteristicas<\/h3>\n<p>ZigzagPress Hyphen, un tema de WordPress excepcionalmente potente destinado expl\u00edcitamente para blogueros y creadores de contenido, posee un dise\u00f1o de vanguardia y cautivador que est\u00e1 obligado a capturar y cautivar la atenci\u00f3n de sus lectores en el momento en que pisan su sitio web. Con su interfaz intuitivamente navegable y una variedad de opciones personalizables, dise\u00f1ar un sitio web que refleje con precisi\u00f3n su estilo individual y su personalidad se convierte en una brisa. Adem\u00e1s, ZigzagPress Hyphen es totalmente receptivo, lo que garantiza un atractivo visual excepcional y una funcionalidad perfecta en todos los dispositivos, desde computadoras de escritorio hasta tel\u00e9fonos m\u00f3viles. Adem\u00e1s, este tema se ha optimizado meticulosamente para los motores de b\u00fasqueda, asegurando que su valioso contenido reciba la visibilidad \u00f3ptima que merece entre su audiencia prevista. En general, si su b\u00fasqueda es adquirir un tema de WordPress de primer nivel que lo distinguir\u00e1 sin esfuerzo de las masas, es inequ\u00edvocamente prudente darle a ZigzagPress guiones una contemplaci\u00f3n meticulosa.<\/p>\n<ul>\n<li>Tema de WordPress de alta calidad dise\u00f1ado espec\u00edficamente para sitios de blogs<\/li>\n<li>Opciones de personalizaci\u00f3n f\u00e1cil de usar, incluidos esquemas de color y fuentes<\/li>\n<li>Dise\u00f1o de respuesta para dispositivos m\u00f3viles para una visualizaci\u00f3n \u00f3ptima en todos los dispositivos<\/li>\n<li>Compatible con complementos populares de WordPress para una funcionalidad adicional<\/li>\n<li>El dise\u00f1o limpio y minimalista ayuda a mostrar su contenido<\/li>\n<li>Caracter\u00edsticas de optimizaci\u00f3n de SEO incorporadas para ayudar a mejorar la visibilidad de su sitio en los resultados de b\u00fasqueda<\/li>\n<li>Actualizaciones regulares y excelente atenci\u00f3n al cliente de ZigzagPress<\/li>\n<li>Opciones de precios asequibles para bloggers conscientes del presupuesto y propietarios de peque\u00f1as empresas.<\/li>\n<\/ul>\n","protected":false},"excerpt":{"rendered":"<p>ZigzagPress Hyphen, un tema de WordPress excepcionalmente vers\u00e1til, exuda un aura impecable de refinamiento a trav\u00e9s de su dise\u00f1o exquisitamente limpio y moderno. Esta obra maestra elegantemente elaborada est\u00e1 hecha a medida para blogueros, influyentes y creadores de contenido que anhelan un sitio web que exuda sin esfuerzo simplicidad y estilo. Adoptar la esencia de la adaptabilidad, el gui\u00f3n cuenta con un dise\u00f1o totalmente receptivo que se adapta perfectamente a cualquier tama\u00f1o de pantalla. Adem\u00e1s, ofrece una variedad de diversos formatos de publicaci\u00f3n, lo que permite a los usuarios mostrar su contenido de una manera atractiva y cautivadora. Adem\u00e1s, el dise\u00f1o de la p\u00e1gina de inicio personalizable otorga a los usuarios la libertad de personalizar su sitio web de acuerdo con sus preferencias \u00fanicas. Con un proceso de instalaci\u00f3n f\u00e1cil de usar, acompa\u00f1ado de documentaci\u00f3n y apoyo integrales, ZigzagPress Hyphen garantiza un viaje sin problemas hacia la creaci\u00f3n de una notable presencia en l\u00ednea que irradia profesionalismo. Experimente el brillo del gui\u00f3n zigzagpress y observe c\u00f3mo su visi\u00f3n art\u00edstica se transforma sin problemas en una realidad cautivadora.<\/p>\n","protected":false},"featured_media":168719,"comment_status":"open","ping_status":"open","template":"","meta":[],"product_brand":[2655],"product_cat":[1267,1237,1238],"product_tag":[2265],"class_list":{"0":"post-127398","1":"product","2":"type-product","3":"status-publish","4":"has-post-thumbnail","6":"product_brand-zig-zag-press","7":"product_cat-creativo","8":"product_cat-temas","9":"product_cat-wordpress-temas","10":"product_tag-zig-zag-press","11":"member-discount","12":"discount-restricted","14":"first","15":"instock","16":"sale","17":"downloadable","18":"virtual","19":"sold-individually","20":"purchasable","21":"product-type-simple"},"_links":{"self":[{"href":"https:\/\/gpl-love.com\/es\/wp-json\/wp\/v2\/product\/127398","targetHints":{"allow":["GET"]}}],"collection":[{"href":"https:\/\/gpl-love.com\/es\/wp-json\/wp\/v2\/product"}],"about":[{"href":"https:\/\/gpl-love.com\/es\/wp-json\/wp\/v2\/types\/product"}],"replies":[{"embeddable":true,"href":"https:\/\/gpl-love.com\/es\/wp-json\/wp\/v2\/comments?post=127398"}],"wp:featuredmedia":[{"embeddable":true,"href":"https:\/\/gpl-love.com\/es\/wp-json\/wp\/v2\/media\/168719"}],"wp:attachment":[{"href":"https:\/\/gpl-love.com\/es\/wp-json\/wp\/v2\/media?parent=127398"}],"wp:term":[{"taxonomy":"product_brand","embeddable":true,"href":"https:\/\/gpl-love.com\/es\/wp-json\/wp\/v2\/product_brand?post=127398"},{"taxonomy":"product_cat","embeddable":true,"href":"https:\/\/gpl-love.com\/es\/wp-json\/wp\/v2\/product_cat?post=127398"},{"taxonomy":"product_tag","embeddable":true,"href":"https:\/\/gpl-love.com\/es\/wp-json\/wp\/v2\/product_tag?post=127398"}],"curies":[{"name":"wp","href":"https:\/\/api.w.org\/{rel}","templated":true}]}}