{"id":127396,"date":"2022-05-11T00:00:00","date_gmt":"2022-05-11T05:00:00","guid":{"rendered":"https:\/\/gpl-love.com\/es\/producto\/zigzagpress-plugged\/"},"modified":"2026-03-13T17:35:40","modified_gmt":"2026-03-13T22:35:40","slug":"zigzagpress-plugged","status":"publish","type":"product","link":"https:\/\/gpl-love.com\/es\/producto\/zigzagpress-plugged\/","title":{"rendered":"ZigZagPress Plugged 1.3"},"content":{"rendered":"<h3>ZigZagPress Plugged Caracteristicas<\/h3>\n<p>ZigzagPress Plugged, que es un complemento de WordPress altamente vers\u00e1til, cuenta con una amplia gama de caracter\u00edsticas meticulosamente dise\u00f1adas para elevar tanto la funcionalidad como el atractivo est\u00e9tico de su sitio web. Este complemento notable no solo abarca una variedad de widgets personalizables, sino que tambi\u00e9n ofrece caracter\u00edsticas de optimizaci\u00f3n de motores de b\u00fasqueda de primer nivel (SEO), reforzando as\u00ed las posibilidades de su sitio web de asegurar un lugar codiciado en los niveles superiores de las p\u00e1ginas de resultados de los motores de b\u00fasqueda (SERPS). Adem\u00e1s, este complemento cuenta con una amplia selecci\u00f3n de plantillas y dise\u00f1os predise\u00f1ados, lo que le permite a las p\u00e1ginas y publicaciones visualmente cautivadoras y dise\u00f1adas profesionalmente. La gran versatilidad de ZigzagPress Plugged le permite adaptar sin esfuerzo su sitio web para satisfacer sus requisitos \u00fanicos y al mismo tiempo optimizar su contenido para dejar un impacto indeleble. Independientemente de si se identifica como un \u00e1vido blogger, un astuto propietario de un negocio o un profesional creativo visionario, ZigzagPress Plugged est\u00e1 listo para impulsar su sitio web a alturas incomparables.<\/p>\n<ul>\n<li>Temas premium de WordPress dise\u00f1ados para maximizar la presencia en l\u00ednea<\/li>\n<li>Optimizado para SEO<\/li>\n<li>F\u00e1cil de personalizar con la funcionalidad de arrastrar y soltar<\/li>\n<li>Dise\u00f1o que responde a dispositivos m\u00f3viles para una experiencia de usuario perfecta<\/li>\n<li>Acceso a una biblioteca de m\u00e1s de 40 temas de dise\u00f1o profesionalmente<\/li>\n<li>Actualizaciones y soporte regulares del equipo zigzagpress<\/li>\n<li>Compatible con complementos populares como WooCommerce y Formularios de gravedad<\/li>\n<li>Compatible con m\u00faltiples navegadores<\/li>\n<li>Traducci\u00f3n lista para alcance global<\/li>\n<li>Construido con HTML5 y CSS3 para est\u00e1ndares modernos de dise\u00f1o web<\/li>\n<li>Acceso de por vida a temas actuales y futuros con una compra \u00fanica<\/li>\n<li>No se requieren habilidades de codificaci\u00f3n<\/li>\n<li>Ideal para personas o empresas que buscan crear un sitio web profesional de manera r\u00e1pida y f\u00e1cil.<\/li>\n<\/ul>\n","protected":false},"excerpt":{"rendered":"<p>ZigzaGpress enchufado, un tema excepcional de WordPress meticulosamente elaborado para blogueros y creadores de contenido, encapsula un deseo innato de exhibir su trabajo de una manera exquisitamente profesional y elegante. Con una extensa variedad de widgets personalizados, una gran cantidad de opciones de dise\u00f1o y un dise\u00f1o innegablemente elegante y contempor\u00e1neo, este tema es una opci\u00f3n inigualable para aquellos que aspiran a forjar una presencia en l\u00ednea sorprendente que se distingue sin esfuerzo de las masas. Caterando sin problemas a las necesidades de los bloggers de moda, influenciadores de estilo de vida y escritores de viajes por igual, ZigzagPress Plugged abarca todos los elementos esenciales necesarios para impulsar su sitio web a alturas sin precedentes.<\/p>\n","protected":false},"featured_media":168722,"comment_status":"open","ping_status":"open","template":"","meta":[],"product_brand":[2655],"product_cat":[1267,1237,1238],"product_tag":[2265],"class_list":{"0":"post-127396","1":"product","2":"type-product","3":"status-publish","4":"has-post-thumbnail","6":"product_brand-zig-zag-press","7":"product_cat-creativo","8":"product_cat-temas","9":"product_cat-wordpress-temas","10":"product_tag-zig-zag-press","11":"member-discount","12":"discount-restricted","14":"first","15":"instock","16":"sale","17":"downloadable","18":"virtual","19":"sold-individually","20":"purchasable","21":"product-type-simple"},"_links":{"self":[{"href":"https:\/\/gpl-love.com\/es\/wp-json\/wp\/v2\/product\/127396","targetHints":{"allow":["GET"]}}],"collection":[{"href":"https:\/\/gpl-love.com\/es\/wp-json\/wp\/v2\/product"}],"about":[{"href":"https:\/\/gpl-love.com\/es\/wp-json\/wp\/v2\/types\/product"}],"replies":[{"embeddable":true,"href":"https:\/\/gpl-love.com\/es\/wp-json\/wp\/v2\/comments?post=127396"}],"wp:featuredmedia":[{"embeddable":true,"href":"https:\/\/gpl-love.com\/es\/wp-json\/wp\/v2\/media\/168722"}],"wp:attachment":[{"href":"https:\/\/gpl-love.com\/es\/wp-json\/wp\/v2\/media?parent=127396"}],"wp:term":[{"taxonomy":"product_brand","embeddable":true,"href":"https:\/\/gpl-love.com\/es\/wp-json\/wp\/v2\/product_brand?post=127396"},{"taxonomy":"product_cat","embeddable":true,"href":"https:\/\/gpl-love.com\/es\/wp-json\/wp\/v2\/product_cat?post=127396"},{"taxonomy":"product_tag","embeddable":true,"href":"https:\/\/gpl-love.com\/es\/wp-json\/wp\/v2\/product_tag?post=127396"}],"curies":[{"name":"wp","href":"https:\/\/api.w.org\/{rel}","templated":true}]}}