{"id":127394,"date":"2022-05-11T00:00:00","date_gmt":"2022-05-11T05:00:00","guid":{"rendered":"https:\/\/gpl-love.com\/es\/producto\/zigzagpress-sneak\/"},"modified":"2026-03-13T17:35:41","modified_gmt":"2026-03-13T22:35:41","slug":"zigzagpress-sneak","status":"publish","type":"product","link":"https:\/\/gpl-love.com\/es\/producto\/zigzagpress-sneak\/","title":{"rendered":"ZigZagPress Sneak 1.0.1"},"content":{"rendered":"<h3>ZigZagPress Sneak Caracteristicas<\/h3>\n<p>ZigzagPress Sneak, un tema de WordPress inmensamente potente y f\u00e1cil de usar, posee la capacidad de ayudarlo sin esfuerzo a elaborar un sitio web contempor\u00e1neo y dise\u00f1ado por expertos en un santiam\u00e9n. Con un dise\u00f1o pr\u00edstino y adaptable, este tema es un ajuste impecable para cualquier tipo de empresa, ya sea una agencia creativa o una tienda en l\u00ednea. Lo que distingue este tema del resto es su personalizaci\u00f3n completa junto con una extensa gama de caracter\u00edsticas, incluidas, entre otros, widgets personalizados, una multitud de dise\u00f1os de la p\u00e1gina de inicio, as\u00ed como la integraci\u00f3n de redes sociales incorporadas. Adem\u00e1s, abarca un constructor de p\u00e1ginas incre\u00edblemente robusto que le otorga la libertad de las p\u00e1ginas y publicaciones a medida sin esfuerzo. Independientemente de si usted es un desarrollador novato o experimentado, el tema furtivo zigzagpress sirve como el ep\u00edtome de la perfecci\u00f3n para su sitio web de WordPress.<\/p>\n<ul>\n<li>Proporciona un dise\u00f1o elegante y moderno para su sitio web<\/li>\n<li>Viene con una variedad de opciones personalizables para adaptarse a su marca<\/li>\n<li>Presenta un dise\u00f1o receptivo, lo que lo hace accesible en cualquier dispositivo<\/li>\n<li>F\u00e1cil de usar y configurar, incluso para aquellos con experiencia limitada de construcci\u00f3n de sitios web<\/li>\n<li>Incluye varias plantillas de p\u00e1gina preconstruidas para una f\u00e1cil creaci\u00f3n de p\u00e1ginas<\/li>\n<li>Se integra a la perfecci\u00f3n con varios complementos populares de WordPress<\/li>\n<li>Actualizado regularmente con nuevas funciones y mejoras<\/li>\n<li>Proporciona un excelente servicio al cliente y recursos de la comunidad para ayudar con cualquier pregunta o problema.<\/li>\n<\/ul>\n","protected":false},"excerpt":{"rendered":"<p>ZigzagPress Sneak, un tema excepcional de WordPress meticulosamente elaborado para blogueros y empresas en l\u00ednea, exuda una superioridad incomparable. Su dise\u00f1o elegante y contempor\u00e1neo otorga sin esfuerzo una sensaci\u00f3n de profesionalismo y car\u00e1cter distintivo en su sitio web. El dise\u00f1o de dise\u00f1o inteligente gu\u00eda sin esfuerzo a los usuarios a trav\u00e9s de su contenido, mejorando su impacto visual. Este notable tema ofrece una gran cantidad de opciones de personalizaci\u00f3n, lo que le permite personalizarlo de acuerdo con sus requisitos \u00fanicos. Adem\u00e1s, su dise\u00f1o receptivo garantiza una adaptabilidad perfecta en varios dispositivos, mientras que su velocidad de carga de rayo garantiza un rendimiento \u00f3ptimo. ZigzagPress Sneak es, sin duda, el ep\u00edtome de un sitio web visualmente impresionante y optimizado para el rendimiento.<\/p>\n","protected":false},"featured_media":168723,"comment_status":"open","ping_status":"open","template":"","meta":[],"product_brand":[2655],"product_cat":[1267,1237,1238],"product_tag":[2265],"class_list":{"0":"post-127394","1":"product","2":"type-product","3":"status-publish","4":"has-post-thumbnail","6":"product_brand-zig-zag-press","7":"product_cat-creativo","8":"product_cat-temas","9":"product_cat-wordpress-temas","10":"product_tag-zig-zag-press","11":"member-discount","12":"discount-restricted","14":"first","15":"instock","16":"sale","17":"downloadable","18":"virtual","19":"sold-individually","20":"purchasable","21":"product-type-simple"},"_links":{"self":[{"href":"https:\/\/gpl-love.com\/es\/wp-json\/wp\/v2\/product\/127394","targetHints":{"allow":["GET"]}}],"collection":[{"href":"https:\/\/gpl-love.com\/es\/wp-json\/wp\/v2\/product"}],"about":[{"href":"https:\/\/gpl-love.com\/es\/wp-json\/wp\/v2\/types\/product"}],"replies":[{"embeddable":true,"href":"https:\/\/gpl-love.com\/es\/wp-json\/wp\/v2\/comments?post=127394"}],"wp:featuredmedia":[{"embeddable":true,"href":"https:\/\/gpl-love.com\/es\/wp-json\/wp\/v2\/media\/168723"}],"wp:attachment":[{"href":"https:\/\/gpl-love.com\/es\/wp-json\/wp\/v2\/media?parent=127394"}],"wp:term":[{"taxonomy":"product_brand","embeddable":true,"href":"https:\/\/gpl-love.com\/es\/wp-json\/wp\/v2\/product_brand?post=127394"},{"taxonomy":"product_cat","embeddable":true,"href":"https:\/\/gpl-love.com\/es\/wp-json\/wp\/v2\/product_cat?post=127394"},{"taxonomy":"product_tag","embeddable":true,"href":"https:\/\/gpl-love.com\/es\/wp-json\/wp\/v2\/product_tag?post=127394"}],"curies":[{"name":"wp","href":"https:\/\/api.w.org\/{rel}","templated":true}]}}