{"id":127392,"date":"2022-05-11T00:00:00","date_gmt":"2022-05-11T05:00:00","guid":{"rendered":"https:\/\/gpl-love.com\/es\/producto\/zigzagpress-lily\/"},"modified":"2026-03-13T17:35:39","modified_gmt":"2026-03-13T22:35:39","slug":"zigzagpress-lily","status":"publish","type":"product","link":"https:\/\/gpl-love.com\/es\/producto\/zigzagpress-lily\/","title":{"rendered":"ZigZagPress Lily 1.0.1"},"content":{"rendered":"<h3>ZigZagPress Lily Caracteristicas<\/h3>\n<p>Zigzagpress Lily, un tema excepcional de WordPress de la variedad premium, cuenta con un dise\u00f1o elegante y moderno que atiende a las personas que buscan establecer una presencia profesional en l\u00ednea. Con su impresionante variedad de funcionalidades robustas y una interfaz f\u00e1cil de usar, este tema demuestra ser una soluci\u00f3n ideal para blogueros, trabajadores independientes y peque\u00f1as empresas por igual. Enfatizando la versatilidad, ofrece m\u00faltiples dise\u00f1os y opciones de personalizaci\u00f3n, lo que permite a los usuarios dise\u00f1ar un sitio web distintivo que encarna acertadamente su identidad de marca. Adem\u00e1s, Lily prioriza la velocidad \u00f3ptima e incorpora t\u00e9cnicas de optimizaci\u00f3n de motores de b\u00fasqueda, lo que garantiza la visibilidad de alto rango de los sitios web dise\u00f1ados con este tema. Adem\u00e1s, los usuarios pueden consolarse en el hecho de que el tema se acompa\u00f1a de una excelente atenci\u00f3n al cliente y una documentaci\u00f3n integral, facilitando una iniciaci\u00f3n perfecta y un mantenimiento continuo de su sitio web. En resumen, Zigzagpress Lily inequ\u00edvocamente se destaca como una opci\u00f3n principal para las personas en busca de un tema de WordPress que fusiona sin problemas un rendimiento excepcional con un dise\u00f1o visualmente atractivo.<\/p>\n<ul>\n<li>Un tema de WordPress profesional y elegante de ZigzagPress<\/li>\n<li>Dise\u00f1o totalmente receptivo optimizado para todos los dispositivos de visualizaci\u00f3n<\/li>\n<li>M\u00faltiples opciones de dise\u00f1o de p\u00e1gina de inicio y p\u00e1gina de blog<\/li>\n<li>Secciones de encabezado y pie de p\u00e1gina personalizables<\/li>\n<li>Integraci\u00f3n con plataformas de redes sociales populares<\/li>\n<li>Compatibilidad completa con complementos populares de WordPress<\/li>\n<li>Constructor de p\u00e1ginas de arrastre y suelto f\u00e1cil de usar incluido<\/li>\n<li>Optimizaci\u00f3n de SEO incorporada para una mejor clasificaci\u00f3n de motores de b\u00fasqueda<\/li>\n<li>Documentaci\u00f3n integral y atenci\u00f3n al cliente incluida<\/li>\n<li>Importar demostraci\u00f3n de un solo clic para configurar r\u00e1pidamente su sitio web<\/li>\n<\/ul>\n","protected":false},"excerpt":{"rendered":"<p>Zigzagpress Lily, que es un tema de WordPress altamente sofisticado, ha sido meticulosamente elaborada para atender los requisitos precisos de los bloggers y empresarios que aspiran a establecer un sitio web sobresaliente y sin problemas. Este notable tema cuenta con un dise\u00f1o notablemente elegante y contempor\u00e1neo, acentuado con un encanto femenino suave y cautivador, lo que es una opci\u00f3n ideal no solo para blogueros de estilo de vida, sino tambi\u00e9n blogueros de moda, as\u00ed como innumerables otros profesionales imaginativos. En virtud de su capacidad de respuesta excepcional, puede estar seguro de que su sitio web exudar\u00e1 un atractivo visual notable y exhibir\u00e1 una funcionalidad perfecta en una extensa gama de dispositivos. Adem\u00e1s, las s\u00f3lidas capacidades de personalizaci\u00f3n inherentes a Zigzagpress Lily le brindan la oportunidad de infundir genuinamente su sitio web con una personalidad distinta que es \u00fanica. Tambi\u00e9n es digno de menci\u00f3n que Zigzagpress Lily ha sido meticulosamente optimizado para la optimizaci\u00f3n de motores de b\u00fasqueda (SEO), asegurando as\u00ed que su blog o negocio se descubren sin esfuerzo y aparezcan prominentemente en las grandes expansiones del reino en l\u00ednea. Entonces, \u00bfpor qu\u00e9 retrasar m\u00e1s? Experimente el poder transformador de Zigzagpress Lily hoy y impulse su sitio web a alturas de \u00e9xito y aclamaci\u00f3n incomparables.<\/p>\n","protected":false},"featured_media":168721,"comment_status":"open","ping_status":"open","template":"","meta":[],"product_brand":[2655],"product_cat":[1267,1237,1238],"product_tag":[2265],"class_list":{"0":"post-127392","1":"product","2":"type-product","3":"status-publish","4":"has-post-thumbnail","6":"product_brand-zig-zag-press","7":"product_cat-creativo","8":"product_cat-temas","9":"product_cat-wordpress-temas","10":"product_tag-zig-zag-press","11":"member-discount","12":"discount-restricted","14":"first","15":"instock","16":"sale","17":"downloadable","18":"virtual","19":"sold-individually","20":"purchasable","21":"product-type-simple"},"_links":{"self":[{"href":"https:\/\/gpl-love.com\/es\/wp-json\/wp\/v2\/product\/127392","targetHints":{"allow":["GET"]}}],"collection":[{"href":"https:\/\/gpl-love.com\/es\/wp-json\/wp\/v2\/product"}],"about":[{"href":"https:\/\/gpl-love.com\/es\/wp-json\/wp\/v2\/types\/product"}],"replies":[{"embeddable":true,"href":"https:\/\/gpl-love.com\/es\/wp-json\/wp\/v2\/comments?post=127392"}],"wp:featuredmedia":[{"embeddable":true,"href":"https:\/\/gpl-love.com\/es\/wp-json\/wp\/v2\/media\/168721"}],"wp:attachment":[{"href":"https:\/\/gpl-love.com\/es\/wp-json\/wp\/v2\/media?parent=127392"}],"wp:term":[{"taxonomy":"product_brand","embeddable":true,"href":"https:\/\/gpl-love.com\/es\/wp-json\/wp\/v2\/product_brand?post=127392"},{"taxonomy":"product_cat","embeddable":true,"href":"https:\/\/gpl-love.com\/es\/wp-json\/wp\/v2\/product_cat?post=127392"},{"taxonomy":"product_tag","embeddable":true,"href":"https:\/\/gpl-love.com\/es\/wp-json\/wp\/v2\/product_tag?post=127392"}],"curies":[{"name":"wp","href":"https:\/\/api.w.org\/{rel}","templated":true}]}}