{"id":127390,"date":"2022-05-11T00:00:00","date_gmt":"2022-05-11T05:00:00","guid":{"rendered":"https:\/\/gpl-love.com\/es\/producto\/zigzagpress-boutik\/"},"modified":"2026-03-13T17:35:34","modified_gmt":"2026-03-13T22:35:34","slug":"zigzagpress-boutik","status":"publish","type":"product","link":"https:\/\/gpl-love.com\/es\/producto\/zigzagpress-boutik\/","title":{"rendered":"ZigZagPress Boutik 1.1.0"},"content":{"rendered":"<h3>ZigZagPress Boutik Caracteristicas<\/h3>\n<p>ZigzagPress Boutik, un tema de WordPress de comercio electr\u00f3nico contempor\u00e1neo y de vanguardia, ha sido meticulosamente elaborado para permitirle establecer una tienda en l\u00ednea exquisita y de primer nivel. Con un dise\u00f1o inmaculado y sofisticado, Boutik demuestra ser el ep\u00edtome de la perfecci\u00f3n cuando se trata de vender ropa, accesorios y varias otras mercanc\u00edas centradas en la moda. Este notable tema ofrece una amplia gama de opciones de personalizaci\u00f3n, lo que garantiza que se adapte perfectamente a sus requisitos espec\u00edficos, al tiempo que proporciona una gran cantidad de caracter\u00edsticas robustas que facilitan sin esfuerzo la gesti\u00f3n de su sitio web y listados de productos. Adem\u00e1s, Boutik ha sido optimizado diligentemente para los motores de b\u00fasqueda, lo que garantiza que sus productos invaluables sean descubiertos sin esfuerzo en el vasto reino digital. Adem\u00e1s, su naturaleza receptiva garantiza que su sitio web exude la belleza y la funcionalidad incomparables en todos los dispositivos y tama\u00f1os de pantalla. En conclusi\u00f3n, si est\u00e1 anhelando un tema de comercio electr\u00f3nico elegante y pr\u00e1ctico, Zigzagpress Boutik se mantiene de cabeza y hombros por encima de sus contrapartes, merece inequ\u00edvocamente su m\u00e1xima consideraci\u00f3n.<\/p>\n<ul>\n<li>Tema de WordPress personalizable y receptivo<\/li>\n<li>Dise\u00f1ado espec\u00edficamente para sitios de comercio electr\u00f3nico<\/li>\n<li>Cuenta con m\u00faltiples dise\u00f1os de p\u00e1gina de inicio, que incluyen un control deslizante de ancho completo e integraci\u00f3n de alimentaci\u00f3n de Instagram<\/li>\n<li>Viene con una variedad de plantillas prefabricadas para p\u00e1ginas de productos, publicaciones de blog y m\u00e1s<\/li>\n<li>Integraci\u00f3n incorporada con plataformas populares de comercio electr\u00f3nico como WooCommerce y descargas digitales f\u00e1ciles<\/li>\n<li>Optimizado para SEO y velocidad, con c\u00f3digo limpio y tiempos de carga r\u00e1pidos<\/li>\n<li>Incluye un constructor de p\u00e1ginas de arrastrar y soltar f\u00e1cilmente para usar para una f\u00e1cil personalizaci\u00f3n<\/li>\n<li>Admite m\u00faltiples idiomas y monedas para el comercio electr\u00f3nico global<\/li>\n<li>Incluye una amplia documentaci\u00f3n y apoyo del equipo ZigzagPress.<\/li>\n<\/ul>\n","protected":false},"excerpt":{"rendered":"<p>Zigzagpress Boutik es un tema de comercio electr\u00f3nico exquisitamente dise\u00f1ado exclusivamente adaptado para WordPress. Exhibiendo un dise\u00f1o incre\u00edblemente sofisticado, Boutik acent\u00faa sin esfuerzo su variedad de productos, tratando de forjar una expedici\u00f3n de compras sin productos para su estimada clientela. Este tema cuenta con un dise\u00f1o adaptativo, completo con una variedad de widgets personalizados, y prospera con su inherente destreza de optimizaci\u00f3n de motores de b\u00fasqueda, enriqueciendo as\u00ed la visibilidad en l\u00ednea de su estimada tienda. Asistido por Boutik, tendr\u00e1 poder para administrar perfectamente las operaciones de su tienda mientras fomenta el crecimiento exponencial de sus esfuerzos empresariales, todo al tiempo que exuda una sensaci\u00f3n de confianza inquebrantable.<\/p>\n","protected":false},"featured_media":168715,"comment_status":"open","ping_status":"open","template":"","meta":[],"product_brand":[2655],"product_cat":[1263,1264,1237],"product_tag":[2265],"class_list":{"0":"post-127390","1":"product","2":"type-product","3":"status-publish","4":"has-post-thumbnail","6":"product_brand-zig-zag-press","7":"product_cat-comercio-electronico-temas","8":"product_cat-negocio","9":"product_cat-temas","10":"product_tag-zig-zag-press","11":"member-discount","12":"discount-restricted","14":"first","15":"instock","16":"sale","17":"downloadable","18":"virtual","19":"sold-individually","20":"purchasable","21":"product-type-simple"},"_links":{"self":[{"href":"https:\/\/gpl-love.com\/es\/wp-json\/wp\/v2\/product\/127390","targetHints":{"allow":["GET"]}}],"collection":[{"href":"https:\/\/gpl-love.com\/es\/wp-json\/wp\/v2\/product"}],"about":[{"href":"https:\/\/gpl-love.com\/es\/wp-json\/wp\/v2\/types\/product"}],"replies":[{"embeddable":true,"href":"https:\/\/gpl-love.com\/es\/wp-json\/wp\/v2\/comments?post=127390"}],"wp:featuredmedia":[{"embeddable":true,"href":"https:\/\/gpl-love.com\/es\/wp-json\/wp\/v2\/media\/168715"}],"wp:attachment":[{"href":"https:\/\/gpl-love.com\/es\/wp-json\/wp\/v2\/media?parent=127390"}],"wp:term":[{"taxonomy":"product_brand","embeddable":true,"href":"https:\/\/gpl-love.com\/es\/wp-json\/wp\/v2\/product_brand?post=127390"},{"taxonomy":"product_cat","embeddable":true,"href":"https:\/\/gpl-love.com\/es\/wp-json\/wp\/v2\/product_cat?post=127390"},{"taxonomy":"product_tag","embeddable":true,"href":"https:\/\/gpl-love.com\/es\/wp-json\/wp\/v2\/product_tag?post=127390"}],"curies":[{"name":"wp","href":"https:\/\/api.w.org\/{rel}","templated":true}]}}