{"id":127388,"date":"2022-05-22T00:00:00","date_gmt":"2022-05-22T05:00:00","guid":{"rendered":"https:\/\/gpl-love.com\/es\/producto\/woocommerce-postnl-shipping-method\/"},"modified":"2026-04-10T11:33:11","modified_gmt":"2026-04-10T16:33:11","slug":"woocommerce-postnl-shipping-method","status":"publish","type":"product","link":"https:\/\/gpl-love.com\/es\/producto\/woocommerce-postnl-shipping-method\/","title":{"rendered":"WooCommerce PostNL Shipping Method 1.2.7"},"content":{"rendered":"<h3>WooCommerce PostNL Shipping Method Caracteristicas<\/h3>\n<p>El m\u00e9todo de env\u00edo de WooCommerce PostNL, un complemento de env\u00edo dise\u00f1ado espec\u00edficamente para WooCommerce, ofrece una integraci\u00f3n perfecta con el servicio de entrega postnl. A trav\u00e9s de la utilizaci\u00f3n de este complemento, los clientes obtienen la capacidad conveniente de designar sin esfuerzo PostNL como su m\u00e9todo de env\u00edo preferido en el momento del pago. Adem\u00e1s, los propietarios de tiendas tienen la oportunidad de generar convenientemente etiquetas de env\u00edo y, posteriormente, monitorear el progreso de sus env\u00edos. Este complemento excepcional tambi\u00e9n otorga a los usuarios la flexibilidad de elegir entre una variedad de opciones de env\u00edo, que incluye entrega est\u00e1ndar y expresa. Adem\u00e1s, facilita la personalizaci\u00f3n de las preferencias de entrega y las tarifas correspondientes. En \u00faltima instancia, el m\u00e9todo de env\u00edo de WooCommerce PostNL sirve para optimizar el proceso de env\u00edo a menudo engorroso para las tiendas en l\u00ednea, proporcion\u00e1ndoles as\u00ed un servicio de entrega incomparable que es confiable y altamente eficiente.<\/p>\n<ul>\n<li>Permite a los usuarios de WooCommerce integrar el m\u00e9todo de env\u00edo posterior a su tienda en l\u00ednea<\/li>\n<li>Proporciona a los clientes una opci\u00f3n de env\u00edo confiable y r\u00e1pida para sus compras<\/li>\n<li>Apoya a los destinos de env\u00edo nacionales e internacionales<\/li>\n<li>Incluye el seguimiento de la funcionalidad para mantener a los clientes actualizados sobre el estado de su pedido<\/li>\n<li>Calcula las tarifas de env\u00edo seg\u00fan el destino y el peso del paquete<\/li>\n<li>Ofrece varias opciones de entrega, como entrega est\u00e1ndar o expresas<\/li>\n<li>Genera autom\u00e1ticamente etiquetas de env\u00edo y documentaci\u00f3n aduanera para env\u00edo internacional<\/li>\n<li>Se integra a la perfecci\u00f3n con las plataformas de WordPress y WooCommerce<\/li>\n<li>F\u00e1cil de instalar y configurar sin requerir experiencia t\u00e9cnica<\/li>\n<li>Proporciona una excelente atenci\u00f3n al cliente y actualizaciones regulares para garantizar un rendimiento y compatibilidad \u00f3ptimos.<\/li>\n<\/ul>\n","protected":false},"excerpt":{"rendered":"<p>El m\u00e9todo de env\u00edo de WooCommerce PostNL es un complemento excepcional meticulosamente elaborado para optimizar el intrincado proceso de env\u00edo para usuarios de WooCommerce situados en los espl\u00e9ndidos Pa\u00edses Bajos. Este notable complemento le permite amalgamar sin esfuerzo una variedad de espl\u00e9ndidos m\u00e9todos de env\u00edo postnl en su tienda WooCommerce, que abarca la entrega est\u00e1ndar convencional, la impresionante entrega nocturna, la extraordinaria entrega dominical y una variedad de otras opciones fenomenales. Adem\u00e1s, este complemento extraordinario tambi\u00e9n le otorga la capacidad impecable de rastrear meticulosamente los env\u00edos, imprimir sin problemas y administrar h\u00e1bilmente los pedidos, todos dentro de los l\u00edmites de su tablero de WooCommerce, lo que hace que la tarea de otro modo sea ardua de enviar una veloz absoluta. Por lo tanto, al adoptar el extraordinario m\u00e9todo de env\u00edo de WooCommerce PostNL, puede ahorrar eficazmente un tiempo sustancial y aumentar significativamente la satisfacci\u00f3n de su estimado cliente.<\/p>\n","protected":false},"featured_media":168212,"comment_status":"open","ping_status":"open","template":"","meta":[],"product_brand":[2344],"product_cat":[1207,1248,1206],"product_tag":[1423],"class_list":{"0":"post-127388","1":"product","2":"type-product","3":"status-publish","4":"has-post-thumbnail","6":"product_brand-woocommerce","7":"product_cat-comercio-electronico-plugins","8":"product_cat-personalizacion-comercio-electronico-plugins","9":"product_cat-plugins","10":"product_tag-woocommerce","11":"member-discount","12":"discount-restricted","14":"first","15":"instock","16":"sale","17":"downloadable","18":"virtual","19":"sold-individually","20":"purchasable","21":"product-type-simple"},"_links":{"self":[{"href":"https:\/\/gpl-love.com\/es\/wp-json\/wp\/v2\/product\/127388","targetHints":{"allow":["GET"]}}],"collection":[{"href":"https:\/\/gpl-love.com\/es\/wp-json\/wp\/v2\/product"}],"about":[{"href":"https:\/\/gpl-love.com\/es\/wp-json\/wp\/v2\/types\/product"}],"replies":[{"embeddable":true,"href":"https:\/\/gpl-love.com\/es\/wp-json\/wp\/v2\/comments?post=127388"}],"wp:featuredmedia":[{"embeddable":true,"href":"https:\/\/gpl-love.com\/es\/wp-json\/wp\/v2\/media\/168212"}],"wp:attachment":[{"href":"https:\/\/gpl-love.com\/es\/wp-json\/wp\/v2\/media?parent=127388"}],"wp:term":[{"taxonomy":"product_brand","embeddable":true,"href":"https:\/\/gpl-love.com\/es\/wp-json\/wp\/v2\/product_brand?post=127388"},{"taxonomy":"product_cat","embeddable":true,"href":"https:\/\/gpl-love.com\/es\/wp-json\/wp\/v2\/product_cat?post=127388"},{"taxonomy":"product_tag","embeddable":true,"href":"https:\/\/gpl-love.com\/es\/wp-json\/wp\/v2\/product_tag?post=127388"}],"curies":[{"name":"wp","href":"https:\/\/api.w.org\/{rel}","templated":true}]}}