{"id":127386,"date":"2025-03-27T00:00:00","date_gmt":"2025-03-27T05:00:00","guid":{"rendered":"https:\/\/gpl-love.com\/es\/producto\/studiopress-navigation-pro-genesis-wordpress-theme\/"},"modified":"2026-04-10T11:26:24","modified_gmt":"2026-04-10T16:26:24","slug":"studiopress-navigation-pro-genesis-wordpress-theme","status":"publish","type":"product","link":"https:\/\/gpl-love.com\/es\/producto\/studiopress-navigation-pro-genesis-wordpress-theme\/","title":{"rendered":"Studiopress Navigation Pro Genesis WordPress Theme 1.2.2"},"content":{"rendered":"<h3>Studiopress Navigation Pro Genesis WordPress Theme Caracteristicas<\/h3>\n<p>El tema de WordPress de la navegaci\u00f3n de StudioPress Pro Genesis, que es conocido por su naturaleza altamente vers\u00e1til y personalizable, ha sido cuidadosamente elaborado para encarnar tanto la funcionalidad como la belleza. Su dise\u00f1o elegante y moderno lo convierte en una opci\u00f3n ideal para empresas, blogueros y profesionales que buscan establecer una presencia en l\u00ednea profesional y din\u00e1mica. Adem\u00e1s de eso, este tema cuenta con un s\u00f3lido sistema de navegaci\u00f3n que gu\u00eda sin esfuerzo a los visitantes a trav\u00e9s de su sitio web, asegurando una experiencia de usuario perfecta y agradable. Adem\u00e1s, es importante tener en cuenta que este tema no solo es muy receptivo sino que tambi\u00e9n es optimizado para los motores de b\u00fasqueda, lo que garantiza que su sitio web permanezca consistentemente accesible y visible para su p\u00fablico objetivo previsto. Ofreciendo una amplia gama de posibilidades de personalizaci\u00f3n, que van desde varias opciones de dise\u00f1o hasta diversos esquemas de color y opciones de tipograf\u00eda, el tema de WordPress de la navegaci\u00f3n de StudioPress Pro Genesis realmente se presenta como una soluci\u00f3n impecable para las personas en busca de la creaci\u00f3n de un sitio web extraordinario y refinado.<\/p>\n<ul>\n<li>Dise\u00f1o elegante y moderno<\/li>\n<li>Opciones de navegaci\u00f3n avanzadas para navegar f\u00e1cil<\/li>\n<li>M\u00f3vil que responde para una visualizaci\u00f3n sin problemas en todos los dispositivos<\/li>\n<li>Opciones de personalizaci\u00f3n flexibles para que coincidan con la apariencia de su marca<\/li>\n<li>Velocidad y rendimiento mejorados del sitio<\/li>\n<li>Funcionalidad de b\u00fasqueda incorporada<\/li>\n<li>Interfaz de usuario intuitiva para navegaci\u00f3n sin esfuerzo<\/li>\n<li>Compatible con varios complementos para una funcionalidad adicional<\/li>\n<li>Acceso a actualizaciones y soporte continuos de expertos en StudioPress<\/li>\n<li>Opciones de personalizaci\u00f3n para una experiencia de usuario \u00fanica y personalizada<\/li>\n<\/ul>\n","protected":false},"excerpt":{"rendered":"<p>El tema de WordPress de la navegaci\u00f3n de StudioPress Pro Genesis se presenta como un tema meticulosamente elaborado y de alta gama que combina perfectamente una elegante est\u00e9tica minimalista con una reuni\u00f3n robusta de caracter\u00edsticas. Aprovechando el poder del marco Genesis, este tema permite a los usuarios un sistema de men\u00fa totalmente personalizable, lo que permite la creaci\u00f3n de sitios web sofisticados e intuitivamente navegables. Con una capacidad de respuesta m\u00f3vil, optimizaci\u00f3n de motores de b\u00fasqueda y tiempos de carga descaradamente r\u00e1pidos, este tema sirve como una opci\u00f3n ideal para bloggers, due\u00f1os de negocios y creadores de contenido que buscan mejorar su huella digital. Ya sea que sus aspiraciones se encuentren en la b\u00fasqueda de un dise\u00f1o contempor\u00e1neo y pulido, una experiencia de navegaci\u00f3n intuitiva sin esfuerzo o una actuaci\u00f3n inquebrantable, el tema de WordPress de navegaci\u00f3n StudioPress Pro Genesis est\u00e1 listo para cumplir con todas las aspiraciones y exigencias de su sitio web.<\/p>\n","protected":false},"featured_media":167622,"comment_status":"open","ping_status":"open","template":"","meta":[],"product_brand":[2358],"product_cat":[1267,1237,1238],"product_tag":[1383],"class_list":{"0":"post-127386","1":"product","2":"type-product","3":"status-publish","4":"has-post-thumbnail","6":"product_brand-studiopress","7":"product_cat-creativo","8":"product_cat-temas","9":"product_cat-wordpress-temas","10":"product_tag-studiopress","11":"member-discount","12":"discount-restricted","14":"first","15":"instock","16":"sale","17":"downloadable","18":"virtual","19":"sold-individually","20":"purchasable","21":"product-type-simple"},"_links":{"self":[{"href":"https:\/\/gpl-love.com\/es\/wp-json\/wp\/v2\/product\/127386","targetHints":{"allow":["GET"]}}],"collection":[{"href":"https:\/\/gpl-love.com\/es\/wp-json\/wp\/v2\/product"}],"about":[{"href":"https:\/\/gpl-love.com\/es\/wp-json\/wp\/v2\/types\/product"}],"replies":[{"embeddable":true,"href":"https:\/\/gpl-love.com\/es\/wp-json\/wp\/v2\/comments?post=127386"}],"wp:featuredmedia":[{"embeddable":true,"href":"https:\/\/gpl-love.com\/es\/wp-json\/wp\/v2\/media\/167622"}],"wp:attachment":[{"href":"https:\/\/gpl-love.com\/es\/wp-json\/wp\/v2\/media?parent=127386"}],"wp:term":[{"taxonomy":"product_brand","embeddable":true,"href":"https:\/\/gpl-love.com\/es\/wp-json\/wp\/v2\/product_brand?post=127386"},{"taxonomy":"product_cat","embeddable":true,"href":"https:\/\/gpl-love.com\/es\/wp-json\/wp\/v2\/product_cat?post=127386"},{"taxonomy":"product_tag","embeddable":true,"href":"https:\/\/gpl-love.com\/es\/wp-json\/wp\/v2\/product_tag?post=127386"}],"curies":[{"name":"wp","href":"https:\/\/api.w.org\/{rel}","templated":true}]}}