{"id":127384,"date":"2023-01-24T00:00:00","date_gmt":"2023-01-24T05:00:00","guid":{"rendered":"https:\/\/gpl-love.com\/es\/producto\/studiopress-revolution-pro-genesis-wordpress-theme\/"},"modified":"2026-04-10T11:26:30","modified_gmt":"2026-04-10T16:26:30","slug":"studiopress-revolution-pro-genesis-wordpress-theme","status":"publish","type":"product","link":"https:\/\/gpl-love.com\/es\/producto\/studiopress-revolution-pro-genesis-wordpress-theme\/","title":{"rendered":"Studiopress Revolution Pro Genesis WordPress Theme 1.5.1"},"content":{"rendered":"<h3>Studiopress Revolution Pro Genesis WordPress Theme Caracteristicas<\/h3>\n<p>El tema StudioPress Revolution Pro Genesis WordPress se presenta como una alternativa \u00f3ptima tanto para empresas como para bloggers que anhelan un sitio web que exude sofisticaci\u00f3n y profesionalismo. Su dise\u00f1o contempor\u00e1neo y adaptable lo convierte en la plataforma perfecta para exhibir y resaltar sus productos o servicios. Adem\u00e1s, este tema posee la virtud de ser sensible, ajustando sin esfuerzo a cualquier tama\u00f1o de pantalla, lo que brinda a sus visitantes una experiencia de navegaci\u00f3n perfecta en sus tel\u00e9fonos inteligentes, tabletas o escritorios. Lo que distingue a\u00fan m\u00e1s a Revolution Pro es su fundaci\u00f3n, que est\u00e1 cimentada en el marco de Genesis, lo que garantiza que la seguridad y el rendimiento de su sitio web sigan siendo firmes. Teniendo en cuenta su notable variedad de caracter\u00edsticas avanzadas, configuraciones personalizables y c\u00f3digo impecable, se hace evidente que el tema StudioPress Revolution Pro es inequ\u00edvocamente una inversi\u00f3n prudente y juiciosa para cualquier individuo que aspire a elevar su sitio web a alturas sin precedentes.<\/p>\n<ul>\n<li>Tema de WordPress altamente personalizable<\/li>\n<li>Construido en el marco de Genesis<\/li>\n<li>Dise\u00f1o limpio y moderno<\/li>\n<li>Sensible a los dispositivos m\u00f3viles<\/li>\n<li>Compatible con el editor de Gutenberg<\/li>\n<li>Velocidad de carga r\u00e1pida<\/li>\n<li>De SEO<\/li>\n<li>Incluye plantillas de p\u00e1gina predise\u00f1adas<\/li>\n<li>Admite widgets y c\u00f3digos cortos personalizados<\/li>\n<li>Incluye opciones de tema para una f\u00e1cil personalizaci\u00f3n<\/li>\n<li>Excelente soporte al cliente del equipo de StudioPress<\/li>\n<li>Actualizaciones regulares y parches de seguridad proporcionados.<\/li>\n<\/ul>\n","protected":false},"excerpt":{"rendered":"<p>StudioPress Revolution Pro representa un tema de WordPress de la m\u00e1s alta calidad, forjado sobre el marco de Genesis resistente y robusto. Este tema en particular, con una apariencia que est\u00e1 a la moda y contempor\u00e1nea, se ha desarrollado espec\u00edficamente para ayudar a las empresas y a las personas ambiciosas a elaborar una presencia en l\u00ednea que sea profesional y cautivadora, todo mientras mantiene un estado de m\u00e1xima simplicidad. Con sus encabezados y p\u00e1ginas de inicio que se pueden personalizar para satisfacer las necesidades de uno, y una variedad de opciones de dise\u00f1o para elegir, Revolution Pro ofrece una plataforma absolutamente impresionante para exhibir efectivamente no solo su marca, sino tambi\u00e9n los servicios que ofrece. Adem\u00e1s, este tema excepcional se ha dise\u00f1ado meticulosamente para optimizar la optimizaci\u00f3n de la velocidad y el motor de b\u00fasqueda, garantizando que su sitio web se cargar\u00e1 r\u00e1pidamente y ascender\u00e1 en la clasificaci\u00f3n dentro de los resultados de los motores de b\u00fasqueda. Ya sea que se identifique como blogger, vendedor o emprendedor de inicio, Revolution Pro genuinamente abarca todos los componentes necesarios para garantizar que se destaque inequ\u00edvocamente entre la vasta extensi\u00f3n de Internet, dejando as\u00ed una impresi\u00f3n indeleble en su p\u00fablico objetivo.<\/p>\n","protected":false},"featured_media":167630,"comment_status":"open","ping_status":"open","template":"","meta":[],"product_brand":[2358],"product_cat":[1267,1237,1238],"product_tag":[1383],"class_list":{"0":"post-127384","1":"product","2":"type-product","3":"status-publish","4":"has-post-thumbnail","6":"product_brand-studiopress","7":"product_cat-creativo","8":"product_cat-temas","9":"product_cat-wordpress-temas","10":"product_tag-studiopress","11":"member-discount","12":"discount-restricted","14":"first","15":"instock","16":"sale","17":"downloadable","18":"virtual","19":"sold-individually","20":"purchasable","21":"product-type-simple"},"_links":{"self":[{"href":"https:\/\/gpl-love.com\/es\/wp-json\/wp\/v2\/product\/127384","targetHints":{"allow":["GET"]}}],"collection":[{"href":"https:\/\/gpl-love.com\/es\/wp-json\/wp\/v2\/product"}],"about":[{"href":"https:\/\/gpl-love.com\/es\/wp-json\/wp\/v2\/types\/product"}],"replies":[{"embeddable":true,"href":"https:\/\/gpl-love.com\/es\/wp-json\/wp\/v2\/comments?post=127384"}],"wp:featuredmedia":[{"embeddable":true,"href":"https:\/\/gpl-love.com\/es\/wp-json\/wp\/v2\/media\/167630"}],"wp:attachment":[{"href":"https:\/\/gpl-love.com\/es\/wp-json\/wp\/v2\/media?parent=127384"}],"wp:term":[{"taxonomy":"product_brand","embeddable":true,"href":"https:\/\/gpl-love.com\/es\/wp-json\/wp\/v2\/product_brand?post=127384"},{"taxonomy":"product_cat","embeddable":true,"href":"https:\/\/gpl-love.com\/es\/wp-json\/wp\/v2\/product_cat?post=127384"},{"taxonomy":"product_tag","embeddable":true,"href":"https:\/\/gpl-love.com\/es\/wp-json\/wp\/v2\/product_tag?post=127384"}],"curies":[{"name":"wp","href":"https:\/\/api.w.org\/{rel}","templated":true}]}}