{"id":127382,"date":"2021-02-09T00:00:00","date_gmt":"2021-02-09T05:00:00","guid":{"rendered":"https:\/\/gpl-love.com\/es\/producto\/storefront-product-sharing\/"},"modified":"2026-04-10T11:25:48","modified_gmt":"2026-04-10T16:25:48","slug":"storefront-product-sharing","status":"publish","type":"product","link":"https:\/\/gpl-love.com\/es\/producto\/storefront-product-sharing\/","title":{"rendered":"Storefront Product Sharing 1.0.6"},"content":{"rendered":"<h3>Storefront Product Sharing Caracteristicas<\/h3>\n<p>Storefront Product Sharing es una soluci\u00f3n de software innovadora y de vanguardia meticulosamente elaborada para empoderar y facilitar a las empresas en su incansable b\u00fasqueda para promover de manera efectiva y eficiente su variedad de productos en una mir\u00edada de diversos y dispares canales. Al aprovechar el poder formidable y la versatilidad de esta notable herramienta, las empresas pueden difundir sin esfuerzo y sin problemas su codiciada mercanc\u00eda en diversas plataformas de redes sociales, ejecutar campa\u00f1as de correo electr\u00f3nico meticulosamente orquestadas y altamente persuasivas, y desplegar estrat\u00e9gicamente sus productos en una gama multifac\u00e9tica de canales de marketing curados meticulosamente curados meticulosamente curados. para maximizar la visibilidad y la exposici\u00f3n.<\/p>\n<p>Adem\u00e1s, el intercambio de productos de la tienda ofrece una capacidad invaluable e indispensable para monitorear y evaluar meticulosamente y escrupulosamente la eficacia y el rendimiento de sus campa\u00f1as meticulosamente elaboradas y ejecutadas incansablemente, lo que permite a las empresas medir de manera astutamente su retorno de la inversi\u00f3n y el ajuste meticulosamente fino sus estrategias y t\u00e1cticas y t\u00e1cticas. Para lograr resultados \u00f3ptimos. Esta soluci\u00f3n de software est\u00e1 particularmente adaptada para satisfacer los requisitos y aspiraciones \u00fanicas de peque\u00f1as y medianas empresas que desean ardientemente trascender los l\u00edmites geogr\u00e1ficos, expandir su base de clientes y aumentar sus fuentes de ingresos.<\/p>\n<p>Con su interfaz intuitivamente dise\u00f1ada y f\u00e1cil de usar, navegar y aprovechar el poder y el potencial del intercambio de productos de la tienda se convierte en un esfuerzo sin problemas y directos, incluso para aquellos con una experiencia t\u00e9cnica m\u00ednima. Adem\u00e1s, las caracter\u00edsticas de informes extensas y abarrotantes proporcionan de manera elegante y sin esfuerzo a las empresas ideas y anal\u00edticos integrales y meticulosamente seleccionados, lo que las capacita para tomar decisiones informadas y basadas en datos para navegar y prosperar en el mercado ferozmente competitivo y r\u00e1pido que evolucionan.<\/p>\n<p>En resumen, el intercambio de productos de la tienda es una herramienta indispensable e indomable, es esencial absoluto para cualquier negocio exigente y con visi\u00f3n de futuro no solo sobreviviente, sino tambi\u00e9n en el mundo de los comerciales modernos no solo sobre el comercio moderno.<\/p>\n<ul>\n<li>Comparta f\u00e1cilmente productos desde su tienda<\/li>\n<li>Aumentar la visibilidad de sus productos<\/li>\n<li>Llegar al p\u00fablico nuevo a trav\u00e9s del intercambio de redes sociales<\/li>\n<li>Anime a los clientes a compartir sus productos con sus seguidores<\/li>\n<li>Personalizar opciones de intercambio para diferentes plataformas<\/li>\n<li>Integre sin problemas con su plataforma de tienda existente<\/li>\n<li>Monitor y rastreando an\u00e1lisis para medir el \u00e9xito<\/li>\n<li>Interact\u00fae con los clientes que comparten sus productos y ofrecen incentivos<\/li>\n<li>Aumente las ventas y los ingresos llegando a un p\u00fablico m\u00e1s amplio.<\/li>\n<\/ul>\n","protected":false},"excerpt":{"rendered":"<p>Storefront Product Sharing es una herramienta incre\u00edblemente robusta y efectiva que permite a los usuarios la capacidad perfecta de difundir sin esfuerzo su diversa variedad de productos en m\u00faltiples plataformas de redes sociales, plataformas de correo electr\u00f3nico y otras plataformas en l\u00ednea. Con solo unos pocos clics, las personas pueden cargar convenientemente una variedad de fotos de alta calidad que muestran sus productos, cautivadoras descripciones que resaltan las caracter\u00edsticas y beneficios \u00fanicos, as\u00ed como la informaci\u00f3n precisa de los precios, todo con el objetivo final de promover efectivamente sus productos a una audiencia significativamente m\u00e1s amplia. Independientemente de si el objetivo principal es reforzar sustancialmente las cifras de ventas o simplemente mejorar la visibilidad general de los productos de uno, el intercambio de productos en la tienda representa indiscutiblemente la soluci\u00f3n por excelencia. \u00a1No dude en embarcarse en este viaje transformador hoy y descubra de primera mano c\u00f3mo esta notable herramienta posee la notable capacidad para magnificar y impulsar el crecimiento exponencial de su negocio de una manera incomparable!<\/p>\n","protected":false},"featured_media":167576,"comment_status":"open","ping_status":"open","template":"","meta":[],"product_brand":[2344],"product_cat":[1207,1248,1206],"product_tag":[1423],"class_list":{"0":"post-127382","1":"product","2":"type-product","3":"status-publish","4":"has-post-thumbnail","6":"product_brand-woocommerce","7":"product_cat-comercio-electronico-plugins","8":"product_cat-personalizacion-comercio-electronico-plugins","9":"product_cat-plugins","10":"product_tag-woocommerce","11":"member-discount","12":"discount-restricted","14":"first","15":"instock","16":"sale","17":"downloadable","18":"virtual","19":"sold-individually","20":"purchasable","21":"product-type-simple"},"_links":{"self":[{"href":"https:\/\/gpl-love.com\/es\/wp-json\/wp\/v2\/product\/127382","targetHints":{"allow":["GET"]}}],"collection":[{"href":"https:\/\/gpl-love.com\/es\/wp-json\/wp\/v2\/product"}],"about":[{"href":"https:\/\/gpl-love.com\/es\/wp-json\/wp\/v2\/types\/product"}],"replies":[{"embeddable":true,"href":"https:\/\/gpl-love.com\/es\/wp-json\/wp\/v2\/comments?post=127382"}],"wp:featuredmedia":[{"embeddable":true,"href":"https:\/\/gpl-love.com\/es\/wp-json\/wp\/v2\/media\/167576"}],"wp:attachment":[{"href":"https:\/\/gpl-love.com\/es\/wp-json\/wp\/v2\/media?parent=127382"}],"wp:term":[{"taxonomy":"product_brand","embeddable":true,"href":"https:\/\/gpl-love.com\/es\/wp-json\/wp\/v2\/product_brand?post=127382"},{"taxonomy":"product_cat","embeddable":true,"href":"https:\/\/gpl-love.com\/es\/wp-json\/wp\/v2\/product_cat?post=127382"},{"taxonomy":"product_tag","embeddable":true,"href":"https:\/\/gpl-love.com\/es\/wp-json\/wp\/v2\/product_tag?post=127382"}],"curies":[{"name":"wp","href":"https:\/\/api.w.org\/{rel}","templated":true}]}}