{"id":127380,"date":"2021-02-09T00:00:00","date_gmt":"2021-02-09T05:00:00","guid":{"rendered":"https:\/\/gpl-love.com\/es\/producto\/storefront-product-hero\/"},"modified":"2026-04-10T11:25:47","modified_gmt":"2026-04-10T16:25:47","slug":"storefront-product-hero","status":"publish","type":"product","link":"https:\/\/gpl-love.com\/es\/producto\/storefront-product-hero\/","title":{"rendered":"Storefront Product Hero 1.2.13"},"content":{"rendered":"<h3>Storefront Product Hero Caracteristicas<\/h3>\n<p>El h\u00e9roe de productos de la tienda, que es una herramienta incre\u00edblemente potente, se ha desarrollado espec\u00edficamente para mostrar efectivamente sus productos, capturando as\u00ed el inter\u00e9s y la atenci\u00f3n de los clientes potenciales. Esta notable herramienta ofrece una exposici\u00f3n sofisticada y contempor\u00e1nea de sus art\u00edculos destacados o de venta superior, coloc\u00e1ndolos en el centro de atenci\u00f3n y convirti\u00e9ndolos en las verdaderas estrellas de su tienda. Lo que distingue a este h\u00e9roe del producto es su notable nivel de personalizaci\u00f3n, lo que le permite adaptar sin esfuerzo el dise\u00f1o, el esquema de color y la fuente para alinearse sin problemas con su marca. Adem\u00e1s, este h\u00e9roe de productos ha sido meticulosamente optimizado para un rendimiento \u00f3ptimo en dispositivos m\u00f3viles, lo que garantiza que sus productos exuden excelencia y atraer\u00e1n independientemente del tama\u00f1o de la pantalla. Al capitalizar los inmensos beneficios ofrecidos por el h\u00e9roe del producto de la tienda, tiene la incre\u00edble oportunidad de mejorar y elevar su tienda, en \u00faltima instancia, lo que resulta en un aumento sustancial en las ventas, cortes\u00eda de estas fascinantes y cautivadoras exhibiciones de productos.<\/p>\n<ul>\n<li>Visualizaci\u00f3n llamativa de la tienda para productos<\/li>\n<li>Im\u00e1genes y gr\u00e1ficos de alta calidad para exhibir productos a su mejor luz<\/li>\n<li>Dise\u00f1o personalizable para adaptarse a la est\u00e9tica de cualquier marca o tienda<\/li>\n<li>Interfaz f\u00e1cil de usar para actualizar y rotar productos seg\u00fan sea necesario<\/li>\n<li>Opciones de visualizaci\u00f3n interactiva para involucrar a los clientes y alentar las ventas<\/li>\n<li>Ayuda a atraer el tr\u00e1fico peatonal y aumentar la conciencia de la marca<\/li>\n<li>Se puede utilizar tanto para los escaparates f\u00edsicos como para las plataformas de comercio electr\u00f3nico en l\u00ednea<\/li>\n<li>Forma efectiva de exhibir productos destacados o nuevos<\/li>\n<li>Proporciona una ventaja competitiva en el mercado mediante la creaci\u00f3n de una tienda visualmente atractiva<\/li>\n<li>Accesible para una amplia gama de clientes, incluidos aquellos que pueden no haber considerado previamente la marca o el producto.<\/li>\n<\/ul>\n","protected":false},"excerpt":{"rendered":"<p>StoreFront Product Hero es una herramienta excepcionalmente impresionante, que proporciona una presentaci\u00f3n de productos visualmente cautivadora en su estimado sitio web. Le ayuda a exhibir de manera efectiva su amplia gama de productos y atrapar con \u00e9xito la atenci\u00f3n indivisa de sus clientes exigentes, lo que le permite fabricar una experiencia de compra virtual que lo abarca y profundamente. La herramienta ha sido cuidadosamente dise\u00f1ada para operar en perfecta armon\u00eda con su tienda intrincadamente dise\u00f1ada, lo que le brinda una simplicidad incomparable cuando se trata de modificar y administrar su extenso cat\u00e1logo de productos. Al optar por el h\u00e9roe del producto de la tienda, tiene la oportunidad incomparable de elevar su empresa de comercio electr\u00f3nico a alturas sin precedentes, al tiempo que aumenta significativamente su rentabilidad y cifras generales de ventas. No pierda el tiempo en embarcarse en este viaje transformador: \u00a1comience hoy y deje que la magnificencia de sus exquisitos productos irradie y cautiven!<\/p>\n","protected":false},"featured_media":167575,"comment_status":"open","ping_status":"open","template":"","meta":[],"product_brand":[2344],"product_cat":[1207,1248,1206],"product_tag":[1423],"class_list":{"0":"post-127380","1":"product","2":"type-product","3":"status-publish","4":"has-post-thumbnail","6":"product_brand-woocommerce","7":"product_cat-comercio-electronico-plugins","8":"product_cat-personalizacion-comercio-electronico-plugins","9":"product_cat-plugins","10":"product_tag-woocommerce","11":"member-discount","12":"discount-restricted","14":"first","15":"instock","16":"sale","17":"downloadable","18":"virtual","19":"sold-individually","20":"purchasable","21":"product-type-simple"},"_links":{"self":[{"href":"https:\/\/gpl-love.com\/es\/wp-json\/wp\/v2\/product\/127380","targetHints":{"allow":["GET"]}}],"collection":[{"href":"https:\/\/gpl-love.com\/es\/wp-json\/wp\/v2\/product"}],"about":[{"href":"https:\/\/gpl-love.com\/es\/wp-json\/wp\/v2\/types\/product"}],"replies":[{"embeddable":true,"href":"https:\/\/gpl-love.com\/es\/wp-json\/wp\/v2\/comments?post=127380"}],"wp:featuredmedia":[{"embeddable":true,"href":"https:\/\/gpl-love.com\/es\/wp-json\/wp\/v2\/media\/167575"}],"wp:attachment":[{"href":"https:\/\/gpl-love.com\/es\/wp-json\/wp\/v2\/media?parent=127380"}],"wp:term":[{"taxonomy":"product_brand","embeddable":true,"href":"https:\/\/gpl-love.com\/es\/wp-json\/wp\/v2\/product_brand?post=127380"},{"taxonomy":"product_cat","embeddable":true,"href":"https:\/\/gpl-love.com\/es\/wp-json\/wp\/v2\/product_cat?post=127380"},{"taxonomy":"product_tag","embeddable":true,"href":"https:\/\/gpl-love.com\/es\/wp-json\/wp\/v2\/product_tag?post=127380"}],"curies":[{"name":"wp","href":"https:\/\/api.w.org\/{rel}","templated":true}]}}