{"id":127378,"date":"2021-02-09T00:00:00","date_gmt":"2021-02-09T05:00:00","guid":{"rendered":"https:\/\/gpl-love.com\/es\/producto\/storefront-pricing-tables\/"},"modified":"2026-04-10T11:25:46","modified_gmt":"2026-04-10T16:25:46","slug":"storefront-pricing-tables","status":"publish","type":"product","link":"https:\/\/gpl-love.com\/es\/producto\/storefront-pricing-tables\/","title":{"rendered":"Storefront Pricing Tables 1.1.0"},"content":{"rendered":"<h3>Storefront Pricing Tables Caracteristicas<\/h3>\n<p>Las tablas de precios de la tienda ofrecen a los usuarios la comodidad y eficiencia de crear sin esfuerzo y administrar efectivamente las tablas de precios espec\u00edficamente adaptadas para su tienda en l\u00ednea. Esta notable herramienta facilita la definici\u00f3n y la organizaci\u00f3n perfecta de los niveles de precios, la incorporaci\u00f3n de campos personalizados personalizados y \u00fanicos, as\u00ed como el establecimiento de diversas opciones de pago. Adem\u00e1s, permite a los usuarios la flexibilidad de personalizar y refinar el dise\u00f1o y el dise\u00f1o de sus tablas de precios, asegurando que est\u00e9n armoniosamente alineados con la est\u00e9tica de su marca. Con la invaluable capacidad de administrar eficientemente los precios y la informaci\u00f3n del producto, las tablas de precios de la tienda surgen como la soluci\u00f3n definitiva para cualquier negocio en l\u00ednea astuto que se esfuerce por optimizar y optimizar su proceso de precios.<\/p>\n<ul>\n<li>-Apcias y f\u00e1ciles de entender tablas de precios para su tienda<\/li>\n<li>-En dise\u00f1o visualmente atractivo para atraer clientes potenciales<\/li>\n<li>-Ababilizaci\u00f3n para personalizar los precios para satisfacer sus necesidades comerciales espec\u00edficas<\/li>\n<li>-Entegraci\u00f3n con plataformas populares de comercio electr\u00f3nico para un uso sin problemas<\/li>\n<li>-Anputaciones automatizadas para garantizar que el precio est\u00e9 siempre actualizado<\/li>\n<li>-Argue la transparencia para los clientes, lo que lleva a una mayor confianza y ventas<\/li>\n<li>-Opci\u00f3n para precios escalonados, descuentos y promociones para incentivar las compras<\/li>\n<li>-Pupport para m\u00faltiples monedas e idiomas para empresas globales.<\/li>\n<\/ul>\n","protected":false},"excerpt":{"rendered":"<p>Mejore la participaci\u00f3n del cliente y las conversiones de impulso aprovechando el atractivo convincente de nuestras tablas de precios de tienda exquisitamente dise\u00f1adas e integrales informativas. Al presentar todos los detalles pertinentes de manera f\u00e1cil y sin esfuerzo comprensible, puede optimizar de manera efectiva su pol\u00edtica de precios, asegurando la mayor claridad y transparencia para su valiosa clientela. Adaptar a la perfecci\u00f3n las tablas para alinearse sin problemas con la est\u00e9tica general de su tema de tienda, optimizando as\u00ed el atractivo visual y fomentando una experiencia de marca perfecta. \u00a1D\u00e9jate de la perplejidad y intenta marcar una ola de clientes contentos, cortes\u00eda del poder transformador de nuestras mesas de fijaci\u00f3n de precios incomparables!<\/p>\n","protected":false},"featured_media":167574,"comment_status":"open","ping_status":"open","template":"","meta":[],"product_brand":[2344],"product_cat":[1207,1248,1206],"product_tag":[1423],"class_list":{"0":"post-127378","1":"product","2":"type-product","3":"status-publish","4":"has-post-thumbnail","6":"product_brand-woocommerce","7":"product_cat-comercio-electronico-plugins","8":"product_cat-personalizacion-comercio-electronico-plugins","9":"product_cat-plugins","10":"product_tag-woocommerce","11":"member-discount","12":"discount-restricted","14":"first","15":"instock","16":"sale","17":"downloadable","18":"virtual","19":"sold-individually","20":"purchasable","21":"product-type-simple"},"_links":{"self":[{"href":"https:\/\/gpl-love.com\/es\/wp-json\/wp\/v2\/product\/127378","targetHints":{"allow":["GET"]}}],"collection":[{"href":"https:\/\/gpl-love.com\/es\/wp-json\/wp\/v2\/product"}],"about":[{"href":"https:\/\/gpl-love.com\/es\/wp-json\/wp\/v2\/types\/product"}],"replies":[{"embeddable":true,"href":"https:\/\/gpl-love.com\/es\/wp-json\/wp\/v2\/comments?post=127378"}],"wp:featuredmedia":[{"embeddable":true,"href":"https:\/\/gpl-love.com\/es\/wp-json\/wp\/v2\/media\/167574"}],"wp:attachment":[{"href":"https:\/\/gpl-love.com\/es\/wp-json\/wp\/v2\/media?parent=127378"}],"wp:term":[{"taxonomy":"product_brand","embeddable":true,"href":"https:\/\/gpl-love.com\/es\/wp-json\/wp\/v2\/product_brand?post=127378"},{"taxonomy":"product_cat","embeddable":true,"href":"https:\/\/gpl-love.com\/es\/wp-json\/wp\/v2\/product_cat?post=127378"},{"taxonomy":"product_tag","embeddable":true,"href":"https:\/\/gpl-love.com\/es\/wp-json\/wp\/v2\/product_tag?post=127378"}],"curies":[{"name":"wp","href":"https:\/\/api.w.org\/{rel}","templated":true}]}}