{"id":127376,"date":"2024-07-21T00:00:00","date_gmt":"2024-07-21T05:00:00","guid":{"rendered":"https:\/\/gpl-love.com\/es\/producto\/paid-memberships-pro-add-name-to-checkout-addon\/"},"modified":"2026-04-10T11:20:58","modified_gmt":"2026-04-10T16:20:58","slug":"paid-memberships-pro-add-name-to-checkout-addon","status":"publish","type":"product","link":"https:\/\/gpl-love.com\/es\/producto\/paid-memberships-pro-add-name-to-checkout-addon\/","title":{"rendered":"Paid Memberships Pro Add Name to Checkout Addon 0.7"},"content":{"rendered":"<h3>Paid Memberships Pro Add Name to Checkout Addon Caracteristicas<\/h3>\n<p>El MemberShips Pro Paying Pro ADD Nombre para Checkout Addon, una herramienta muy robusta, presenta a los usuarios la capacidad perfecta de incorporar sin esfuerzo un campo de nombre en su proceso de pago. A trav\u00e9s de la utilizaci\u00f3n de este invaluable complemento, los propietarios de negocios en l\u00ednea pueden recopilar de manera expedita y eficiente informaci\u00f3n significativa del cliente en el punto de venta, simplificando as\u00ed el proceso de pago y mejorando la efectividad operativa de su escaparate digital. Con una interfaz f\u00e1cil de usar y una integraci\u00f3n impecable con MemberShips PRO, este complemento sirve como la soluci\u00f3n por excelencia para las empresas que buscan optimizar su proceso de pago y adquirir una comprensi\u00f3n m\u00e1s profunda de su clientela. Independientemente de si uno opera una tienda diminuta en l\u00ednea o una plataforma de comercio electr\u00f3nico sustancial, el nombre de MemberShips Pro ADD para pagar el complemento es una necesidad absoluta, impulsando a las empresas hacia alturas de \u00e9xito sin precedentes.<\/p>\n<ul>\n<li>Se integra con membres\u00edas pagas Pro<\/li>\n<li>Agrega la opci\u00f3n para recopilar el nombre del usuario al finalizar la compra<\/li>\n<li>Permite una comunicaci\u00f3n personalizada con los miembros<\/li>\n<li>Experiencia mejorada del cliente<\/li>\n<li>Proceso de registro de membres\u00eda de l\u00ednea de l\u00ednea<\/li>\n<li>Compatible con una gama de temas y dise\u00f1os del sitio web<\/li>\n<li>No se requieren habilidades de codificaci\u00f3n para instalar y usar<\/li>\n<li>Precios asequibles y opciones de suscripci\u00f3n flexibles<\/li>\n<li>Proporciona valiosos informaci\u00f3n de datos para informar estrategias de marketing y ventas<\/li>\n<\/ul>\n","protected":false},"excerpt":{"rendered":"<p>El nombre de adici\u00f3n de membres\u00edas pagas para el complemento de pago es una herramienta incre\u00edblemente robusta que le proporciona la capacidad de adquirir informaci\u00f3n adicional de sus clientes durante el proceso de pago. Al incorporar este complemento, puede integrar sin esfuerzo campos que incitan a los clientes a ingresar su nombre, la direcci\u00f3n de facturaci\u00f3n y env\u00edo, el n\u00famero de tel\u00e9fono y una variedad de otros detalles cruciales. Este complemento excepcional sirve como una v\u00eda excepcional para acumular datos invaluables relacionados con sus clientes, lo que le brinda la oportunidad de reforzar sus esfuerzos de marketing y ventas. Es importante tener en cuenta que este complemento cuenta con una interfaz notablemente f\u00e1cil de usar, eliminando as\u00ed la necesidad de cualquier experiencia en codificaci\u00f3n. Por lo tanto, \u00bfpor qu\u00e9 prolongar el proceso? \u00a1Inicie la acumulaci\u00f3n de informaci\u00f3n invaluable del cliente hoy a trav\u00e9s de la utilizaci\u00f3n de los membres\u00edas pagas Pro Agregar nombre al complemento de pago!<\/p>\n","protected":false},"featured_media":167150,"comment_status":"open","ping_status":"open","template":"","meta":[],"product_brand":[2524],"product_cat":[1214,1206,1211],"product_tag":[2255],"class_list":{"0":"post-127376","1":"product","2":"type-product","3":"status-publish","4":"has-post-thumbnail","6":"product_brand-paid-memberships-pro","7":"product_cat-personalizacion","8":"product_cat-plugins","9":"product_cat-wordpress-plugins","10":"product_tag-paid-memberships-pro","11":"member-discount","12":"discount-restricted","14":"first","15":"instock","16":"sale","17":"downloadable","18":"virtual","19":"sold-individually","20":"purchasable","21":"product-type-simple"},"_links":{"self":[{"href":"https:\/\/gpl-love.com\/es\/wp-json\/wp\/v2\/product\/127376","targetHints":{"allow":["GET"]}}],"collection":[{"href":"https:\/\/gpl-love.com\/es\/wp-json\/wp\/v2\/product"}],"about":[{"href":"https:\/\/gpl-love.com\/es\/wp-json\/wp\/v2\/types\/product"}],"replies":[{"embeddable":true,"href":"https:\/\/gpl-love.com\/es\/wp-json\/wp\/v2\/comments?post=127376"}],"wp:featuredmedia":[{"embeddable":true,"href":"https:\/\/gpl-love.com\/es\/wp-json\/wp\/v2\/media\/167150"}],"wp:attachment":[{"href":"https:\/\/gpl-love.com\/es\/wp-json\/wp\/v2\/media?parent=127376"}],"wp:term":[{"taxonomy":"product_brand","embeddable":true,"href":"https:\/\/gpl-love.com\/es\/wp-json\/wp\/v2\/product_brand?post=127376"},{"taxonomy":"product_cat","embeddable":true,"href":"https:\/\/gpl-love.com\/es\/wp-json\/wp\/v2\/product_cat?post=127376"},{"taxonomy":"product_tag","embeddable":true,"href":"https:\/\/gpl-love.com\/es\/wp-json\/wp\/v2\/product_tag?post=127376"}],"curies":[{"name":"wp","href":"https:\/\/api.w.org\/{rel}","templated":true}]}}