{"id":126690,"date":"2025-12-25T00:00:00","date_gmt":"2025-12-25T05:00:00","guid":{"rendered":"https:\/\/gpl-love.com\/es\/producto\/woocommerce-paid-courses\/"},"modified":"2026-03-09T08:23:39","modified_gmt":"2026-03-09T13:23:39","slug":"woocommerce-paid-courses","status":"publish","type":"product","link":"https:\/\/gpl-love.com\/es\/producto\/woocommerce-paid-courses\/","title":{"rendered":"WooCommerce Paid Courses Sensei Pro 4.25.2.1.24.5"},"content":{"rendered":"<h3>WooCommerce Paid Courses Sensei Pro Caracteristicas<\/h3>\n<p>Los cursos pagados de WooCommerce Sensei Pro es un complemento muy robusto y avanzado que ha sido meticulosamente dise\u00f1ado para proporcionarle una gama integral de herramientas excepcionales que son esenciales para la creaci\u00f3n, la venta y la gesti\u00f3n de sus estimados cursos en l\u00ednea en su propio sitio de WordPress. Con una interfaz notablemente f\u00e1cil de usar, este complemento garantiza que pueda generar y supervisar el contenido de su curso, integrarlo sin problemas con su pasarela de pago preferida, establecer planes de precios bien estructurados y monitorear meticulosamente el progreso de sus estudiantes. Adem\u00e1s, este complemento notable le permite fabricar sin esfuerzo una variedad de tipos de cursos diversos, que abarca los gustos, las tareas y los foros de discusi\u00f3n, al tiempo que le otorga la capacidad de implementar sin problemas el contenido multimedia, incluidos, entre otros, videos e im\u00e1genes. Adem\u00e1s, el complemento tambi\u00e9n se esfuerza por facilitar la personalizaci\u00f3n impecablemente personalizada de sus cursos para alinearse acertadamente con su marca apreciada, asegurando as\u00ed la m\u00e1xima cohesi\u00f3n y uniformidad. Adem\u00e1s, le presenta una oportunidad excepcional para configurar sus cursos con contenido de goteo, conect\u00e1ndolos intrincadamente con servicios de marketing por correo electr\u00f3nico altamente prevalentes, garantizando as\u00ed un grado incomparable de conveniencia y eficacia. Para resumir, es muy evidente que los cursos pagados de WooCommerce Sensei Pro sirven como una soluci\u00f3n notablemente ideal para las personas que desean monetizar lucrativamente su invaluable contenido educativo en l\u00ednea, todo sin poder eludir sin esfuerzo complicaciones o obst\u00e1culos que puedan surgir a lo largo del proceso.<\/p>\n<ul>\n<li>Una poderosa soluci\u00f3n de aprendizaje electr\u00f3nico para sitios de WordPress que usan WooCommerce<\/li>\n<li>Permite a las empresas crear y vender cursos pagados con facilidad<\/li>\n<li>Incluye Sensei Pro, que proporciona caracter\u00edsticas avanzadas y opciones de personalizaci\u00f3n<\/li>\n<li>Habilita la creaci\u00f3n de cuestionarios, pruebas y tareas<\/li>\n<li>Proporciona informes detallados y an\u00e1lisis sobre el progreso del estudiante y el rendimiento del curso<\/li>\n<li>Ofrece opciones de precios flexibles, incluidas suscripciones y pagos \u00fanicos<\/li>\n<li>Se integra con las pasarelas de pago populares para un pago sin interrupciones<\/li>\n<li>Proporciona un tablero de curso f\u00e1cil de usar para que los estudiantes rastreen su progreso y accedan a los materiales del curso<\/li>\n<li>Ofrece opciones de personalizaci\u00f3n para dise\u00f1os de cursos, marca y certificados<\/li>\n<li>Proporciona atenci\u00f3n al cliente y documentaci\u00f3n para una f\u00e1cil configuraci\u00f3n y uso.<\/li>\n<\/ul>\n","protected":false},"excerpt":{"rendered":"<p>Los cursos pagados de WooCommerce Sensei Pro es un complemento de aprendizaje electr\u00f3nico altamente sofisticado y de vanguardia que le permite generar y comercializar cursos en l\u00ednea sin esfuerzo. Al aprovechar sus funcionalidades s\u00f3lidas, como la capacidad de liberar gradualmente el contenido del curso, evaluar efectivamente el rendimiento de los estudiantes y supervisar eficientemente los concursos, puede desarrollar cursos cautivadores que no solo inspire y motiven a sus estudiantes, sino que tambi\u00e9n los mantengan en el camino correcto hacia el \u00e9xito. Adem\u00e1s, este complemento se integra perfectamente con WooCommerce, otorg\u00e1ndole la conveniencia de administrar las inscripciones, procesar pagos y monitorear el progreso de los estudiantes en una sola plataforma centralizada. Ya sea que sea un instructor individual o un establecimiento sustancial, los cursos pagados de WooCommerce Sensei Pro se destacan como la soluci\u00f3n \u00f3ptima para establecer y fomentar una pr\u00f3spera empresa de aprendizaje electr\u00f3nico.<\/p>\n","protected":false},"featured_media":168191,"comment_status":"open","ping_status":"open","template":"","meta":[],"product_brand":[2344],"product_cat":[1207,1248,1206],"product_tag":[1423],"class_list":{"0":"post-126690","1":"product","2":"type-product","3":"status-publish","4":"has-post-thumbnail","6":"product_brand-woocommerce","7":"product_cat-comercio-electronico-plugins","8":"product_cat-personalizacion-comercio-electronico-plugins","9":"product_cat-plugins","10":"product_tag-woocommerce","11":"member-discount","12":"discount-restricted","14":"first","15":"instock","16":"sale","17":"downloadable","18":"virtual","19":"sold-individually","20":"purchasable","21":"product-type-simple"},"_links":{"self":[{"href":"https:\/\/gpl-love.com\/es\/wp-json\/wp\/v2\/product\/126690","targetHints":{"allow":["GET"]}}],"collection":[{"href":"https:\/\/gpl-love.com\/es\/wp-json\/wp\/v2\/product"}],"about":[{"href":"https:\/\/gpl-love.com\/es\/wp-json\/wp\/v2\/types\/product"}],"replies":[{"embeddable":true,"href":"https:\/\/gpl-love.com\/es\/wp-json\/wp\/v2\/comments?post=126690"}],"wp:featuredmedia":[{"embeddable":true,"href":"https:\/\/gpl-love.com\/es\/wp-json\/wp\/v2\/media\/168191"}],"wp:attachment":[{"href":"https:\/\/gpl-love.com\/es\/wp-json\/wp\/v2\/media?parent=126690"}],"wp:term":[{"taxonomy":"product_brand","embeddable":true,"href":"https:\/\/gpl-love.com\/es\/wp-json\/wp\/v2\/product_brand?post=126690"},{"taxonomy":"product_cat","embeddable":true,"href":"https:\/\/gpl-love.com\/es\/wp-json\/wp\/v2\/product_cat?post=126690"},{"taxonomy":"product_tag","embeddable":true,"href":"https:\/\/gpl-love.com\/es\/wp-json\/wp\/v2\/product_tag?post=126690"}],"curies":[{"name":"wp","href":"https:\/\/api.w.org\/{rel}","templated":true}]}}