{"id":126688,"date":"2023-06-28T00:00:00","date_gmt":"2023-06-28T05:00:00","guid":{"rendered":"https:\/\/gpl-love.com\/es\/producto\/woocommerce-page-builder-for-wpbakery\/"},"modified":"2026-04-10T11:32:56","modified_gmt":"2026-04-10T16:32:56","slug":"woocommerce-page-builder-for-wpbakery","status":"publish","type":"product","link":"https:\/\/gpl-love.com\/es\/producto\/woocommerce-page-builder-for-wpbakery\/","title":{"rendered":"WooCommerce Page Builder For WPBakery 3.4.3.6"},"content":{"rendered":"<h3>WooCommerce Page Builder For WPBakery Caracteristicas<\/h3>\n<p>WooCommerce Page Builder para WPbakery demuestra ser una herramienta excepcional para las personas que buscan crear sitios web de comercio electr\u00f3nico visualmente atractivos. Su interfaz f\u00e1cil de usar facilita una experiencia de creaci\u00f3n de p\u00e1ginas de arrastrar y soltar, empleando a WPBakery como fundamento, ahorrando as\u00ed efectivamente un tiempo y un esfuerzo valiosos para los usuarios. Adem\u00e1s, esta notable herramienta ofrece una amplia gama de plantillas y bloques predise\u00f1ados, todas las cuales pueden personalizarse convenientemente para satisfacer las necesidades espec\u00edficas de cualquier negocio. La incorporaci\u00f3n de la integraci\u00f3n de WooCommerce mejora a\u00fan m\u00e1s su funcionalidad, otorgando a los usuarios la capacidad de agregar productos sin esfuerzo, administrar inventario y manejar eficazmente los pedidos, estableci\u00e9ndolo as\u00ed como una soluci\u00f3n con todo incluido para los sitios web de comercio electr\u00f3nico. Adem\u00e1s, este complemento se enorgullece de ser totalmente receptivo y compatible con todos los temas de WordPress, lo que garantiza que el sitio web resultante exude una apariencia impresionante en todos y cada uno de los dispositivos. En conclusi\u00f3n, WooCommerce Page Builder para WPBakery surge como una excelente herramienta, lo que permite a las personas construir una tienda en l\u00ednea de aspecto profesional sin la necesidad de cualquier conocimiento de codificaci\u00f3n.<\/p>\n<ul>\n<li>Cree p\u00e1ginas de productos personalizadas directamente dentro de su tienda WooCommerce<\/li>\n<li>Interfaz intuitiva y f\u00e1cil de usar de arrastrar y soltar<\/li>\n<li>No se requiere codificaci\u00f3n o conocimiento t\u00e9cnico<\/li>\n<li>Compatible con WPBakery Page Builder<\/li>\n<li>Plantillas y opciones de dise\u00f1o totalmente personalizables<\/li>\n<li>Elija entre m\u00faltiples dise\u00f1os y estilos de productos<\/li>\n<li>Agregar descripciones de productos, im\u00e1genes, videos y m\u00e1s<\/li>\n<li>Admite c\u00f3digos cortos de WooCommerce para la m\u00e1xima flexibilidad<\/li>\n<li>Mejorar la participaci\u00f3n del usuario con caracter\u00edsticas y avances din\u00e1micos del producto<\/li>\n<li>Integre perfectamente con el dise\u00f1o y el dise\u00f1o de su sitio web existente.<\/li>\n<\/ul>\n","protected":false},"excerpt":{"rendered":"<p>El WooCommerce Page Builder para WPBakery es un complemento incre\u00edblemente robusto que proporciona una experiencia perfecta y f\u00e1cil de usar para construir p\u00e1ginas de productos personalizadas adaptadas a su tienda en l\u00ednea espec\u00edfica. Equipado con una interfaz intuitiva y fluida de arrastrar y soltar, junto con una amplia variedad de opciones de dise\u00f1o a su disposici\u00f3n, puede crear p\u00e1ginas de productos visualmente impresionantes sin esfuerzo que muestren efectivamente su mercanc\u00eda de la manera m\u00e1s \u00f3ptima imaginable. Ya sea que su objetivo sea presentar un producto singular o compilar un cat\u00e1logo integral de art\u00edculos, tenga la seguridad de que el constructor de p\u00e1ginas de WooCommerce para WPBakery es la soluci\u00f3n definitiva para cumplir con sus aspiraciones. Por lo tanto, si est\u00e1 buscando un medio din\u00e1mico y adaptable para fabricar p\u00e1ginas de productos a medida para su tienda WooCommerce, no es necesario buscar m\u00e1s all\u00e1 del notable constructor de p\u00e1ginas de WooCommerce para WPBakery.<\/p>\n","protected":false},"featured_media":168190,"comment_status":"open","ping_status":"open","template":"","meta":[],"product_brand":[2339],"product_cat":[1207,1248,1206],"product_tag":[1256],"class_list":{"0":"post-126688","1":"product","2":"type-product","3":"status-publish","4":"has-post-thumbnail","6":"product_brand-codecanyon","7":"product_cat-comercio-electronico-plugins","8":"product_cat-personalizacion-comercio-electronico-plugins","9":"product_cat-plugins","10":"product_tag-codecanyon","11":"member-discount","12":"discount-restricted","14":"first","15":"instock","16":"sale","17":"downloadable","18":"virtual","19":"sold-individually","20":"purchasable","21":"product-type-simple"},"_links":{"self":[{"href":"https:\/\/gpl-love.com\/es\/wp-json\/wp\/v2\/product\/126688","targetHints":{"allow":["GET"]}}],"collection":[{"href":"https:\/\/gpl-love.com\/es\/wp-json\/wp\/v2\/product"}],"about":[{"href":"https:\/\/gpl-love.com\/es\/wp-json\/wp\/v2\/types\/product"}],"replies":[{"embeddable":true,"href":"https:\/\/gpl-love.com\/es\/wp-json\/wp\/v2\/comments?post=126688"}],"wp:featuredmedia":[{"embeddable":true,"href":"https:\/\/gpl-love.com\/es\/wp-json\/wp\/v2\/media\/168190"}],"wp:attachment":[{"href":"https:\/\/gpl-love.com\/es\/wp-json\/wp\/v2\/media?parent=126688"}],"wp:term":[{"taxonomy":"product_brand","embeddable":true,"href":"https:\/\/gpl-love.com\/es\/wp-json\/wp\/v2\/product_brand?post=126688"},{"taxonomy":"product_cat","embeddable":true,"href":"https:\/\/gpl-love.com\/es\/wp-json\/wp\/v2\/product_cat?post=126688"},{"taxonomy":"product_tag","embeddable":true,"href":"https:\/\/gpl-love.com\/es\/wp-json\/wp\/v2\/product_tag?post=126688"}],"curies":[{"name":"wp","href":"https:\/\/api.w.org\/{rel}","templated":true}]}}