{"id":126686,"date":"2024-01-08T00:00:00","date_gmt":"2024-01-08T05:00:00","guid":{"rendered":"https:\/\/gpl-love.com\/es\/producto\/woocommerce-page-builder-for-elementor\/"},"modified":"2026-04-10T11:32:55","modified_gmt":"2026-04-10T16:32:55","slug":"woocommerce-page-builder-for-elementor","status":"publish","type":"product","link":"https:\/\/gpl-love.com\/es\/producto\/woocommerce-page-builder-for-elementor\/","title":{"rendered":"WooCommerce Page Builder For Elementor 1.1.6.7"},"content":{"rendered":"<h3>WooCommerce Page Builder For Elementor Caracteristicas<\/h3>\n<p>El WooCommerce Page Builder para Elementor se presenta como una herramienta robusta y rica en caracter\u00edsticas que permite a los usuarios fabricar sitios web de comercio electr\u00f3nico visualmente impresionantes sin esfuerzo. A trav\u00e9s de su interfaz inherentemente f\u00e1cil de arrastrar y soltar, a las personas se les brinda la oportunidad de personalizar y adaptar a la perfecci\u00f3n su tienda en l\u00ednea, todo al tiempo que incorporan las diversas funcionalidades en sus p\u00e1ginas web. Este constructor de p\u00e1ginas en particular cuenta con un dise\u00f1o personalizado espec\u00edficamente calibrado para armonizar sin problemas con el complemento Elementer, facilitando as\u00ed un proceso sin problemas y simplificado para crear plataformas de comercio electr\u00f3nico visualmente cautivadoras y receptivas din\u00e1micamente. Adem\u00e1s, el WooCommerce Page Builder para Elementor ofrece una gran variedad de plantillas meticulosamente elaboradas, cada una de las cuales puede modificarse convenientemente y curada para alinearse armoniosamente con el estilo \u00fanicos y las necesidades individualizadas de su marca. A la luz de su impresionante variedad de caracter\u00edsticas y facilidad de uso incomparable, el WooCommerce Page Builder para Elementor se presenta como una opci\u00f3n \u00f3ptima para cualquier persona que busque establecer expeditamente y sin esfuerzo una tienda en l\u00ednea de grado profesional.<\/p>\n<ul>\n<li>Se integra perfectamente con WooCommerce y Elementor<\/li>\n<li>No se necesitan habilidades de codificaci\u00f3n para usar la interfaz de arrastrar y soltar<\/li>\n<li>Cree impresionantes p\u00e1ginas de productos y categor\u00edas con dise\u00f1os personalizados<\/li>\n<li>Incluye bloques predise\u00f1ados para listados de productos, filtros y cuadr\u00edculas de productos<\/li>\n<li>Admite m\u00faltiples tipos de productos (simples, variables, agrupados, etc.)<\/li>\n<li>Mostrar atributos y revisiones del producto de una manera visualmente atractiva<\/li>\n<li>AJAX opcional Agregar a la funcionalidad del carrito para una experiencia de compra perfecta<\/li>\n<li>Opciones de personalizaci\u00f3n avanzada para colores de botones, tipograf\u00eda y m\u00e1s<\/li>\n<li>Soporte incorporado para extensiones populares de WooCommerce como Lista de deseos, Compare y QuickView<\/li>\n<li>R\u00e1pido y liviano, minimizando los tiempos de carga de la p\u00e1gina para un rendimiento \u00f3ptimo.<\/li>\n<\/ul>\n","protected":false},"excerpt":{"rendered":"<p>El WooCommerce Page Builder para Elementor presenta un medio conveniente para dise\u00f1ar y personalizar sus p\u00e1ginas de almacenamiento de WooCommerce a trav\u00e9s de la utilizaci\u00f3n del constructor de p\u00e1ginas Elementor. A trav\u00e9s de su interfaz f\u00e1cil de usar y su amplia selecci\u00f3n de opciones de dise\u00f1o, este complemento le proporciona autoridad absoluta sobre la presentaci\u00f3n visual y el ambiente general de su tienda WooCommerce. Ya sea que su objetivo es fabricar una p\u00e1gina de producto a medida, p\u00e1gina de pago o p\u00e1gina de categor\u00eda, el constructor de p\u00e1ginas de WooCommerce para Elementor est\u00e1 totalmente equipado para satisfacer sus necesidades. Esta herramienta excepcional sirve como una resoluci\u00f3n perfecta para las personas que buscan elevar el dise\u00f1o y la experiencia del usuario de su tienda WooCommerce.<\/p>\n","protected":false},"featured_media":168189,"comment_status":"open","ping_status":"open","template":"","meta":[],"product_brand":[2339],"product_cat":[1207,1248,1206],"product_tag":[1256],"class_list":{"0":"post-126686","1":"product","2":"type-product","3":"status-publish","4":"has-post-thumbnail","6":"product_brand-codecanyon","7":"product_cat-comercio-electronico-plugins","8":"product_cat-personalizacion-comercio-electronico-plugins","9":"product_cat-plugins","10":"product_tag-codecanyon","11":"member-discount","12":"discount-restricted","14":"first","15":"instock","16":"sale","17":"downloadable","18":"virtual","19":"sold-individually","20":"purchasable","21":"product-type-simple"},"_links":{"self":[{"href":"https:\/\/gpl-love.com\/es\/wp-json\/wp\/v2\/product\/126686","targetHints":{"allow":["GET"]}}],"collection":[{"href":"https:\/\/gpl-love.com\/es\/wp-json\/wp\/v2\/product"}],"about":[{"href":"https:\/\/gpl-love.com\/es\/wp-json\/wp\/v2\/types\/product"}],"replies":[{"embeddable":true,"href":"https:\/\/gpl-love.com\/es\/wp-json\/wp\/v2\/comments?post=126686"}],"wp:featuredmedia":[{"embeddable":true,"href":"https:\/\/gpl-love.com\/es\/wp-json\/wp\/v2\/media\/168189"}],"wp:attachment":[{"href":"https:\/\/gpl-love.com\/es\/wp-json\/wp\/v2\/media?parent=126686"}],"wp:term":[{"taxonomy":"product_brand","embeddable":true,"href":"https:\/\/gpl-love.com\/es\/wp-json\/wp\/v2\/product_brand?post=126686"},{"taxonomy":"product_cat","embeddable":true,"href":"https:\/\/gpl-love.com\/es\/wp-json\/wp\/v2\/product_cat?post=126686"},{"taxonomy":"product_tag","embeddable":true,"href":"https:\/\/gpl-love.com\/es\/wp-json\/wp\/v2\/product_tag?post=126686"}],"curies":[{"name":"wp","href":"https:\/\/api.w.org\/{rel}","templated":true}]}}