{"id":126684,"date":"2025-10-29T00:00:00","date_gmt":"2025-10-29T05:00:00","guid":{"rendered":"https:\/\/gpl-love.com\/es\/producto\/woocommerce-orders-tracking-sms-paypal-tracking-autopilot\/"},"modified":"2026-03-09T08:23:35","modified_gmt":"2026-03-09T13:23:35","slug":"woocommerce-orders-tracking-sms-paypal-tracking-autopilot","status":"publish","type":"product","link":"https:\/\/gpl-love.com\/es\/producto\/woocommerce-orders-tracking-sms-paypal-tracking-autopilot\/","title":{"rendered":"WooCommerce Orders Tracking SMS PayPal Tracking Autopilot 1.1.19"},"content":{"rendered":"<h3>WooCommerce Orders Tracking SMS PayPal Tracking Autopilot Caracteristicas<\/h3>\n<p>Con una amplia gama de caracter\u00edsticas que incluyen el seguimiento de SMS, la integraci\u00f3n de PayPal y la funcionalidad del piloto autom\u00e1tico, este producto proporciona una soluci\u00f3n hol\u00edstica para las empresas que buscan monitorear de manera efectiva sus \u00f3rdenes de WooCommerce. Su interfaz f\u00e1cil de usar y su dise\u00f1o intuitivo permiten a los usuarios mantenerse informados sobre el estado de sus pedidos y garantizar una entrega r\u00e1pida a sus valiosos clientes. La inclusi\u00f3n de las opciones de seguimiento de SMS y PayPal no solo ofrece canales de comunicaci\u00f3n convenientes, sino que tambi\u00e9n facilita la gesti\u00f3n de pedidos sin problemas. En conclusi\u00f3n, este producto indispensable es una herramienta esencial para cualquier empresa en busca de un enfoque eficiente y simplificado para rastrear y administrar sus \u00f3rdenes.<\/p>\n<ul>\n<li>Actualizaciones de seguimiento de pedidos en tiempo real a trav\u00e9s de SMS<\/li>\n<li>Integraci\u00f3n perfecta con PayPal<\/li>\n<li>Seguimiento automatizado a trav\u00e9s del piloto autom\u00e1tico<\/li>\n<li>Experiencia mejorada del cliente con transparencia de pedidos<\/li>\n<li>Consultas de servicio al cliente reducido a trav\u00e9s de actualizaciones de seguimiento automatizado<\/li>\n<li>Soluci\u00f3n rentable para empresas de todos los tama\u00f1os<\/li>\n<li>Interfaz f\u00e1cil de usar para un f\u00e1cil seguimiento y gesti\u00f3n de pedidos<\/li>\n<li>Aumento de la productividad para los due\u00f1os de negocios y el personal<\/li>\n<li>Opciones de mensajer\u00eda y marca personalizables<\/li>\n<li>Medidas de seguridad mejoradas para la protecci\u00f3n de datos del cliente.<\/li>\n<\/ul>\n","protected":false},"excerpt":{"rendered":"<p>Mantenga pesta\u00f1as sin esfuerzo en sus \u00f3rdenes de WooCommerce utilizando nuestros pedidos de seguimiento del piloto autom\u00e1tico SMS PayPal, que le otorga la conveniencia de las notificaciones de seguimiento automatizado directamente a su tel\u00e9fono. Al emplear nuestro sistema de seguimiento sin problemas, puede mejorar efectivamente tanto la satisfacci\u00f3n como las ventas del cliente, maximizando as\u00ed su potencial comercial.<\/p>\n","protected":false},"featured_media":168188,"comment_status":"open","ping_status":"open","template":"","meta":[],"product_brand":[2339],"product_cat":[1207,1248,1206],"product_tag":[1256],"class_list":{"0":"post-126684","1":"product","2":"type-product","3":"status-publish","4":"has-post-thumbnail","6":"product_brand-codecanyon","7":"product_cat-comercio-electronico-plugins","8":"product_cat-personalizacion-comercio-electronico-plugins","9":"product_cat-plugins","10":"product_tag-codecanyon","11":"member-discount","12":"discount-restricted","14":"first","15":"instock","16":"sale","17":"downloadable","18":"virtual","19":"sold-individually","20":"purchasable","21":"product-type-simple"},"_links":{"self":[{"href":"https:\/\/gpl-love.com\/es\/wp-json\/wp\/v2\/product\/126684","targetHints":{"allow":["GET"]}}],"collection":[{"href":"https:\/\/gpl-love.com\/es\/wp-json\/wp\/v2\/product"}],"about":[{"href":"https:\/\/gpl-love.com\/es\/wp-json\/wp\/v2\/types\/product"}],"replies":[{"embeddable":true,"href":"https:\/\/gpl-love.com\/es\/wp-json\/wp\/v2\/comments?post=126684"}],"wp:featuredmedia":[{"embeddable":true,"href":"https:\/\/gpl-love.com\/es\/wp-json\/wp\/v2\/media\/168188"}],"wp:attachment":[{"href":"https:\/\/gpl-love.com\/es\/wp-json\/wp\/v2\/media?parent=126684"}],"wp:term":[{"taxonomy":"product_brand","embeddable":true,"href":"https:\/\/gpl-love.com\/es\/wp-json\/wp\/v2\/product_brand?post=126684"},{"taxonomy":"product_cat","embeddable":true,"href":"https:\/\/gpl-love.com\/es\/wp-json\/wp\/v2\/product_cat?post=126684"},{"taxonomy":"product_tag","embeddable":true,"href":"https:\/\/gpl-love.com\/es\/wp-json\/wp\/v2\/product_tag?post=126684"}],"curies":[{"name":"wp","href":"https:\/\/api.w.org\/{rel}","templated":true}]}}