{"id":126682,"date":"2022-03-27T00:00:00","date_gmt":"2022-03-27T05:00:00","guid":{"rendered":"https:\/\/gpl-love.com\/es\/producto\/woocommerce-orders-on-whatsapp\/"},"modified":"2026-04-10T11:32:55","modified_gmt":"2026-04-10T16:32:55","slug":"woocommerce-orders-on-whatsapp","status":"publish","type":"product","link":"https:\/\/gpl-love.com\/es\/producto\/woocommerce-orders-on-whatsapp\/","title":{"rendered":"WooCommerce Orders on WhatsApp 1.1.1"},"content":{"rendered":"<h3>WooCommerce Orders on WhatsApp Caracteristicas<\/h3>\n<p>Las \u00f3rdenes de WooCommerce en el complemento WhatsApp son una herramienta excepcionalmente \u00fatil que proporciona la capacidad de recibir notificaciones de pedido de inmediato en WhatsApp. Mediante este complemento, puede fusionar sin esfuerzo su tienda de WooCommerce con WhatsApp, lo que le permite permanecer constantemente informado sobre los detalles intrincados de cada pedido en tiempo real. Adem\u00e1s, este complemento le otorga la autonom\u00eda para personalizar los mensajes que recibe y enviar convenientemente las respuestas directamente de WhatsApp. En virtud de estas caracter\u00edsticas notables, este complemento optimiza y optimiza efectivamente sus canales de comunicaci\u00f3n, facilitando posteriormente la gesti\u00f3n eficiente de sus pedidos y garantizando un proceso armonioso y sin obst\u00e1culos. En consecuencia, cualquier propietario de la tienda de WooCommerce diligente y concienzudo que anhela mejorar su servicio al cliente y acelerar sus procesos operativos encontrar\u00eda que este complemento es un activo indispensable e invaluable.<\/p>\n<ul>\n<li>Actualizaciones instant\u00e1neas: reciba notificaciones instant\u00e1neas cuando se realizan nuevos pedidos en su sitio web de WooCommerce a trav\u00e9s de WhatsApp.<\/li>\n<li>Detalles de pedido a su alcance: puede ver los detalles del pedido de sus clientes, incluidos los art\u00edculos pedidos, la informaci\u00f3n de pago y env\u00edo, durante todo el WhatsApp.<\/li>\n<li>Comunicaci\u00f3n optimizada: no es necesario cambiar entre plataformas para comunicarse con los clientes, simplemente use WhatsApp para conversar con ellos.<\/li>\n<li>Ahorra tiempo y esfuerzo: la automatizaci\u00f3n de la notificaci\u00f3n y las actualizaciones de pedidos a trav\u00e9s de WhatsApp reduce el tiempo y el esfuerzo dedicado a enviar actualizaciones manualmente de manera regular.<\/li>\n<li>Configuraci\u00f3n sin problemas: el complemento es f\u00e1cil de instalar y configurar con requisitos de configuraci\u00f3n m\u00ednimos.<\/li>\n<li>Aumento de la satisfacci\u00f3n del cliente: proporcionar un canal de comunicaci\u00f3n adicional puede mejorar la experiencia general del cliente y mejorar la lealtad de la marca.<\/li>\n<\/ul>\n","protected":false},"excerpt":{"rendered":"<p>Al utilizar la notable funcionalidad de las \u00f3rdenes de WooCommerce en el complemento de WhatsApp, se le brinda la incre\u00edble oportunidad de recibir notificaciones r\u00e1pidas y sensibles al tiempo relacionadas con sus \u00f3rdenes de manera en vivo y en tiempo real, asegurando as\u00ed que permanezca sin problemas con el pulso al pulso de su dominio de ventas y servicio al cliente sin la necesidad de apartarse de su conversaci\u00f3n en curso de WhatsApp. Esta integraci\u00f3n sin esfuerzo sirve como una herramienta invaluable para facilitar la gesti\u00f3n eficiente y efectiva de sus \u00f3rdenes, ya que le proporciona de manera obediente actualizaciones peri\u00f3dicas con respecto a nuevos pedidos, as\u00ed como cualquier modificaci\u00f3n o modificaci\u00f3n realizada al estado de los pedidos existentes, lo que lo convierte en un activo indispensable de un activo indispensable. para cada tienda de WooCommerce que desee optimizar y optimizar sus procesos de gesti\u00f3n de pedidos.<\/p>\n","protected":false},"featured_media":168187,"comment_status":"open","ping_status":"open","template":"","meta":[],"product_brand":[2339],"product_cat":[1207,1248,1206],"product_tag":[1256],"class_list":{"0":"post-126682","1":"product","2":"type-product","3":"status-publish","4":"has-post-thumbnail","6":"product_brand-codecanyon","7":"product_cat-comercio-electronico-plugins","8":"product_cat-personalizacion-comercio-electronico-plugins","9":"product_cat-plugins","10":"product_tag-codecanyon","11":"member-discount","12":"discount-restricted","14":"first","15":"instock","16":"sale","17":"downloadable","18":"virtual","19":"sold-individually","20":"purchasable","21":"product-type-simple"},"_links":{"self":[{"href":"https:\/\/gpl-love.com\/es\/wp-json\/wp\/v2\/product\/126682","targetHints":{"allow":["GET"]}}],"collection":[{"href":"https:\/\/gpl-love.com\/es\/wp-json\/wp\/v2\/product"}],"about":[{"href":"https:\/\/gpl-love.com\/es\/wp-json\/wp\/v2\/types\/product"}],"replies":[{"embeddable":true,"href":"https:\/\/gpl-love.com\/es\/wp-json\/wp\/v2\/comments?post=126682"}],"wp:featuredmedia":[{"embeddable":true,"href":"https:\/\/gpl-love.com\/es\/wp-json\/wp\/v2\/media\/168187"}],"wp:attachment":[{"href":"https:\/\/gpl-love.com\/es\/wp-json\/wp\/v2\/media?parent=126682"}],"wp:term":[{"taxonomy":"product_brand","embeddable":true,"href":"https:\/\/gpl-love.com\/es\/wp-json\/wp\/v2\/product_brand?post=126682"},{"taxonomy":"product_cat","embeddable":true,"href":"https:\/\/gpl-love.com\/es\/wp-json\/wp\/v2\/product_cat?post=126682"},{"taxonomy":"product_tag","embeddable":true,"href":"https:\/\/gpl-love.com\/es\/wp-json\/wp\/v2\/product_tag?post=126682"}],"curies":[{"name":"wp","href":"https:\/\/api.w.org\/{rel}","templated":true}]}}