{"id":126680,"date":"2025-09-22T00:00:00","date_gmt":"2025-09-22T05:00:00","guid":{"rendered":"https:\/\/gpl-love.com\/es\/producto\/woocommerce-orders-y-customers-exporter\/"},"modified":"2026-04-10T11:32:54","modified_gmt":"2026-04-10T16:32:54","slug":"woocommerce-orders-y-customers-exporter","status":"publish","type":"product","link":"https:\/\/gpl-love.com\/es\/producto\/woocommerce-orders-y-customers-exporter\/","title":{"rendered":"WooCommerce Orders y Customers Exporter 5.6"},"content":{"rendered":"<h3>WooCommerce Orders y Customers Exporter Caracteristicas<\/h3>\n<p>El exportador de \u00f3rdenes y clientes de WooCommerce, una herramienta muy potente, ofrece a las empresas la capacidad de administrar y extraer valiosos datos y solicitar datos de su tienda WooCommerce. Este complemento permite a los usuarios la flexibilidad de exportar datos en una gran cantidad de formatos, como CSV y Excel, al tiempo que les otorga la libertad de personalizar los campos y datos espec\u00edficos que desean exportar. Esta herramienta en particular sirve como un activo invaluable para las empresas que buscan profundizar en el an\u00e1lisis de comportamiento del cliente, la segmentaci\u00f3n de la audiencia o incluso el mero seguimiento de los datos de ventas. Al automatizar todo el proceso de exportaci\u00f3n de datos, el exportador de pedidos y clientes de WooCommerce no solo ahorra un tiempo y esfuerzo valiosos, sino que tambi\u00e9n garantiza que los usuarios est\u00e9n equipados con datos precisos y actualizados, lo que les permite tomar decisiones bien informadas para sus empresas .<\/p>\n<ul>\n<li>F\u00e1cil exportaci\u00f3n de todos los datos de clientes y pedidos de su tienda WooCommerce<\/li>\n<li>Formatos de archivo compatibles con CSV y Excel para ajustar varias necesidades<\/li>\n<li>Capacidad para seleccionar rangos de fecha espec\u00edficos para la exportaci\u00f3n<\/li>\n<li>Interfaz de usuario simple e intuitiva para exportar sin problemas<\/li>\n<li>Ahorra tiempo al permitir la exportaci\u00f3n masiva en lugar de la entrada de datos manuales<\/li>\n<li>Incluye datos importantes de clientes y pedidos, como direcci\u00f3n de facturaci\u00f3n\/env\u00edo, estado de pago y total de pedidos.<\/li>\n<li>Funciona con todas las versiones de WooCommerce para la m\u00e1xima compatibilidad<\/li>\n<li>Permite la personalizaci\u00f3n de la configuraci\u00f3n de exportaci\u00f3n para adaptarse a las necesidades comerciales \u00fanicas.<\/li>\n<\/ul>\n","protected":false},"excerpt":{"rendered":"<p>El exportador de pedidos y clientes de WooCommerce es una herramienta incre\u00edblemente robusta que ofrece una funcionalidad perfecta para exportar datos de clientes y ordenar desde su tienda WooCommerce. Su interfaz f\u00e1cil de usar permite la exportaci\u00f3n sin esfuerzo de datos en formato CSV, Excel o JSON, agilizando as\u00ed el proceso de intercambio de datos y manipulaci\u00f3n. Adem\u00e1s, este exportador cuenta con una variedad de opciones de personalizaci\u00f3n, lo que le brinda la flexibilidad de seleccionar los datos espec\u00edficos que se exportar\u00e1n y determinar su formateo deseado. Ya sea que su objetivo es integrar a la perfecci\u00f3n los datos con un sistema de terceros, realizar un an\u00e1lisis en profundidad de los datos de ventas o simplemente mantener una copia de seguridad segura de su valiosa informaci\u00f3n, tenga la seguridad de que los \u00f3rdenes y el exportador de clientes de WooCommerce es inequ\u00edvocamente la soluci\u00f3n \u00f3ptima para Todas tus necesidades.<\/p>\n","protected":false},"featured_media":168186,"comment_status":"open","ping_status":"open","template":"","meta":[],"product_brand":[2339],"product_cat":[1208,1207,1206],"product_tag":[1256],"class_list":{"0":"post-126680","1":"product","2":"type-product","3":"status-publish","4":"has-post-thumbnail","6":"product_brand-codecanyon","7":"product_cat-administracion","8":"product_cat-comercio-electronico-plugins","9":"product_cat-plugins","10":"product_tag-codecanyon","11":"member-discount","12":"discount-restricted","14":"first","15":"instock","16":"sale","17":"downloadable","18":"virtual","19":"sold-individually","20":"purchasable","21":"product-type-simple"},"_links":{"self":[{"href":"https:\/\/gpl-love.com\/es\/wp-json\/wp\/v2\/product\/126680","targetHints":{"allow":["GET"]}}],"collection":[{"href":"https:\/\/gpl-love.com\/es\/wp-json\/wp\/v2\/product"}],"about":[{"href":"https:\/\/gpl-love.com\/es\/wp-json\/wp\/v2\/types\/product"}],"replies":[{"embeddable":true,"href":"https:\/\/gpl-love.com\/es\/wp-json\/wp\/v2\/comments?post=126680"}],"wp:featuredmedia":[{"embeddable":true,"href":"https:\/\/gpl-love.com\/es\/wp-json\/wp\/v2\/media\/168186"}],"wp:attachment":[{"href":"https:\/\/gpl-love.com\/es\/wp-json\/wp\/v2\/media?parent=126680"}],"wp:term":[{"taxonomy":"product_brand","embeddable":true,"href":"https:\/\/gpl-love.com\/es\/wp-json\/wp\/v2\/product_brand?post=126680"},{"taxonomy":"product_cat","embeddable":true,"href":"https:\/\/gpl-love.com\/es\/wp-json\/wp\/v2\/product_cat?post=126680"},{"taxonomy":"product_tag","embeddable":true,"href":"https:\/\/gpl-love.com\/es\/wp-json\/wp\/v2\/product_tag?post=126680"}],"curies":[{"name":"wp","href":"https:\/\/api.w.org\/{rel}","templated":true}]}}