{"id":126678,"date":"2025-10-30T00:00:00","date_gmt":"2025-10-30T05:00:00","guid":{"rendered":"https:\/\/gpl-love.com\/es\/producto\/woocommerce-order-tracker\/"},"modified":"2026-03-28T17:16:25","modified_gmt":"2026-03-28T22:16:25","slug":"woocommerce-order-tracker","status":"publish","type":"product","link":"https:\/\/gpl-love.com\/es\/producto\/woocommerce-order-tracker\/","title":{"rendered":"WooCommerce Order Tracker 2.3.5"},"content":{"rendered":"<h3>WooCommerce Order Tracker Caracteristicas<\/h3>\n<p>El rastreador de pedidos de WooCommerce sirve como una herramienta incre\u00edblemente robusta y formidable, lo que permite a las empresas monitorear de manera efectiva sus pedidos en l\u00ednea con la mayor eficiencia. Este notable complemento se integra perfectamente con WooCommerce, facilitando as\u00ed el seguimiento diligente de cada pedido, que comienza desde su recepci\u00f3n inicial hasta su entrega final. En consecuencia, el rastreador de pedidos proporciona a los usuarios actualizaciones en tiempo real relacionadas con el estado de sus pedidos, que abarca hitos cruciales como el procesamiento, el cumplimiento y el env\u00edo. Adem\u00e1s, a los clientes se les otorga la comodidad de rastrear sus pedidos a trav\u00e9s del simple acto de ingresar su n\u00famero de pedido y direcci\u00f3n de correo electr\u00f3nico en el sitio web oficial de la tienda. Tal caracter\u00edstica pionera no solo genera niveles elevados de satisfacci\u00f3n del cliente, sino que tambi\u00e9n sirve para economizar un tiempo y un esfuerzo valiosos tanto para las empresas como para sus clientes. Al aprovechar el rastreador de pedidos de WooCommerce, uno puede optimizar efectivamente su proceso de gesti\u00f3n de pedidos, asegurando as\u00ed una experiencia del cliente impecablemente perfecta e incomparable.<\/p>\n<ul>\n<li>Seguimiento de pedidos en tiempo real para las tiendas WooCommerce<\/li>\n<li>Proporciona informaci\u00f3n detallada sobre el estado de cada pedido, incluidos los env\u00edos, la entrega y la hora de llegada esperada.<\/li>\n<li>Interfaz f\u00e1cil de usar que se puede personalizar para que coincida con su marca<\/li>\n<li>Env\u00eda notificaciones autom\u00e1ticas por correo electr\u00f3nico y SMS a los clientes sobre el progreso de su pedido<\/li>\n<li>Ofrece un portal de clientes donde los clientes pueden verificar el estado de su pedido sin necesidad de comunicarse con la atenci\u00f3n al cliente<\/li>\n<li>Se integra a la perfecci\u00f3n con su tienda WooCommerce existente y transportistas de env\u00edo<\/li>\n<li>Ayuda a reducir las consultas de atenci\u00f3n al cliente y a aumentar la satisfacci\u00f3n del cliente al proporcionar transparencia y actualizaciones sobre sus pedidos<\/li>\n<li>Proporciona informes detallados y an\u00e1lisis para ayudarlo a optimizar los procesos de cumplimiento de su pedido<\/li>\n<li>Admite m\u00faltiples idiomas y monedas para tiendas internacionales<\/li>\n<\/ul>\n","protected":false},"excerpt":{"rendered":"<p>La entrada: WooCommerce Order Tracker es una herramienta incre\u00edblemente \u00fatil y conveniente que le otorga la capacidad de mantener con pesta\u00f1as de manera eficiente en cada uno de sus pedidos, todo desde la comodidad de una sola ubicaci\u00f3n. Atr\u00e1s quedaron los d\u00edas de b\u00fasqueda incansable a trav\u00e9s de varias plataformas y canales en un intento por localizar su compra m\u00e1s reciente. Con esta herramienta excepcional a su disposici\u00f3n, todo lo que necesita hacer es ingresar los detalles de su pedido e instant\u00e1neamente se le proporcionar\u00e1 actualizaciones actualizadas con respecto al estado actual de su env\u00edo. Esto significa que puede monitorear sin esfuerzo y sin problemas el progreso de sus paquetes, otorg\u00e1ndole un profundo sentido de seguridad y tranquilidad al ofrecer una estimaci\u00f3n precisa de cu\u00e1ndo finalmente adornan su puerta.<\/p>\n","protected":false},"featured_media":168185,"comment_status":"open","ping_status":"open","template":"","meta":[],"product_brand":[2339],"product_cat":[1207,1248,1206],"product_tag":[1256],"class_list":{"0":"post-126678","1":"product","2":"type-product","3":"status-publish","4":"has-post-thumbnail","6":"product_brand-codecanyon","7":"product_cat-comercio-electronico-plugins","8":"product_cat-personalizacion-comercio-electronico-plugins","9":"product_cat-plugins","10":"product_tag-codecanyon","11":"member-discount","12":"discount-restricted","14":"first","15":"instock","16":"sale","17":"downloadable","18":"virtual","19":"sold-individually","20":"purchasable","21":"product-type-simple"},"_links":{"self":[{"href":"https:\/\/gpl-love.com\/es\/wp-json\/wp\/v2\/product\/126678","targetHints":{"allow":["GET"]}}],"collection":[{"href":"https:\/\/gpl-love.com\/es\/wp-json\/wp\/v2\/product"}],"about":[{"href":"https:\/\/gpl-love.com\/es\/wp-json\/wp\/v2\/types\/product"}],"replies":[{"embeddable":true,"href":"https:\/\/gpl-love.com\/es\/wp-json\/wp\/v2\/comments?post=126678"}],"wp:featuredmedia":[{"embeddable":true,"href":"https:\/\/gpl-love.com\/es\/wp-json\/wp\/v2\/media\/168185"}],"wp:attachment":[{"href":"https:\/\/gpl-love.com\/es\/wp-json\/wp\/v2\/media?parent=126678"}],"wp:term":[{"taxonomy":"product_brand","embeddable":true,"href":"https:\/\/gpl-love.com\/es\/wp-json\/wp\/v2\/product_brand?post=126678"},{"taxonomy":"product_cat","embeddable":true,"href":"https:\/\/gpl-love.com\/es\/wp-json\/wp\/v2\/product_cat?post=126678"},{"taxonomy":"product_tag","embeddable":true,"href":"https:\/\/gpl-love.com\/es\/wp-json\/wp\/v2\/product_tag?post=126678"}],"curies":[{"name":"wp","href":"https:\/\/api.w.org\/{rel}","templated":true}]}}