{"id":126674,"date":"2026-02-24T00:00:00","date_gmt":"2026-02-24T05:00:00","guid":{"rendered":"https:\/\/gpl-love.com\/es\/producto\/woocommerce-order-status-manager\/"},"modified":"2026-04-10T11:32:52","modified_gmt":"2026-04-10T16:32:52","slug":"woocommerce-order-status-manager","status":"publish","type":"product","link":"https:\/\/gpl-love.com\/es\/producto\/woocommerce-order-status-manager\/","title":{"rendered":"woocommerce Order Status Manager 1.15.7"},"content":{"rendered":"<h3>woocommerce Order Status Manager Caracteristicas<\/h3>\n<p>WooCommerce Status Manager es una herramienta incre\u00edblemente potente y efectiva que sirve como un activo valioso para los proveedores en l\u00ednea que buscan optimizar sus operaciones y proporcionar un servicio al cliente de primer nivel. Este complemento cuenta con la impresionante capacidad de crear estados de pedido personalizados que se alinean a la perfecci\u00f3n con el flujo de trabajo \u00fanico de su negocio, todo mientras automatiza las actualizaciones de estado del pedido con precisi\u00f3n y facilidad. Al utilizar el administrador de estado de la orden de WooCommerce, los proveedores tienen la notable capacidad de mantener a sus valiosos clientes bien informados con respecto al progreso de sus pedidos, todos logrados convenientemente dentro de una plataforma centralizada \u00fanica. Este complemento robusto y rico en funciones facilita a\u00fan m\u00e1s la gesti\u00f3n y el seguimiento de los pedidos, asegurando que tales tareas se ejecuten sin esfuerzo. Adem\u00e1s, los atributos personalizables del gerente de estado del orden de WooCommerce capacitan a los proveedores para crear mensajes de estado de orden personalizado que se alineen armoniosamente con las necesidades y objetivos espec\u00edficos de su negocio. Claramente, el gerente de estado del pedido de WooCommerce es una herramienta indispensable para los proveedores en l\u00ednea ansiosos por elevar la experiencia general de sus clientes, administrar efectivamente sus pedidos con la mayor eficiencia y simplificar su flujo de trabajo general de manera perfecta.<\/p>\n<ul>\n<li>Administre sin esfuerzo los estados de pedido dentro de su tienda WooCommerce<\/li>\n<li>Personalice los estados de su pedido para satisfacer sus necesidades comerciales<\/li>\n<li>Realice un seguimiento de los pedidos desde el pago hasta la entrega<\/li>\n<li>Filtrar y buscar pedidos f\u00e1cilmente en funci\u00f3n de su estado<\/li>\n<li>Activar autom\u00e1ticamente acciones o enviar notificaciones basadas en los cambios de estado del pedido<\/li>\n<li>Mejorar la comunicaci\u00f3n del cliente al proporcionar actualizaciones de pedidos en tiempo real<\/li>\n<li>Agilizar su proceso de cumplimiento de su pedido<\/li>\n<li>Reducir los errores y los retrasos manteniendo la informaci\u00f3n clara y precisa del estado del pedido<\/li>\n<li>Rastrear y monitorear f\u00e1cilmente el progreso de cada pedido<\/li>\n<li>Compatible con una amplia gama de extensiones y complementos de WooCommerce<\/li>\n<\/ul>\n","protected":false},"excerpt":{"rendered":"<p>WooCommerce Order Status Manager es una herramienta extremadamente robusta y eficaz dise\u00f1ada meticulosamente para facilitar la simplificaci\u00f3n y racionalizaci\u00f3n del proceso de gesti\u00f3n de pedidos de una manera sin esfuerzo sin esfuerzo. Al utilizar este complemento notablemente ingenioso, est\u00e1 facultado para generar y supervisar sin esfuerzo los estados de pedido personalizados, automatizar el env\u00edo de notificaciones por correo electr\u00f3nico a sus valiosos clientes e incluso establecer alteraciones del estado de pedido autom\u00e1tico basado en condiciones altamente espec\u00edficas e individualizadas. Independientemente de si est\u00e1 operando una tienda en l\u00ednea diminuta o un colosal sitio de comercio electr\u00f3nico de proporciones monumentales, el impresionante gerente de estado de orden de WooCommerce es gratuitamente a su disposici\u00f3n, ayud\u00e1ndole diligentemente para mantener un sentido de una organizaci\u00f3n superior que optimiza en concurrencia su valioso su valioso su valioso tiempo.<\/p>\n","protected":false},"featured_media":168183,"comment_status":"open","ping_status":"open","template":"","meta":[],"product_brand":[2344],"product_cat":[1208,1207,1206],"product_tag":[1423],"class_list":{"0":"post-126674","1":"product","2":"type-product","3":"status-publish","4":"has-post-thumbnail","6":"product_brand-woocommerce","7":"product_cat-administracion","8":"product_cat-comercio-electronico-plugins","9":"product_cat-plugins","10":"product_tag-woocommerce","11":"member-discount","12":"discount-restricted","14":"first","15":"instock","16":"sale","17":"downloadable","18":"virtual","19":"sold-individually","20":"purchasable","21":"product-type-simple"},"_links":{"self":[{"href":"https:\/\/gpl-love.com\/es\/wp-json\/wp\/v2\/product\/126674","targetHints":{"allow":["GET"]}}],"collection":[{"href":"https:\/\/gpl-love.com\/es\/wp-json\/wp\/v2\/product"}],"about":[{"href":"https:\/\/gpl-love.com\/es\/wp-json\/wp\/v2\/types\/product"}],"replies":[{"embeddable":true,"href":"https:\/\/gpl-love.com\/es\/wp-json\/wp\/v2\/comments?post=126674"}],"wp:featuredmedia":[{"embeddable":true,"href":"https:\/\/gpl-love.com\/es\/wp-json\/wp\/v2\/media\/168183"}],"wp:attachment":[{"href":"https:\/\/gpl-love.com\/es\/wp-json\/wp\/v2\/media?parent=126674"}],"wp:term":[{"taxonomy":"product_brand","embeddable":true,"href":"https:\/\/gpl-love.com\/es\/wp-json\/wp\/v2\/product_brand?post=126674"},{"taxonomy":"product_cat","embeddable":true,"href":"https:\/\/gpl-love.com\/es\/wp-json\/wp\/v2\/product_cat?post=126674"},{"taxonomy":"product_tag","embeddable":true,"href":"https:\/\/gpl-love.com\/es\/wp-json\/wp\/v2\/product_tag?post=126674"}],"curies":[{"name":"wp","href":"https:\/\/api.w.org\/{rel}","templated":true}]}}