{"id":126670,"date":"2025-12-12T00:00:00","date_gmt":"2025-12-12T05:00:00","guid":{"rendered":"https:\/\/gpl-love.com\/es\/producto\/woocommerce-order-details\/"},"modified":"2026-03-09T08:23:25","modified_gmt":"2026-03-09T13:23:25","slug":"woocommerce-order-details","status":"publish","type":"product","link":"https:\/\/gpl-love.com\/es\/producto\/woocommerce-order-details\/","title":{"rendered":"WooCommerce Order Details 3.2"},"content":{"rendered":"<h3>WooCommerce Order Details Caracteristicas<\/h3>\n<p>Los detalles del pedido de WooCommerce sirven como una herramienta altamente eficiente y efectiva que le otorga la capacidad de supervisar y monitorear sin esfuerzo la totalidad de los pedidos de sus clientes dentro de un solo centro centralizado. A trav\u00e9s de la utilizaci\u00f3n de este notable software, se le presenta la oportunidad de examinar y modificar r\u00e1pidamente los detalles intrincados de cada orden individual, documentar y rastrear meticulosamente los detalles de env\u00edo y entrega, administrar con competencia las diversas alternativas de pago a su disposici\u00f3n, y a medida personalmente a medida Las correspondencias electr\u00f3nicas se transmitieron a su clientela, asegurando que est\u00e9n bien informadas e iluminadas durante cada paso de su viaje de compra. La interfaz extremadamente f\u00e1cil de usar hace que la navegaci\u00f3n y la gesti\u00f3n de grandes cantidades de pedidos sea un esfuerzo sin esfuerzo, mientras que la inclusi\u00f3n de funcionalidades de informes avanzados le permite permanecer bien informado y en control del rendimiento general de su empresa. Independientemente de si usted es el propietario de una modesta boutique en l\u00ednea o el supervisor de un extenso imperio de comercio electr\u00f3nico, los detalles del pedido de WooCommerce indudablemente se destacan como la soluci\u00f3n por excelencia a la optimizaci\u00f3n y el refinamiento de sus procesos de gesti\u00f3n de pedidos, fomentando as\u00ed la satisfacci\u00f3n del cliente mejorada y contentamiento.<\/p>\n<ul>\n<li>Detalles integrales del pedido: Nuestro producto genera un conjunto completo de datos para cada orden de WooCommerce, incluidos detalles del cliente, informaci\u00f3n del producto, direcciones de facturaci\u00f3n y env\u00edo, m\u00e9todo de pago y env\u00edo, ID de transacci\u00f3n y m\u00e1s.<\/li>\n<li><\/li>\n<li>Integraci\u00f3n f\u00e1cil: puede integrar f\u00e1cilmente nuestro producto con su tienda WooCommerce existente y comenzar a disfrutar de los beneficios del seguimiento y el an\u00e1lisis de pedidos detallados de inmediato.<\/li>\n<li><\/li>\n<li>Mayor eficiencia: con nuestro producto, puede optimizar sus procesos de gesti\u00f3n de pedidos y reducir los errores, ayud\u00e1ndole a ahorrar tiempo y aumentar la productividad.<\/li>\n<li><\/li>\n<li>Informes avanzados: nuestro producto le permite generar informes basados \u200b\u200ben los datos de su pedido, brind\u00e1ndole informaci\u00f3n sobre el rendimiento de su ventas, el comportamiento del cliente y m\u00e1s.<\/li>\n<li><\/li>\n<li>Dise\u00f1o receptivo: nuestro producto presenta un dise\u00f1o receptivo y amigable para los dispositivos m\u00f3viles que funciona sin problemas en los dispositivos, asegurando que pueda acceder y administrar los datos de su pedido desde cualquier lugar, en cualquier momento.<\/li>\n<li><\/li>\n<li>Seguro y confiable: utilizamos pr\u00e1cticas de seguridad l\u00edderes en la industria y medidas de protecci\u00f3n de datos para garantizar que los datos de su pedido siempre sean seguros y seguros.<\/li>\n<li><\/li>\n<li>Seguimiento en tiempo real: nuestro producto proporciona actualizaciones en tiempo real en sus pedidos, por lo que puede mantenerse al tanto de sus ventas y responder a sus clientes.<\/li>\n<li><\/li>\n<li>Opciones personalizables: nuestro producto ofrece una gama de opciones personalizables, lo que le permite adaptar los detalles del pedido a sus necesidades y preferencias espec\u00edficas.<\/li>\n<li><\/li>\n<li>Servicio al cliente mejorado: con nuestro producto, puede proporcionar un servicio al cliente m\u00e1s personalizado y eficiente, resolver problemas y responder preguntas de manera r\u00e1pida y precisa.<\/li>\n<li><\/li>\n<li>Precios asequibles: nuestro producto tiene un precio competitivo, lo que lo hace accesible para empresas de todos los tama\u00f1os y presupuestos.<\/li>\n<\/ul>\n","protected":false},"excerpt":{"rendered":"<p>Los detalles del pedido de WooCommerce son una herramienta muy beneficiosa que proporciona a los usuarios un examen extenso y profundo de todos los aspectos cruciales relacionados con sus \u00f3rdenes de WooCommerce. Esto abarca una gran cantidad de informaci\u00f3n valiosa, como el estado actual de los pedidos, los detalles intrincados del cliente, las direcciones meticulosas de env\u00edo y facturaci\u00f3n, detalles intrincados del producto, diversos m\u00e9todos de pago y mucho m\u00e1s. A trav\u00e9s de la utilizaci\u00f3n de esta herramienta inmensamente valiosa, los individuos pueden monitorear y regular sin esfuerzo y eficientemente sus \u00f3rdenes, al tiempo que adquieren ideas invaluables en su base de clientes. Posteriormente, esto permite a las empresas, independientemente de su escala, optimizar sin problemas sus procesos operativos, catalizando as\u00ed una mejora exponencial en la eficiencia general. En consecuencia, si uno es el propietario de una peque\u00f1a empresa modesta o una empresa colosal, los detalles del pedido de WooCommerce son una soluci\u00f3n impecable para optimizar el rendimiento de la tienda en l\u00ednea de uno, al tiempo que aumenta la experiencia general del cliente.<\/p>\n","protected":false},"featured_media":168181,"comment_status":"open","ping_status":"open","template":"","meta":[],"product_brand":[2339],"product_cat":[1208,1207,1206],"product_tag":[1256],"class_list":{"0":"post-126670","1":"product","2":"type-product","3":"status-publish","4":"has-post-thumbnail","6":"product_brand-codecanyon","7":"product_cat-administracion","8":"product_cat-comercio-electronico-plugins","9":"product_cat-plugins","10":"product_tag-codecanyon","11":"member-discount","12":"discount-restricted","14":"first","15":"instock","16":"sale","17":"downloadable","18":"virtual","19":"sold-individually","20":"purchasable","21":"product-type-simple"},"_links":{"self":[{"href":"https:\/\/gpl-love.com\/es\/wp-json\/wp\/v2\/product\/126670","targetHints":{"allow":["GET"]}}],"collection":[{"href":"https:\/\/gpl-love.com\/es\/wp-json\/wp\/v2\/product"}],"about":[{"href":"https:\/\/gpl-love.com\/es\/wp-json\/wp\/v2\/types\/product"}],"replies":[{"embeddable":true,"href":"https:\/\/gpl-love.com\/es\/wp-json\/wp\/v2\/comments?post=126670"}],"wp:featuredmedia":[{"embeddable":true,"href":"https:\/\/gpl-love.com\/es\/wp-json\/wp\/v2\/media\/168181"}],"wp:attachment":[{"href":"https:\/\/gpl-love.com\/es\/wp-json\/wp\/v2\/media?parent=126670"}],"wp:term":[{"taxonomy":"product_brand","embeddable":true,"href":"https:\/\/gpl-love.com\/es\/wp-json\/wp\/v2\/product_brand?post=126670"},{"taxonomy":"product_cat","embeddable":true,"href":"https:\/\/gpl-love.com\/es\/wp-json\/wp\/v2\/product_cat?post=126670"},{"taxonomy":"product_tag","embeddable":true,"href":"https:\/\/gpl-love.com\/es\/wp-json\/wp\/v2\/product_tag?post=126670"}],"curies":[{"name":"wp","href":"https:\/\/api.w.org\/{rel}","templated":true}]}}