{"id":126668,"date":"2025-12-18T00:00:00","date_gmt":"2025-12-18T05:00:00","guid":{"rendered":"https:\/\/gpl-love.com\/es\/producto\/woocommerce-order-delivery\/"},"modified":"2026-03-09T08:23:24","modified_gmt":"2026-03-09T13:23:24","slug":"woocommerce-order-delivery","status":"publish","type":"product","link":"https:\/\/gpl-love.com\/es\/producto\/woocommerce-order-delivery\/","title":{"rendered":"WooCommerce Order Delivery 3.6.5"},"content":{"rendered":"<h3>WooCommerce Order Delivery Caracteristicas<\/h3>\n<p>La entrega de pedidos de WooCommerce se presenta como un complemento robusto e influyente que atiende a las necesidades de los propietarios de tiendas en l\u00ednea que deseen optimizar sus procedimientos de entrega de pedidos. Al integrar este complemento en sus tiendas en l\u00ednea, los propietarios capacitan a los clientes para que muestren una fecha y hora de entrega que armoniza con su horario personal, asegurando as\u00ed que los productos se reciban convenientemente en el momento m\u00e1s oportuno. Este complemento tambi\u00e9n confiere a los propietarios la capacidad de establecer los horarios de entrega, determinar las tarifas de entrega y configurar otras configuraciones de entrega pertinentes. Adem\u00e1s, a trav\u00e9s de una interfaz de back-end f\u00e1cil de usar e intuitiva, los propietarios pueden supervisar sin esfuerzo los pedidos de los clientes y los horarios de entrega. Al aprovechar las capacidades de la entrega de pedidos de WooCommerce, los propietarios de tiendas en l\u00ednea pueden proporcionar sin esfuerzo a sus clientes una experiencia de entrega mejorada y a medida, produciendo niveles aumentados de satisfacci\u00f3n del cliente y generar lealtad inquebrantable.<\/p>\n<ul>\n<li>Agiliza el proceso de entrega para las \u00f3rdenes de WooCommerce<\/li>\n<li>Permite a los clientes elegir la fecha y hora de entrega durante el pago<\/li>\n<li>Permite la personalizaci\u00f3n de las opciones de entrega en funci\u00f3n de la ubicaci\u00f3n, el m\u00e9todo de env\u00edo y el total de pedidos<\/li>\n<li>Permite el seguimiento del estado de entrega y las notificaciones para clientes y gerentes de tiendas<\/li>\n<li>Proporciona una visi\u00f3n general clara del horario de entrega y la ruta para los conductores de entrega<\/li>\n<li>Puede integrarse con servicios de entrega de terceros para una flexibilidad adicional<\/li>\n<li>Disponible en varios idiomas<\/li>\n<li>Se puede instalar y configurar f\u00e1cilmente con WooCommerce Store<\/li>\n<li>Equipo de atenci\u00f3n al cliente dedicado disponible para asistencia<\/li>\n<\/ul>\n","protected":false},"excerpt":{"rendered":"<p>La entrega de pedidos de WooCommerce, un complemento altamente funcional, ofrece a los clientes la notable oportunidad de seleccionar sin esfuerzo una fecha y hora de su preferencia por la entrega de sus art\u00edculos comprados en su estimada tienda en l\u00ednea. Al empoderar a los clientes con tal nivel de control, este complemento excepcional mejora significativamente la experiencia general del cliente, lo que lleva a un mayor nivel de satisfacci\u00f3n y una mayor probabilidad de que los clientes regresen para futuras compras. Adem\u00e1s, este complemento extraordinario abarca varias caracter\u00edsticas avanzadas, como la capacidad de imponer restricciones a la cantidad de pedidos permitidos en un d\u00eda determinado y la flexibilidad para establecer programas de entrega personalizados. Con su interfaz f\u00e1cil de usar y su integraci\u00f3n perfecta, este complemento sirve para optimizar y optimizar todo el proceso de entrega, atendiendo las necesidades y deseos de los clientes y propietarios de tiendas por igual.<\/p>\n","protected":false},"featured_media":168180,"comment_status":"open","ping_status":"open","template":"","meta":[],"product_brand":[2344],"product_cat":[1208,1207,1206],"product_tag":[1423],"class_list":{"0":"post-126668","1":"product","2":"type-product","3":"status-publish","4":"has-post-thumbnail","6":"product_brand-woocommerce","7":"product_cat-administracion","8":"product_cat-comercio-electronico-plugins","9":"product_cat-plugins","10":"product_tag-woocommerce","11":"member-discount","12":"discount-restricted","14":"first","15":"instock","16":"sale","17":"downloadable","18":"virtual","19":"sold-individually","20":"purchasable","21":"product-type-simple"},"_links":{"self":[{"href":"https:\/\/gpl-love.com\/es\/wp-json\/wp\/v2\/product\/126668","targetHints":{"allow":["GET"]}}],"collection":[{"href":"https:\/\/gpl-love.com\/es\/wp-json\/wp\/v2\/product"}],"about":[{"href":"https:\/\/gpl-love.com\/es\/wp-json\/wp\/v2\/types\/product"}],"replies":[{"embeddable":true,"href":"https:\/\/gpl-love.com\/es\/wp-json\/wp\/v2\/comments?post=126668"}],"wp:featuredmedia":[{"embeddable":true,"href":"https:\/\/gpl-love.com\/es\/wp-json\/wp\/v2\/media\/168180"}],"wp:attachment":[{"href":"https:\/\/gpl-love.com\/es\/wp-json\/wp\/v2\/media?parent=126668"}],"wp:term":[{"taxonomy":"product_brand","embeddable":true,"href":"https:\/\/gpl-love.com\/es\/wp-json\/wp\/v2\/product_brand?post=126668"},{"taxonomy":"product_cat","embeddable":true,"href":"https:\/\/gpl-love.com\/es\/wp-json\/wp\/v2\/product_cat?post=126668"},{"taxonomy":"product_tag","embeddable":true,"href":"https:\/\/gpl-love.com\/es\/wp-json\/wp\/v2\/product_tag?post=126668"}],"curies":[{"name":"wp","href":"https:\/\/api.w.org\/{rel}","templated":true}]}}