{"id":126664,"date":"2024-10-03T00:00:00","date_gmt":"2024-10-03T05:00:00","guid":{"rendered":"https:\/\/gpl-love.com\/es\/producto\/woocommerce-order-approval\/"},"modified":"2026-04-10T11:32:49","modified_gmt":"2026-04-10T16:32:49","slug":"woocommerce-order-approval","status":"publish","type":"product","link":"https:\/\/gpl-love.com\/es\/producto\/woocommerce-order-approval\/","title":{"rendered":"WooCommerce Order Approval 9.4"},"content":{"rendered":"<h3>WooCommerce Order Approval Caracteristicas<\/h3>\n<p>El complemento de aprobaci\u00f3n de la orden de WooCommerce es una herramienta indispensable para los propietarios de tiendas que buscan optimizar su sistema de procesamiento de pedidos de manera perfecta. Al incorporar este complemento en su sitio web, tendr\u00e1 la capacidad de administrar sin esfuerzo sus pedidos mediante el establecimiento de flujos de trabajo de aprobaci\u00f3n que se adapten a sus requisitos espec\u00edficos. La versatilidad de este complemento permite la asignaci\u00f3n de m\u00faltiples aprobadores para cada orden individual, a cada uno de los cuales puede asignarse roles y permisos distintos. Tras la presentaci\u00f3n de una orden, se llevar\u00e1 a cabo temporalmente para su aprobaci\u00f3n, lo que le permitir\u00e1 acceder convenientemente a una lista completa de \u00f3rdenes pendientes que requieren la aprobaci\u00f3n. Adem\u00e1s, la provisi\u00f3n de notificaciones de correo electr\u00f3nico automatizadas sirve para informar de inmediato a los aprobadores cada vez que un pedido requiere su atenci\u00f3n indivisa. En consecuencia, adoptar la utilizaci\u00f3n de este complemento le permitir\u00e1 garantizar que cada pedido sea meticulosamente revisado y aprobado antes del comienzo de la etapa de procesamiento, en consecuencia, mitiga la probabilidad de errores y sirve para mejorar la experiencia general del cliente.<\/p>\n<ul>\n<li>Permite a los propietarios de tiendas aprobar o rechazar pedidos antes de procesar el pago<\/li>\n<li>Dar a los propietarios de tiendas un mejor control sobre el proceso de cumplimiento del pedido<\/li>\n<li>Evite el procesamiento de pagos de pedidos que requieren informaci\u00f3n o confirmaci\u00f3n adicional<\/li>\n<li>Reliminar la comunicaci\u00f3n entre propietarios de tiendas y clientes<\/li>\n<li>Ayuda a reducir la probabilidad de procesar pedidos fraudulentos<\/li>\n<li>Funciona sin problemas con los flujos de trabajo y herramientas de WooCommerce existentes<\/li>\n<li>Mejora la satisfacci\u00f3n general del cliente al garantizar que los pedidos se cumplan con precisi\u00f3n y oportuno<\/li>\n<li>Se puede personalizar f\u00e1cilmente para satisfacer las necesidades \u00fanicas del propietario de cada tienda<\/li>\n<li>Ahorra tiempo y esfuerzo al automatizar el proceso de aprobaci\u00f3n de pedidos<\/li>\n<li>Proporciona informaci\u00f3n valiosa sobre los patrones y el comportamiento de pedidos de los clientes.<\/li>\n<\/ul>\n","protected":false},"excerpt":{"rendered":"<p>La aprobaci\u00f3n del pedido de WooCommerce, una herramienta robusta meticulosamente elaborada para facilitar la gesti\u00f3n eficiente de los flujos de trabajo de pedidos para las empresas, demuestra ser indispensable. Este ingenioso complemento capacita a los propietarios de tiendas con la capacidad de aprobar o desaprobar meticulosamente las solicitudes de pedido antes de embarcarse en la fase de procesamiento, garantizando as\u00ed las entregas de productos precisas y puntuales. Tenga la seguridad de que, con la aprobaci\u00f3n de la orden de WooCommerce, el establecimiento de las regulaciones de aprobaci\u00f3n del pedido, que abarca la determinaci\u00f3n de valores m\u00ednimos de orden o restricciones en las cantidades de pedidos, se convierte en una tarea simple. Adem\u00e1s, el repertorio del complemento abarca notificaciones de correo electr\u00f3nico personalizables y una interfaz f\u00e1cil de usar, facilitando as\u00ed la gesti\u00f3n de pedidos sin problemas desde el comienzo hasta la culminaci\u00f3n. Ya sea que se encargue de la gesti\u00f3n de una modesta tienda en l\u00ednea o una gran empresa, la aprobaci\u00f3n del pedido de WooCommerce surge como la soluci\u00f3n definitiva, simplificando competentemente su flujo de trabajo de pedido mientras refuerza simult\u00e1neamente la satisfacci\u00f3n del cliente.<\/p>\n","protected":false},"featured_media":168178,"comment_status":"open","ping_status":"open","template":"","meta":[],"product_brand":[2339],"product_cat":[1208,1207,1206],"product_tag":[1256],"class_list":{"0":"post-126664","1":"product","2":"type-product","3":"status-publish","4":"has-post-thumbnail","6":"product_brand-codecanyon","7":"product_cat-administracion","8":"product_cat-comercio-electronico-plugins","9":"product_cat-plugins","10":"product_tag-codecanyon","11":"member-discount","12":"discount-restricted","14":"first","15":"instock","16":"sale","17":"downloadable","18":"virtual","19":"sold-individually","20":"purchasable","21":"product-type-simple"},"_links":{"self":[{"href":"https:\/\/gpl-love.com\/es\/wp-json\/wp\/v2\/product\/126664","targetHints":{"allow":["GET"]}}],"collection":[{"href":"https:\/\/gpl-love.com\/es\/wp-json\/wp\/v2\/product"}],"about":[{"href":"https:\/\/gpl-love.com\/es\/wp-json\/wp\/v2\/types\/product"}],"replies":[{"embeddable":true,"href":"https:\/\/gpl-love.com\/es\/wp-json\/wp\/v2\/comments?post=126664"}],"wp:featuredmedia":[{"embeddable":true,"href":"https:\/\/gpl-love.com\/es\/wp-json\/wp\/v2\/media\/168178"}],"wp:attachment":[{"href":"https:\/\/gpl-love.com\/es\/wp-json\/wp\/v2\/media?parent=126664"}],"wp:term":[{"taxonomy":"product_brand","embeddable":true,"href":"https:\/\/gpl-love.com\/es\/wp-json\/wp\/v2\/product_brand?post=126664"},{"taxonomy":"product_cat","embeddable":true,"href":"https:\/\/gpl-love.com\/es\/wp-json\/wp\/v2\/product_cat?post=126664"},{"taxonomy":"product_tag","embeddable":true,"href":"https:\/\/gpl-love.com\/es\/wp-json\/wp\/v2\/product_tag?post=126664"}],"curies":[{"name":"wp","href":"https:\/\/api.w.org\/{rel}","templated":true}]}}