{"id":126662,"date":"2024-09-27T00:00:00","date_gmt":"2024-09-27T05:00:00","guid":{"rendered":"https:\/\/gpl-love.com\/es\/producto\/woocommerce-opayo-formally-sagepay\/"},"modified":"2026-04-10T11:32:48","modified_gmt":"2026-04-10T16:32:48","slug":"woocommerce-opayo-formally-sagepay","status":"publish","type":"product","link":"https:\/\/gpl-love.com\/es\/producto\/woocommerce-opayo-formally-sagepay\/","title":{"rendered":"WooCommerce Opayo (formally SagePay) 5.16.1"},"content":{"rendered":"<h3>WooCommerce Opayo (formally SagePay) Caracteristicas<\/h3>\n<p>WooCommerce Opayo, anteriormente conocido como Sagepay, ofrece a las empresas una plataforma de pago en l\u00ednea que les permite recibir de forma segura los pagos de los clientes. Al aprovechar WooCommerce Opayo, las empresas pueden aceptar sin esfuerzo los pagos de una amplia gama de fuentes, abarcar tarjetas de d\u00e9bito y cr\u00e9dito, PayPal, as\u00ed como Apple Pay. En particular, este sistema posee una facilidad de uso innato y se integra perfectamente con WooCommerce, facilitando as\u00ed la gesti\u00f3n perfecta de los pagos en l\u00ednea para las empresas. Adem\u00e1s, WooCommerce Opayo cuenta con caracter\u00edsticas de seguridad excepcionales como la autenticaci\u00f3n segura 3D, que salvaguardan diligentemente los intereses tanto de la entidad comercial como de sus valiosos clientes. Dada su inquebrantable confiabilidad y capacidades de procesamiento de pagos convenientes, WooCommerce Opayo surge como la elecci\u00f3n por excelencia para cualquier negocio exigente que busca optimizar y optimizar su sistema de pago en l\u00ednea.<\/p>\n<ul>\n<li>Soluci\u00f3n de pago seguro para las tiendas de WooCommerce utilizando la pasarela de pago Opayo (anteriormente Sagepay)<\/li>\n<li>Se integra a la perfecci\u00f3n con WooCommerce para proporcionar una experiencia de pago f\u00e1cil de usar<\/li>\n<li>Cifra la informaci\u00f3n de la tarjeta de cr\u00e9dito para una mejor seguridad y protecci\u00f3n de fraude<\/li>\n<li>Ofrece una gama de opciones de pago, que incluyen tarjetas de cr\u00e9dito\/d\u00e9bito, PayPal y m\u00e1s<\/li>\n<li>Admite pagos recurrentes para empresas basadas en suscripci\u00f3n<\/li>\n<li>Proporciona informes de ventas e historial de transacciones para fines de gesti\u00f3n de inventario y contabilidad<\/li>\n<li>Opci\u00f3n para permitir a los clientes ahorrar su informaci\u00f3n de pago para futuras compras<\/li>\n<li>Se integra con 3D Secure para mayor seguridad durante las transacciones en l\u00ednea<\/li>\n<li>Acceso al servicio al cliente y el soporte t\u00e9cnico de Opayo para la resoluci\u00f3n de cualquier problema de procesamiento de pagos.<\/li>\n<li>Cumple con PCI DSS (est\u00e1ndar de seguridad de datos de la industria de tarjetas de pago) para garantizar que los datos de negocios y clientes sean completamente seguros.<\/li>\n<\/ul>\n","protected":false},"excerpt":{"rendered":"<p>WooCommerce Opayo, anteriormente reconocido como Sagepay, es un complemento de pasarela de pago altamente eficiente dise\u00f1ado meticulosamente para WooCommerce. Este notable complemento le permite recibir pagos en l\u00ednea sin esfuerzo y de forma segura de tarjetas de cr\u00e9dito y cr\u00e9dito prominentes. Al utilizar WooCommerce Opayo, puede procesar sin problemas los pagos con la m\u00e1xima velocidad y confiabilidad, disminuyendo as\u00ed la posibilidad de transacciones enga\u00f1osas y garantizar el cumplimiento continuo de su tienda en l\u00ednea con est\u00e1ndares PCI-DSS. Ya sea que se est\u00e9 embarcando en una nueva empresa o con el objetivo de optimizar sus procedimientos de pago, WooCommerce Opayo surge como el remedio ideal para cualquier sitio web de WordPress, ofreciendo una experiencia de pago incomparable tanto para usted como para sus valiosos clientes.<\/p>\n","protected":false},"featured_media":168177,"comment_status":"open","ping_status":"open","template":"","meta":[],"product_brand":[2344],"product_cat":[1207,1426,1206],"product_tag":[1423],"class_list":{"0":"post-126662","1":"product","2":"type-product","3":"status-publish","4":"has-post-thumbnail","6":"product_brand-woocommerce","7":"product_cat-comercio-electronico-plugins","8":"product_cat-pago-comercio-electronico-plugins","9":"product_cat-plugins","10":"product_tag-woocommerce","11":"member-discount","12":"discount-restricted","14":"first","15":"instock","16":"sale","17":"downloadable","18":"virtual","19":"sold-individually","20":"purchasable","21":"product-type-simple"},"_links":{"self":[{"href":"https:\/\/gpl-love.com\/es\/wp-json\/wp\/v2\/product\/126662","targetHints":{"allow":["GET"]}}],"collection":[{"href":"https:\/\/gpl-love.com\/es\/wp-json\/wp\/v2\/product"}],"about":[{"href":"https:\/\/gpl-love.com\/es\/wp-json\/wp\/v2\/types\/product"}],"replies":[{"embeddable":true,"href":"https:\/\/gpl-love.com\/es\/wp-json\/wp\/v2\/comments?post=126662"}],"wp:featuredmedia":[{"embeddable":true,"href":"https:\/\/gpl-love.com\/es\/wp-json\/wp\/v2\/media\/168177"}],"wp:attachment":[{"href":"https:\/\/gpl-love.com\/es\/wp-json\/wp\/v2\/media?parent=126662"}],"wp:term":[{"taxonomy":"product_brand","embeddable":true,"href":"https:\/\/gpl-love.com\/es\/wp-json\/wp\/v2\/product_brand?post=126662"},{"taxonomy":"product_cat","embeddable":true,"href":"https:\/\/gpl-love.com\/es\/wp-json\/wp\/v2\/product_cat?post=126662"},{"taxonomy":"product_tag","embeddable":true,"href":"https:\/\/gpl-love.com\/es\/wp-json\/wp\/v2\/product_tag?post=126662"}],"curies":[{"name":"wp","href":"https:\/\/api.w.org\/{rel}","templated":true}]}}